{"id":1168,"date":"2020-10-21T09:56:52","date_gmt":"2020-10-21T09:56:52","guid":{"rendered":"http:\/\/iriadacunha.com\/FundacionBBVA2015\/?page_id=1168"},"modified":"2024-02-28T12:42:11","modified_gmt":"2024-02-28T11:42:11","slug":"ramon-y-cajal-2016-2020-2","status":"publish","type":"page","link":"https:\/\/iriadacunha.com\/FundacionBBVA2015\/es\/ramon-y-cajal-2016-2020-2\/","title":{"rendered":"Ram\u00f3n y Cajal 2016-2020"},"content":{"rendered":"<p><strong>Discurso y Procesamiento del Lenguaje Natural (<\/strong><strong>RYC-2014-16935)<\/strong><\/p>\n<p>Proyecto de investigaci\u00f3n llevado a cabo en el\u00a0<a href=\"https:\/\/www.uned.es\/universidad\/\/facultades\/departamentos\/filologias-extranjeras-y-sus-linguisticas.html\" target=\"_blank\" rel=\"noopener noreferrer\">Departamento de Filolog\u00edas Extranjeras y sus Ling\u00fc\u00edsticas<\/a>\u00a0de la\u00a0\u00a0<a href=\"https:\/\/www.uned.es\/universidad\/facultades\/filologia.html\" target=\"_blank\" rel=\"noopener noreferrer\">Facultad de Filolog\u00eda<\/a>\u00a0de la\u00a0\u00a0<a href=\"https:\/\/www.uned.es\/universidad\/inicio.html\" target=\"_blank\" rel=\"noopener noreferrer\">Universidad Nacional de Educaci\u00f3n a Distancia (UNED)\u00a0<\/a>en el marco del grupo\u00a0<a href=\"http:\/\/portal.uned.es\/portal\/page?_pageid=93,8840791&amp;_dad=portal&amp;_schema=PORTAL\" target=\"_blank\" rel=\"noopener noreferrer\">ACTUALing<\/a>, con la colaboraci\u00f3n del grupo\u00a0<a href=\"https:\/\/www.upf.edu\/es\/web\/iulaterm\" target=\"_blank\" rel=\"noopener noreferrer\">IULATERM<\/a>.<\/p>\n<p class=\"alignnone\"><a href=\"https:\/\/www.uned.es\/universidad\/facultades\/filologia.html\" target=\"_blank\" rel=\"noopener noreferrer\"><img decoding=\"async\" loading=\"lazy\" class=\"alignnone wp-image-981\" src=\"http:\/\/iriadacunha.com\/FundacionBBVA2015\/wp-content\/uploads\/2020\/08\/logo_UNED_Facultad_Filolog\u00eda-300x143.png\" alt=\"logo_UNED_Facultad_Filolog\u00eda\" width=\"231\" height=\"110\" \/>\u00a0\u00a0<\/a><a href=\"http:\/\/portal.uned.es\/portal\/page?_pageid=93,8840791&amp;_dad=portal&amp;_schema=PORTAL\" target=\"_blank\" rel=\"noopener noreferrer\"><img decoding=\"async\" loading=\"lazy\" class=\"alignnone wp-image-109\" src=\"http:\/\/iriadacunha.com\/FundacionBBVA2015\/wp-content\/uploads\/2016\/03\/actualing.png\" alt=\"actualing\" width=\"242\" height=\"63\" \/><\/a><\/p>\n<h6><span style=\"color: #333399;\"><strong>FINANCIACI\u00d3N<\/strong><\/span><\/h6>\n<p><a href=\"https:\/\/www.ciencia.gob.es\/portal\/site\/MICINN\/\" target=\"_blank\" rel=\"noopener noreferrer\"><img decoding=\"async\" loading=\"lazy\" class=\"alignnone wp-image-825 size-medium\" src=\"http:\/\/iriadacunha.com\/FundacionBBVA2015\/wp-content\/uploads\/2020\/08\/logo_ministerio-300x79.jpg\" alt=\"logo_ministerio\" width=\"300\" height=\"79\" srcset=\"https:\/\/iriadacunha.com\/FundacionBBVA2015\/wp-content\/uploads\/2020\/08\/logo_ministerio-300x79.jpg 300w, https:\/\/iriadacunha.com\/FundacionBBVA2015\/wp-content\/uploads\/2020\/08\/logo_ministerio.jpg 355w\" sizes=\"(max-width: 300px) 100vw, 300px\" \/><br \/>\n<\/a>Este proyecto se ha llevado a cabo\u00a0gracias a la financiaci\u00f3n adicional asociada a un contrato Ram\u00f3n y Cajal obtenido en la\u00a0convocatoria 2014 (Ministerio de Ciencia, Investigaci\u00f3n y Universidades).<\/p>\n<p>Presupuesto: 40.000 euros.<\/p>\n<h6><span style=\"color: #333399;\"><strong>OBJETIVOS Y METODOLOG\u00cdA<\/strong><\/span><\/h6>\n<p>El proyecto tiene dos<strong> objetivos principales<\/strong>:<\/p>\n<p>OBJETIVO 1. Implementar un panel de administraci\u00f3n para la gesti\u00f3n de los contenidos del sistema arText, con el objetivo de poder:<\/p>\n<ul>\n<li>A\u00f1adir nuevos \u00e1mbitos especializados.<\/li>\n<li>Incorporar nuevos g\u00e9neros textuales y sus estructuras (apartados, t\u00edtulos, contenidos, etc.).<\/li>\n<li>Asociar recomendaciones ling\u00fc\u00edsticas a cada g\u00e9nero textual.<\/li>\n<\/ul>\n<p>OBJETIVO 2. A\u00f1adir en el sistema arText un nuevo \u00e1mbito de trabajo relacionado con la escritura de textos acad\u00e9micos, que contiene el g\u00e9nero textual &#8220;<strong>Trabajo de fin de grado (TFG)<\/strong>&#8221;\u00a0para poner a disposici\u00f3n de los estudiantes universitarios <strong>de cualquier especialidad<\/strong> la opci\u00f3n de redactar sus TFG en espa\u00f1ol con esta herramienta gratuita y en l\u00ednea. Para su implementaci\u00f3n se han utilizado los materiales del siguiente libro sobre el TFG y el TFM, recomendado actualmente en m\u00faltiples universidad espa\u00f1olas:<\/p>\n<p><a href=\"http:\/\/iriadacunha.com\/FundacionBBVA2015\/wp-content\/uploads\/2020\/10\/libro_TFG_TFM.png\" target=\"_blank\" rel=\"noopener noreferrer\"><img decoding=\"async\" loading=\"lazy\" class=\"alignleft wp-image-1170 \" src=\"http:\/\/iriadacunha.com\/FundacionBBVA2015\/wp-content\/uploads\/2020\/10\/libro_TFG_TFM-199x300.png\" alt=\"libro_TFG_TFM\" width=\"135\" height=\"204\" srcset=\"https:\/\/iriadacunha.com\/FundacionBBVA2015\/wp-content\/uploads\/2020\/10\/libro_TFG_TFM-199x300.png 199w, https:\/\/iriadacunha.com\/FundacionBBVA2015\/wp-content\/uploads\/2020\/10\/libro_TFG_TFM-251x380.png 251w, https:\/\/iriadacunha.com\/FundacionBBVA2015\/wp-content\/uploads\/2020\/10\/libro_TFG_TFM.png 548w\" sizes=\"(max-width: 135px) 100vw, 135px\" \/><\/a><\/p>\n<p>&nbsp;<\/p>\n<p>&nbsp;<\/p>\n<p>da Cunha, Iria (2016).\u00a0<a href=\"http:\/\/www.editorialuoc.com\/el-trabajo-de-fin-de-grado-y-de-master\" target=\"_blank\" rel=\"noopener noreferrer\"><em>El trabajo de fin de grado y de m\u00e1ster: Redacci\u00f3n, defensa y publicaci\u00f3n<\/em><\/a>. Barcelona:\u00a0Editorial UOC. ISBN 9788490643907<\/p>\n<p>&nbsp;<\/p>\n<p>&nbsp;<\/p>\n<table width=\"0\">\n<tbody>\n<tr>\n<td style=\"text-align: center;\" colspan=\"4\" width=\"620\"><strong>METODOLOG\u00cdA<\/strong><\/td>\n<\/tr>\n<tr>\n<td width=\"155\">FASE 1<\/td>\n<td width=\"154\">FASE 2<\/td>\n<td width=\"155\">FASE 3<\/td>\n<td width=\"156\">FASE 4<\/td>\n<\/tr>\n<tr>\n<td width=\"155\">Implementaci\u00f3n del panel de administraci\u00f3n para la gesti\u00f3n de contenidos en arText.<\/td>\n<td width=\"154\">Mediante el nuevo panel de administraci\u00f3n, integraci\u00f3n en\u00a0arText de una herramienta\u00a0para la redacci\u00f3n del TFG de cualquier especialidad.<\/td>\n<td width=\"155\">Evaluaci\u00f3n de la herramienta para la redacci\u00f3n el TFG , a trav\u00e9s de una tarea escrita con arText y una encuesta de valoraci\u00f3n a estudiantes universitarios.<\/td>\n<td width=\"156\">Difusi\u00f3n de la herramienta.<\/td>\n<\/tr>\n<\/tbody>\n<\/table>\n<h6><span style=\"color: #333399;\"><strong>EQUIPO<\/strong><\/span><\/h6>\n<ul>\n<li><a href=\"http:\/\/iriadacunha.com\/\" target=\"_blank\" rel=\"noopener noreferrer\">Iria da Cunha<\/a>\u00a0(directora) (UNED)<\/li>\n<li>Luis Hysa<\/li>\n<\/ul>\n<h6><span style=\"color: #333399;\"><strong>ENTIDADES COLABORADORAS<\/strong><\/span><\/h6>\n<p><a href=\"https:\/\/www.upf.edu\/es\/web\/iulaterm\" target=\"_blank\" rel=\"noopener noreferrer\"><img decoding=\"async\" loading=\"lazy\" class=\"alignnone wp-image-913\" src=\"http:\/\/iriadacunha.com\/FundacionBBVA2015\/wp-content\/uploads\/2020\/08\/iulaterm.png\" alt=\"iulaterm\" width=\"189\" height=\"62\" \/><\/a><\/p>\n<h6><span style=\"color: #333399;\"><strong>PRODUCCI\u00d3N CIENT\u00cdFICA<\/strong><\/span><\/h6>\n<p>La metodolog\u00eda y resultados de este trabajo\u00a0se incluyen en el siguiente art\u00edculo:<\/p>\n<p>da Cunha, Iria (2020).\u00a0\u00ab<a href=\"https:\/\/rua.ua.es\/dspace\/bitstream\/10045\/108311\/1\/ELUA_34_02.pdf\" target=\"_blank\" rel=\"noopener noreferrer\">Una herramienta TIC para la redacci\u00f3n del Trabajo de Fin de Grado (TFG)\u00bb<\/a>.\u00a0<em>ELUA: Estudios de Ling\u00fc\u00edstica. Universidad de Alicante<\/em>\u00a034. 39-72.<\/p>\n<p>Para ver el resto de producci\u00f3n cient\u00edfica relacionada con el sistema arText, pincha\u00a0<a href=\"http:\/\/iriadacunha.com\/FundacionBBVA2015\/es\/publicaciones\/\" target=\"_blank\" rel=\"noopener noreferrer\">aqu\u00ed<\/a>.<\/p>\n<h6><strong><span style=\"color: #1e1e9c;\">NOTICIAS<\/span><\/strong><\/h6>\n<p>Pincha\u00a0<a href=\"http:\/\/iriadacunha.com\/FundacionBBVA2015\/es\/noticias\/\" target=\"_blank\" rel=\"noopener noreferrer\">aqu\u00ed<\/a>.<\/p>\n","protected":false},"excerpt":{"rendered":"<p>Discurso y Procesamiento del Lenguaje Natural (RYC-2014-16935) Proyecto de investigaci\u00f3n llevado a cabo en el\u00a0Departamento de Filolog\u00edas Extranjeras y sus Ling\u00fc\u00edsticas\u00a0de la\u00a0\u00a0Facultad de Filolog\u00eda\u00a0de la\u00a0\u00a0Universidad Nacional de Educaci\u00f3n a Distancia (UNED)\u00a0en el marco del grupo\u00a0ACTUALing, con la colaboraci\u00f3n del grupo\u00a0IULATERM. \u00a0\u00a0 FINANCIACI\u00d3N Este proyecto se ha llevado a cabo\u00a0gracias a la financiaci\u00f3n adicional asociada a &hellip; <a href=\"https:\/\/iriadacunha.com\/FundacionBBVA2015\/es\/ramon-y-cajal-2016-2020-2\/\" class=\"more-link\">Continue reading <span class=\"screen-reader-text\">Ram\u00f3n y Cajal 2016-2020<\/span><\/a><\/p>\n","protected":false},"author":1,"featured_media":0,"parent":0,"menu_order":0,"comment_status":"closed","ping_status":"closed","template":"","meta":{"footnotes":""},"_links":{"self":[{"href":"https:\/\/iriadacunha.com\/FundacionBBVA2015\/wp-json\/wp\/v2\/pages\/1168"}],"collection":[{"href":"https:\/\/iriadacunha.com\/FundacionBBVA2015\/wp-json\/wp\/v2\/pages"}],"about":[{"href":"https:\/\/iriadacunha.com\/FundacionBBVA2015\/wp-json\/wp\/v2\/types\/page"}],"author":[{"embeddable":true,"href":"https:\/\/iriadacunha.com\/FundacionBBVA2015\/wp-json\/wp\/v2\/users\/1"}],"replies":[{"embeddable":true,"href":"https:\/\/iriadacunha.com\/FundacionBBVA2015\/wp-json\/wp\/v2\/comments?post=1168"}],"version-history":[{"count":12,"href":"https:\/\/iriadacunha.com\/FundacionBBVA2015\/wp-json\/wp\/v2\/pages\/1168\/revisions"}],"predecessor-version":[{"id":4083,"href":"https:\/\/iriadacunha.com\/FundacionBBVA2015\/wp-json\/wp\/v2\/pages\/1168\/revisions\/4083"}],"wp:attachment":[{"href":"https:\/\/iriadacunha.com\/FundacionBBVA2015\/wp-json\/wp\/v2\/media?parent=1168"}],"curies":[{"name":"wp","href":"https:\/\/api.w.org\/{rel}","templated":true}]}}