{"id":1176,"date":"2020-10-21T09:56:38","date_gmt":"2020-10-21T09:56:38","guid":{"rendered":"http:\/\/iriadacunha.com\/FundacionBBVA2015\/?page_id=1176"},"modified":"2024-02-28T12:42:23","modified_gmt":"2024-02-28T11:42:23","slug":"ramon-y-cajal-2016-2020","status":"publish","type":"page","link":"https:\/\/iriadacunha.com\/FundacionBBVA2015\/en\/ramon-y-cajal-2016-2020\/","title":{"rendered":"Ram\u00f3n y Cajal 2016-2020"},"content":{"rendered":"<p><strong>Discourse and Natural Language Processing (<em>Discourse and Natural Language Processing<\/em>) (<\/strong><strong>RYC-2014-16935)<\/strong><\/p>\n<p>Research project developed at\u00a0<a href=\"https:\/\/www.uned.es\/universidad\/\/facultades\/departamentos\/filologias-extranjeras-y-sus-linguisticas.html\" target=\"_blank\" rel=\"noopener noreferrer\">Departamento de Filolog\u00edas Extranjeras y sus Ling\u00fc\u00edsticas<\/a>\u00a0from the\u00a0<a href=\"https:\/\/www.uned.es\/universidad\/facultades\/filologia.html\" target=\"_blank\" rel=\"noopener noreferrer\">Facultad de Filolog\u00eda<\/a>\u00a0in\u00a0<a href=\"https:\/\/www.uned.es\/universidad\/inicio.html\" target=\"_blank\" rel=\"noopener noreferrer\">Universidad Nacional de Educaci\u00f3n a Distancia (UNED)<\/a>, in the framework of the\u00a0\u00a0<a href=\"http:\/\/portal.uned.es\/portal\/page?_pageid=93,8840791&amp;_dad=portal&amp;_schema=PORTAL\" target=\"_blank\" rel=\"noopener noreferrer\">ACTUALing<\/a>\u00a0research group, with the collaboration of the\u00a0<a href=\"https:\/\/www.upf.edu\/es\/web\/iulaterm\" target=\"_blank\" rel=\"noopener noreferrer\">IULATERM<\/a>\u00a0group\u00a0.<\/p>\n<p class=\"alignnone\"><a href=\"https:\/\/www.uned.es\/universidad\/facultades\/filologia.html\" target=\"_blank\" rel=\"noopener noreferrer\"><img decoding=\"async\" loading=\"lazy\" class=\"alignnone wp-image-981\" src=\"http:\/\/iriadacunha.com\/FundacionBBVA2015\/wp-content\/uploads\/2020\/08\/logo_UNED_Facultad_Filolog\u00eda-300x143.png\" alt=\"logo_UNED_Facultad_Filolog\u00eda\" width=\"231\" height=\"110\" \/>\u00a0\u00a0<\/a><a href=\"http:\/\/portal.uned.es\/portal\/page?_pageid=93,8840791&amp;_dad=portal&amp;_schema=PORTAL\" target=\"_blank\" rel=\"noopener noreferrer\"><img decoding=\"async\" loading=\"lazy\" class=\"alignnone wp-image-109\" src=\"http:\/\/iriadacunha.com\/FundacionBBVA2015\/wp-content\/uploads\/2016\/03\/actualing.png\" alt=\"actualing\" width=\"242\" height=\"63\" \/><\/a><\/p>\n<h6><span style=\"color: #333399;\"><strong>FUNDING<\/strong><\/span><\/h6>\n<p><a href=\"https:\/\/www.ciencia.gob.es\/portal\/site\/MICINN\/\" target=\"_blank\" rel=\"noopener noreferrer\"><img decoding=\"async\" loading=\"lazy\" class=\"alignnone wp-image-825 size-medium\" src=\"http:\/\/iriadacunha.com\/FundacionBBVA2015\/wp-content\/uploads\/2020\/08\/logo_ministerio-300x79.jpg\" alt=\"logo_ministerio\" width=\"300\" height=\"79\" srcset=\"https:\/\/iriadacunha.com\/FundacionBBVA2015\/wp-content\/uploads\/2020\/08\/logo_ministerio-300x79.jpg 300w, https:\/\/iriadacunha.com\/FundacionBBVA2015\/wp-content\/uploads\/2020\/08\/logo_ministerio.jpg 355w\" sizes=\"(max-width: 300px) 100vw, 300px\" \/><br \/>\n<\/a>This project has been carried out thanks to the additional funding associated to a Ram\u00f3n y Cajal contract obtained in the 2014 call (Ministry of Science, Innovation\u00a0and Universities, Spain).<\/p>\n<p>Budget: 40.000 euros.<\/p>\n<h6><span style=\"color: #333399;\"><strong>AIMS AND METHODOLOGY<\/strong><\/span><\/h6>\n<p>The project has two <strong>main objectives<\/strong>:<\/p>\n<p>OBJECTIVE 1. Implement an administration panel to manage the content of the arText system, with the aim of being able to:<\/p>\n<ul>\n<li>Add new specialized areas.<\/li>\n<li>Incorporate new textual genres and their structures (sections, titles, contents, etc.).<\/li>\n<li>Associate linguistic recommendations to each textual genre.<\/li>\n<\/ul>\n<p>OBJECTIVE 2. Add in the arText system a new domain related to the writing of academic texts, which contains the textual genre \u00ab<strong>Final degree project (TFG)<\/strong>\u00bb to make available to university students of <strong>any field<\/strong> the option of write their TFG in Spanish with this free online tool. For its implementation, the materials from the following book on the TFG and the TFM have been used, currently recommended in many Spanish universities:<\/p>\n<p><a href=\"http:\/\/iriadacunha.com\/FundacionBBVA2015\/wp-content\/uploads\/2020\/10\/libro_TFG_TFM.png\" target=\"_blank\" rel=\"noopener noreferrer\"><img decoding=\"async\" loading=\"lazy\" class=\"alignleft wp-image-1170 \" src=\"http:\/\/iriadacunha.com\/FundacionBBVA2015\/wp-content\/uploads\/2020\/10\/libro_TFG_TFM-199x300.png\" alt=\"libro_TFG_TFM\" width=\"135\" height=\"204\" srcset=\"https:\/\/iriadacunha.com\/FundacionBBVA2015\/wp-content\/uploads\/2020\/10\/libro_TFG_TFM-199x300.png 199w, https:\/\/iriadacunha.com\/FundacionBBVA2015\/wp-content\/uploads\/2020\/10\/libro_TFG_TFM-251x380.png 251w, https:\/\/iriadacunha.com\/FundacionBBVA2015\/wp-content\/uploads\/2020\/10\/libro_TFG_TFM.png 548w\" sizes=\"(max-width: 135px) 100vw, 135px\" \/><\/a><\/p>\n<p>&nbsp;<\/p>\n<p>&nbsp;<\/p>\n<p>da Cunha, Iria (2016).\u00a0<a href=\"http:\/\/www.editorialuoc.com\/el-trabajo-de-fin-de-grado-y-de-master\" target=\"_blank\" rel=\"noopener noreferrer\"><em>El trabajo de fin de grado y de m\u00e1ster: Redacci\u00f3n, defensa y publicaci\u00f3n<\/em><\/a>. Barcelona:\u00a0Editorial UOC. ISBN 9788490643907<\/p>\n<p>&nbsp;<\/p>\n<p>&nbsp;<\/p>\n<table width=\"0\">\n<tbody>\n<tr>\n<td style=\"text-align: center;\" colspan=\"4\" width=\"620\"><strong>METHODOLOGY<\/strong><\/td>\n<\/tr>\n<tr>\n<td width=\"155\">STAGE\u00a01<\/td>\n<td width=\"154\">STAGE\u00a02<\/td>\n<td width=\"155\">STAGE\u00a03<\/td>\n<td width=\"156\">STAGE\u00a04<\/td>\n<\/tr>\n<tr>\n<td width=\"155\">Implementation of the administration panel for content management in arText.<\/td>\n<td width=\"154\">\u00a0Through the new administration panel, integration in arText of a tool for the writing of the TFG of any field.<\/td>\n<td width=\"155\">Evaluation of the tool for writing the TFG, through a written task with arText and an evaluation survey by\u00a0 university students.<\/td>\n<td width=\"156\">Tool dissemination.<\/td>\n<\/tr>\n<\/tbody>\n<\/table>\n<h6><span style=\"color: #333399;\"><strong>TEAM<\/strong><\/span><\/h6>\n<ul>\n<li><a href=\"http:\/\/iriadacunha.com\/\" target=\"_blank\" rel=\"noopener noreferrer\">Iria da Cunha<\/a>\u00a0(director) (UNED)<\/li>\n<li>Luis Hysa<\/li>\n<\/ul>\n<h6><span style=\"color: #333399;\"><strong>COLLABORING ENTITIES<\/strong><\/span><\/h6>\n<p><a href=\"https:\/\/www.upf.edu\/es\/web\/iulaterm\" target=\"_blank\" rel=\"noopener noreferrer\"><img decoding=\"async\" loading=\"lazy\" class=\"alignnone wp-image-913\" src=\"http:\/\/iriadacunha.com\/FundacionBBVA2015\/wp-content\/uploads\/2020\/08\/iulaterm.png\" alt=\"iulaterm\" width=\"189\" height=\"62\" \/><\/a><\/p>\n<h6><span style=\"color: #333399;\"><strong>SCIENTIFIC PRODUCTION<\/strong><\/span><\/h6>\n<div class=\"tlid-results-container results-container\">\n<div class=\"tlid-result result-dict-wrapper\">\n<div class=\"result tlid-copy-target\">\n<div class=\"result-header\">\n<p>The methodology and results of this work are included in the following article:<\/p>\n<div class=\"result-header\">da Cunha, Iria (2020).\u00a0\u00ab<a href=\"https:\/\/rua.ua.es\/dspace\/bitstream\/10045\/108311\/1\/ELUA_34_02.pdf\" target=\"_blank\" rel=\"noopener noreferrer\">Una herramienta TIC para la redacci\u00f3n del Trabajo de Fin de Grado (TFG)\u00bb<\/a>.\u00a0<em>ELUA: Estudios de Ling\u00fc\u00edstica. Universidad de Alicante<\/em>\u00a034. 39-72.<\/div>\n<div class=\"text-wrap tlid-copy-target\">\n<div class=\"result-shield-container tlid-copy-target\" tabindex=\"0\"><span class=\"tlid-translation translation\" lang=\"en\"><br \/>\n<span class=\"\" title=\"\">To see the rest of the scientific production related to the arText system, click <a href=\"http:\/\/iriadacunha.com\/FundacionBBVA2015\/es\/publicaciones\/\" target=\"_blank\" rel=\"noopener noreferrer\">here<\/a>.<\/span><\/span><\/div>\n<p>&nbsp;<\/p>\n<h6><strong><span style=\"color: #1e1e9c;\">NEWS<\/span><\/strong><\/h6>\n<p>Click\u00a0<a href=\"http:\/\/iriadacunha.com\/FundacionBBVA2015\/en\/news\/\" target=\"_blank\" rel=\"noopener noreferrer\">here<\/a>.<\/p>\n<\/div>\n<\/div>\n<\/div>\n<\/div>\n<\/div>\n","protected":false},"excerpt":{"rendered":"<p>Discourse and Natural Language Processing (Discourse and Natural Language Processing) (RYC-2014-16935) Research project developed at\u00a0Departamento de Filolog\u00edas Extranjeras y sus Ling\u00fc\u00edsticas\u00a0from the\u00a0Facultad de Filolog\u00eda\u00a0in\u00a0Universidad Nacional de Educaci\u00f3n a Distancia (UNED), in the framework of the\u00a0\u00a0ACTUALing\u00a0research group, with the collaboration of the\u00a0IULATERM\u00a0group\u00a0. \u00a0\u00a0 FUNDING This project has been carried out thanks to the additional funding associated &hellip; <a href=\"https:\/\/iriadacunha.com\/FundacionBBVA2015\/en\/ramon-y-cajal-2016-2020\/\" class=\"more-link\">Seguir leyendo <span class=\"screen-reader-text\">Ram\u00f3n y Cajal 2016-2020<\/span><\/a><\/p>\n","protected":false},"author":1,"featured_media":0,"parent":0,"menu_order":0,"comment_status":"closed","ping_status":"closed","template":"","meta":{"footnotes":""},"_links":{"self":[{"href":"https:\/\/iriadacunha.com\/FundacionBBVA2015\/wp-json\/wp\/v2\/pages\/1176"}],"collection":[{"href":"https:\/\/iriadacunha.com\/FundacionBBVA2015\/wp-json\/wp\/v2\/pages"}],"about":[{"href":"https:\/\/iriadacunha.com\/FundacionBBVA2015\/wp-json\/wp\/v2\/types\/page"}],"author":[{"embeddable":true,"href":"https:\/\/iriadacunha.com\/FundacionBBVA2015\/wp-json\/wp\/v2\/users\/1"}],"replies":[{"embeddable":true,"href":"https:\/\/iriadacunha.com\/FundacionBBVA2015\/wp-json\/wp\/v2\/comments?post=1176"}],"version-history":[{"count":18,"href":"https:\/\/iriadacunha.com\/FundacionBBVA2015\/wp-json\/wp\/v2\/pages\/1176\/revisions"}],"predecessor-version":[{"id":4084,"href":"https:\/\/iriadacunha.com\/FundacionBBVA2015\/wp-json\/wp\/v2\/pages\/1176\/revisions\/4084"}],"wp:attachment":[{"href":"https:\/\/iriadacunha.com\/FundacionBBVA2015\/wp-json\/wp\/v2\/media?parent=1176"}],"curies":[{"name":"wp","href":"https:\/\/api.w.org\/{rel}","templated":true}]}}