{"id":1400,"date":"2021-01-14T21:40:54","date_gmt":"2021-01-14T20:40:54","guid":{"rendered":"http:\/\/iriadacunha.com\/FundacionBBVA2015\/?page_id=1400"},"modified":"2025-11-23T23:48:02","modified_gmt":"2025-11-23T22:48:02","slug":"tesis-doctorales","status":"publish","type":"page","link":"https:\/\/iriadacunha.com\/FundacionBBVA2015\/es\/tesis-doctorales\/","title":{"rendered":"Tesis doctorales"},"content":{"rendered":"<p><em> Clarity in European Commission Directives, Regulations and Decisions: Study of intentionality as a key to communicative effectiveness.<\/em> (2023-en curso). Universidad Nacional de Educaci\u00f3n a Distancia (UNED). Doctorado en\u00a0Filolog\u00eda. Doctoranda: Paloma Blasco. Directora: M.\u00aa \u00c1ngeles Escobar.<\/p>\n<p><em>Evaluaci\u00f3n del impacto del uso de arText\u00a0claro en la comprensi\u00f3n y la\u00a0percepci\u00f3n de claridad de textos por parte de colectivos vulnerables\u00a0<\/em> (2023-en curso). Universidad Nacional de Educaci\u00f3n a Distancia (UNED). Doctorado en\u00a0Filolog\u00eda. Doctoranda:\u00a0Jenny Azarian. Directora: Iria da Cunha.<\/p>\n<p><em>El Trabajo de Fin de Grado en Derecho Administrativo: un an\u00e1lisis comparativo entre Espa\u00f1a y Chile<\/em> (2021-en curso). UNED.\u00a0Doctorado en Filolog\u00eda. Doctoranda: Jadranka Gladic. Directora: Iria da Cunha.<\/p>\n<p><em>Escribir en espa\u00f1ol con tecnolog\u00eda: Un estudio sobre el uso de arText por parte de estudiantes chinos de espa\u00f1ol como lengua extranjera<\/em> (2022-2025). Universidad Aut\u00f3noma de Madrid (UAM). Doctorado en Educaci\u00f3n. Doctoranda: Jia Chen. Directores: Juan Antonio N\u00fa\u00f1ez e Iria da Cunha.<\/p>\n<p><em>Los g\u00e9neros textuales del \u00e1mbito de la Administraci\u00f3n: clasificaci\u00f3n, an\u00e1lisis, adaptaci\u00f3n a lenguaje claro y escritura en la universidad<\/em> (2019-2024). UNED. Doctorado en Filolog\u00eda. Doctoranda: Sara Pistola. Directoras: Iria da Cunha y Susana Vi\u00f1uales.<\/p>\n<p><em>Espa\u00f1ol con fines espec\u00edficos: dise\u00f1o de una herramienta de ayuda para la redacci\u00f3n de textos espec\u00edficos en el \u00e1rea de psicolog\u00eda<\/em>\u00a0(2018-2022). UNED. Doctorado en Filolog\u00eda. Doctoranda: Joanna Moraza. Directora: M. \u00c1ngeles Escobar.<\/p>\n","protected":false},"excerpt":{"rendered":"<p>Clarity in European Commission Directives, Regulations and Decisions: Study of intentionality as a key to communicative effectiveness. (2023-en curso). Universidad Nacional de Educaci\u00f3n a Distancia (UNED). Doctorado en\u00a0Filolog\u00eda. Doctoranda: Paloma Blasco. Directora: M.\u00aa \u00c1ngeles Escobar. Evaluaci\u00f3n del impacto del uso de arText\u00a0claro en la comprensi\u00f3n y la\u00a0percepci\u00f3n de claridad de textos por parte de colectivos &hellip; <a href=\"https:\/\/iriadacunha.com\/FundacionBBVA2015\/es\/tesis-doctorales\/\" class=\"more-link\">Seguir leyendo <span class=\"screen-reader-text\">Tesis doctorales<\/span><\/a><\/p>\n","protected":false},"author":1,"featured_media":0,"parent":0,"menu_order":0,"comment_status":"closed","ping_status":"closed","template":"","meta":{"footnotes":""},"_links":{"self":[{"href":"https:\/\/iriadacunha.com\/FundacionBBVA2015\/wp-json\/wp\/v2\/pages\/1400"}],"collection":[{"href":"https:\/\/iriadacunha.com\/FundacionBBVA2015\/wp-json\/wp\/v2\/pages"}],"about":[{"href":"https:\/\/iriadacunha.com\/FundacionBBVA2015\/wp-json\/wp\/v2\/types\/page"}],"author":[{"embeddable":true,"href":"https:\/\/iriadacunha.com\/FundacionBBVA2015\/wp-json\/wp\/v2\/users\/1"}],"replies":[{"embeddable":true,"href":"https:\/\/iriadacunha.com\/FundacionBBVA2015\/wp-json\/wp\/v2\/comments?post=1400"}],"version-history":[{"count":12,"href":"https:\/\/iriadacunha.com\/FundacionBBVA2015\/wp-json\/wp\/v2\/pages\/1400\/revisions"}],"predecessor-version":[{"id":4705,"href":"https:\/\/iriadacunha.com\/FundacionBBVA2015\/wp-json\/wp\/v2\/pages\/1400\/revisions\/4705"}],"wp:attachment":[{"href":"https:\/\/iriadacunha.com\/FundacionBBVA2015\/wp-json\/wp\/v2\/media?parent=1400"}],"curies":[{"name":"wp","href":"https:\/\/api.w.org\/{rel}","templated":true}]}}