{"id":1408,"date":"2021-01-14T21:57:46","date_gmt":"2021-01-14T20:57:46","guid":{"rendered":"http:\/\/iriadacunha.com\/FundacionBBVA2015\/?page_id=1408"},"modified":"2021-01-15T09:44:27","modified_gmt":"2021-01-15T08:44:27","slug":"otros-2","status":"publish","type":"page","link":"https:\/\/iriadacunha.com\/FundacionBBVA2015\/es\/otros-2\/","title":{"rendered":"Otros"},"content":{"rendered":"<h4>ENTREVISTAS REALIZADAS A ESPECIALISTAS EN EL MARCO DEL PROYECTO<strong><br \/>\n<\/strong><\/h4>\n<p>En el marco del proyecto\u00a0<a href=\"http:\/\/iriadacunha.com\/FundacionBBVA2015\/es\/fundacion-bbva-2015-2016\/\" target=\"_blank\">Un sistema autom\u00e1tico de ayuda a la redacci\u00f3n de textos especializados de \u00e1mbitos relevantes en la sociedad espa\u00f1ola actual<\/a>, financiado por la Fundacion BBVA, hemos realizado entrevistas a diferentes especialistas de prestigio en los \u00e1mbitos de la medicina, el turismo y la Administraci\u00f3n p\u00fablica. Estas entrevistas pueden escucharse en los enlaces siguientes:<\/p>\n<ul>\n<li>Antoni Trilla, Vicedecano Acad\u00e9mico y de Relaciones Internacionales de la Facultad de Medicina de la Universidad de Barcelona (26 de febrero del 2016)<!--[if lt IE 9]><script>document.createElement('audio');<\/script><![endif]-->\n<audio class=\"wp-audio-shortcode\" id=\"audio-1408-1\" preload=\"none\" style=\"width: 100%;\" controls=\"controls\"><source type=\"audio\/mpeg\" src=\"http:\/\/iriadacunha.com\/FundacionBBVA2015\/wp-content\/uploads\/2016\/03\/entrevistaTrilla.mp3?_=1\" \/><a href=\"http:\/\/iriadacunha.com\/FundacionBBVA2015\/wp-content\/uploads\/2016\/03\/entrevistaTrilla.mp3\">http:\/\/iriadacunha.com\/FundacionBBVA2015\/wp-content\/uploads\/2016\/03\/entrevistaTrilla.mp3<\/a><\/audio><\/li>\n<li>Josep Basora, Presidente de la Sociedad Espa\u00f1ola de Medicina de Familia y Comunitaria (semFYC) (15 de marzo de 2016)<audio class=\"wp-audio-shortcode\" id=\"audio-1408-2\" preload=\"none\" style=\"width: 100%;\" controls=\"controls\"><source type=\"audio\/mpeg\" src=\"http:\/\/iriadacunha.com\/FundacionBBVA2015\/wp-content\/uploads\/2016\/03\/entrevista_basora.mp3?_=2\" \/><a href=\"http:\/\/iriadacunha.com\/FundacionBBVA2015\/wp-content\/uploads\/2016\/03\/entrevista_basora.mp3\">http:\/\/iriadacunha.com\/FundacionBBVA2015\/wp-content\/uploads\/2016\/03\/entrevista_basora.mp3<\/a><\/audio><\/li>\n<li>Mar\u00eda \u00c1ngeles Escobar, docente del Grado de Turismo de la Universidad Nacional de Educaci\u00f3n a Distancia (UNED) (17 de febrero de 2016)<audio class=\"wp-audio-shortcode\" id=\"audio-1408-3\" preload=\"none\" style=\"width: 100%;\" controls=\"controls\"><source type=\"audio\/mpeg\" src=\"http:\/\/iriadacunha.com\/FundacionBBVA2015\/wp-content\/uploads\/2016\/03\/angeles-escobar.mp3?_=3\" \/><a href=\"http:\/\/iriadacunha.com\/FundacionBBVA2015\/wp-content\/uploads\/2016\/03\/angeles-escobar.mp3\">http:\/\/iriadacunha.com\/FundacionBBVA2015\/wp-content\/uploads\/2016\/03\/angeles-escobar.mp3<\/a><\/audio><\/li>\n<li>Marc Molas, Socio Director de la firma Planet Hotels &amp; Resorts y socio de By Pilow (23 de febrero de 2016)<audio class=\"wp-audio-shortcode\" id=\"audio-1408-4\" preload=\"none\" style=\"width: 100%;\" controls=\"controls\"><source type=\"audio\/mpeg\" src=\"http:\/\/iriadacunha.com\/FundacionBBVA2015\/wp-content\/uploads\/2016\/03\/entrevistaMarc.mp3?_=4\" \/><a href=\"http:\/\/iriadacunha.com\/FundacionBBVA2015\/wp-content\/uploads\/2016\/03\/entrevistaMarc.mp3\">http:\/\/iriadacunha.com\/FundacionBBVA2015\/wp-content\/uploads\/2016\/03\/entrevistaMarc.mp3<\/a><\/audio><\/li>\n<li>N\u00faria Mallada, Secretaria Interventora del Ayuntamiento de Foradada, 1r premio Administraci\u00f3n Abierta 2014 (12 de febrero de 2016)<audio class=\"wp-audio-shortcode\" id=\"audio-1408-5\" preload=\"none\" style=\"width: 100%;\" controls=\"controls\"><source type=\"audio\/mpeg\" src=\"http:\/\/iriadacunha.com\/FundacionBBVA2015\/wp-content\/uploads\/2016\/03\/admin_nuria_mallada_ajuntForadada.mp3?_=5\" \/><a href=\"http:\/\/iriadacunha.com\/FundacionBBVA2015\/wp-content\/uploads\/2016\/03\/admin_nuria_mallada_ajuntForadada.mp3\">http:\/\/iriadacunha.com\/FundacionBBVA2015\/wp-content\/uploads\/2016\/03\/admin_nuria_mallada_ajuntForadada.mp3<\/a><\/audio><\/li>\n<\/ul>\n","protected":false},"excerpt":{"rendered":"<p>ENTREVISTAS REALIZADAS A ESPECIALISTAS EN EL MARCO DEL PROYECTO En el marco del proyecto\u00a0Un sistema autom\u00e1tico de ayuda a la redacci\u00f3n de textos especializados de \u00e1mbitos relevantes en la sociedad espa\u00f1ola actual, financiado por la Fundacion BBVA, hemos realizado entrevistas a diferentes especialistas de prestigio en los \u00e1mbitos de la medicina, el turismo y la &hellip; <a href=\"https:\/\/iriadacunha.com\/FundacionBBVA2015\/es\/otros-2\/\" class=\"more-link\">Seguir leyendo <span class=\"screen-reader-text\">Otros<\/span><\/a><\/p>\n","protected":false},"author":1,"featured_media":0,"parent":0,"menu_order":0,"comment_status":"closed","ping_status":"closed","template":"","meta":{"footnotes":""},"_links":{"self":[{"href":"https:\/\/iriadacunha.com\/FundacionBBVA2015\/wp-json\/wp\/v2\/pages\/1408"}],"collection":[{"href":"https:\/\/iriadacunha.com\/FundacionBBVA2015\/wp-json\/wp\/v2\/pages"}],"about":[{"href":"https:\/\/iriadacunha.com\/FundacionBBVA2015\/wp-json\/wp\/v2\/types\/page"}],"author":[{"embeddable":true,"href":"https:\/\/iriadacunha.com\/FundacionBBVA2015\/wp-json\/wp\/v2\/users\/1"}],"replies":[{"embeddable":true,"href":"https:\/\/iriadacunha.com\/FundacionBBVA2015\/wp-json\/wp\/v2\/comments?post=1408"}],"version-history":[{"count":3,"href":"https:\/\/iriadacunha.com\/FundacionBBVA2015\/wp-json\/wp\/v2\/pages\/1408\/revisions"}],"predecessor-version":[{"id":1411,"href":"https:\/\/iriadacunha.com\/FundacionBBVA2015\/wp-json\/wp\/v2\/pages\/1408\/revisions\/1411"}],"wp:attachment":[{"href":"https:\/\/iriadacunha.com\/FundacionBBVA2015\/wp-json\/wp\/v2\/media?parent=1408"}],"curies":[{"name":"wp","href":"https:\/\/api.w.org\/{rel}","templated":true}]}}