{"id":1412,"date":"2021-01-14T21:58:10","date_gmt":"2021-01-14T20:58:10","guid":{"rendered":"http:\/\/iriadacunha.com\/FundacionBBVA2015\/?page_id=1412"},"modified":"2022-02-24T13:54:06","modified_gmt":"2022-02-24T12:54:06","slug":"more","status":"publish","type":"page","link":"https:\/\/iriadacunha.com\/FundacionBBVA2015\/en\/more\/","title":{"rendered":"More"},"content":{"rendered":"<h4>INTERVIEWS with SPECIALISTS<strong><br \/>\n<\/strong><\/h4>\n<p>In the framework of the project\u00a0<a href=\"http:\/\/iriadacunha.com\/FundacionBBVA2015\/en\/bbva-foundation-2015-2016\/\" target=\"_blank\">An automatic system to help in writing specialised texts in domains relevant to Spanish society (Un sistema autom\u00e1tico de ayuda a la redacci\u00f3n de textos especializados de \u00e1mbitos relevantes en la sociedad espa\u00f1ola actual)<\/a>, funded by BBVA Foundation, some specialists from medicine, public Administration and tourism domains have been interviewed. You can listen to the interviews with the following links:<\/p>\n<ul>\n<li>Antoni Trilla, Vice-Dean of International Relations from the Faculty of Medicine at the Universidad de Barcelona (26th of February 2016)<!--[if lt IE 9]><script>document.createElement('audio');<\/script><![endif]-->\n<audio class=\"wp-audio-shortcode\" id=\"audio-1412-1\" preload=\"none\" style=\"width: 100%;\" controls=\"controls\"><source type=\"audio\/mpeg\" src=\"http:\/\/iriadacunha.com\/FundacionBBVA2015\/wp-content\/uploads\/2016\/03\/entrevistaTrilla-1.mp3?_=1\" \/><a href=\"http:\/\/iriadacunha.com\/FundacionBBVA2015\/wp-content\/uploads\/2016\/03\/entrevistaTrilla-1.mp3\">http:\/\/iriadacunha.com\/FundacionBBVA2015\/wp-content\/uploads\/2016\/03\/entrevistaTrilla-1.mp3<\/a><\/audio><\/li>\n<li>Josep Basora, President of the Spanish Society of Family and Community Medicine (semFYC) (15th of March 2016)<audio class=\"wp-audio-shortcode\" id=\"audio-1412-2\" preload=\"none\" style=\"width: 100%;\" controls=\"controls\"><source type=\"audio\/mpeg\" src=\"http:\/\/iriadacunha.com\/FundacionBBVA2015\/wp-content\/uploads\/2016\/03\/entrevista_basora-1.mp3?_=2\" \/><a href=\"http:\/\/iriadacunha.com\/FundacionBBVA2015\/wp-content\/uploads\/2016\/03\/entrevista_basora-1.mp3\">http:\/\/iriadacunha.com\/FundacionBBVA2015\/wp-content\/uploads\/2016\/03\/entrevista_basora-1.mp3<\/a><\/audio><\/li>\n<li>Mar\u00eda \u00c1ngeles Escobar, associate professor of the Bachelor&#8217;s Tourism Degree at the Universidad Nacional de Educaci\u00f3n a Distancia (UNED) (17th of February 2016)<audio class=\"wp-audio-shortcode\" id=\"audio-1412-3\" preload=\"none\" style=\"width: 100%;\" controls=\"controls\"><source type=\"audio\/mpeg\" src=\"http:\/\/iriadacunha.com\/FundacionBBVA2015\/wp-content\/uploads\/2016\/03\/angeles-escobar-1.mp3?_=3\" \/><a href=\"http:\/\/iriadacunha.com\/FundacionBBVA2015\/wp-content\/uploads\/2016\/03\/angeles-escobar-1.mp3\">http:\/\/iriadacunha.com\/FundacionBBVA2015\/wp-content\/uploads\/2016\/03\/angeles-escobar-1.mp3<\/a><\/audio><\/li>\n<li>Marc Molas, Managing Partner of Planet Hotels &amp; Resorts and By Pillow (23rd of February 2016)<audio class=\"wp-audio-shortcode\" id=\"audio-1412-4\" preload=\"none\" style=\"width: 100%;\" controls=\"controls\"><source type=\"audio\/mpeg\" src=\"http:\/\/iriadacunha.com\/FundacionBBVA2015\/wp-content\/uploads\/2016\/03\/entrevistaMarc-1.mp3?_=4\" \/><a href=\"http:\/\/iriadacunha.com\/FundacionBBVA2015\/wp-content\/uploads\/2016\/03\/entrevistaMarc-1.mp3\">http:\/\/iriadacunha.com\/FundacionBBVA2015\/wp-content\/uploads\/2016\/03\/entrevistaMarc-1.mp3<\/a><\/audio><\/li>\n<li>N\u00faria Mallada, Secretary of the Foradada City Council, winner of the 1st Open Administration Award 2014 (12th of February 2016)<audio class=\"wp-audio-shortcode\" id=\"audio-1412-5\" preload=\"none\" style=\"width: 100%;\" controls=\"controls\"><source type=\"audio\/mpeg\" src=\"http:\/\/iriadacunha.com\/FundacionBBVA2015\/wp-content\/uploads\/2016\/03\/admin_nuria_mallada_ajuntForadada-1.mp3?_=5\" \/><a href=\"http:\/\/iriadacunha.com\/FundacionBBVA2015\/wp-content\/uploads\/2016\/03\/admin_nuria_mallada_ajuntForadada-1.mp3\">http:\/\/iriadacunha.com\/FundacionBBVA2015\/wp-content\/uploads\/2016\/03\/admin_nuria_mallada_ajuntForadada-1.mp3<\/a><\/audio><\/li>\n<\/ul>\n","protected":false},"excerpt":{"rendered":"<p>INTERVIEWS with SPECIALISTS In the framework of the project\u00a0An automatic system to help in writing specialised texts in domains relevant to Spanish society (Un sistema autom\u00e1tico de ayuda a la redacci\u00f3n de textos especializados de \u00e1mbitos relevantes en la sociedad espa\u00f1ola actual), funded by BBVA Foundation, some specialists from medicine, public Administration and tourism domains &hellip; <a href=\"https:\/\/iriadacunha.com\/FundacionBBVA2015\/en\/more\/\" class=\"more-link\">Seguir leyendo <span class=\"screen-reader-text\">More<\/span><\/a><\/p>\n","protected":false},"author":1,"featured_media":0,"parent":0,"menu_order":0,"comment_status":"closed","ping_status":"closed","template":"","meta":{"footnotes":""},"_links":{"self":[{"href":"https:\/\/iriadacunha.com\/FundacionBBVA2015\/wp-json\/wp\/v2\/pages\/1412"}],"collection":[{"href":"https:\/\/iriadacunha.com\/FundacionBBVA2015\/wp-json\/wp\/v2\/pages"}],"about":[{"href":"https:\/\/iriadacunha.com\/FundacionBBVA2015\/wp-json\/wp\/v2\/types\/page"}],"author":[{"embeddable":true,"href":"https:\/\/iriadacunha.com\/FundacionBBVA2015\/wp-json\/wp\/v2\/users\/1"}],"replies":[{"embeddable":true,"href":"https:\/\/iriadacunha.com\/FundacionBBVA2015\/wp-json\/wp\/v2\/comments?post=1412"}],"version-history":[{"count":5,"href":"https:\/\/iriadacunha.com\/FundacionBBVA2015\/wp-json\/wp\/v2\/pages\/1412\/revisions"}],"predecessor-version":[{"id":2354,"href":"https:\/\/iriadacunha.com\/FundacionBBVA2015\/wp-json\/wp\/v2\/pages\/1412\/revisions\/2354"}],"wp:attachment":[{"href":"https:\/\/iriadacunha.com\/FundacionBBVA2015\/wp-json\/wp\/v2\/media?parent=1412"}],"curies":[{"name":"wp","href":"https:\/\/api.w.org\/{rel}","templated":true}]}}