{"id":24,"date":"2016-03-21T10:40:25","date_gmt":"2016-03-21T10:40:25","guid":{"rendered":"http:\/\/iriadacunha.com\/BBVA2015\/?page_id=24"},"modified":"2025-06-03T23:05:24","modified_gmt":"2025-06-03T22:05:24","slug":"acceso-al-sistema","status":"publish","type":"page","link":"https:\/\/iriadacunha.com\/FundacionBBVA2015\/es\/acceso-al-sistema\/","title":{"rendered":"Acceso al sistema"},"content":{"rendered":"<p>El sistema arText est\u00e1 disponible en l\u00ednea en la siguiente direcci\u00f3n:<\/p>\n<p><strong><a href=\"http:\/\/sistema-artext.com\/\" target=\"_blank\" rel=\"noopener\">https:\/\/sistema-artext.com\/<\/a><\/strong><\/p>\n<p>A continuaci\u00f3n, pod\u00e9is ver una\u00a0 breve demo en la que explicamos las principales funcionalidades del sistema:<\/p>\n<p><iframe loading=\"lazy\" title=\"YouTube video player\" src=\"https:\/\/www.youtube.com\/embed\/eEx84NIrqGc?si=9-K6tn5uSaOwXKCO\" width=\"560\" height=\"315\" frameborder=\"0\" allowfullscreen=\"allowfullscreen\"><\/iframe><\/p>\n","protected":false},"excerpt":{"rendered":"<p>El sistema arText est\u00e1 disponible en l\u00ednea en la siguiente direcci\u00f3n: https:\/\/sistema-artext.com\/ A continuaci\u00f3n, pod\u00e9is ver una\u00a0 breve demo en la que explicamos las principales funcionalidades del sistema:<\/p>\n","protected":false},"author":1,"featured_media":0,"parent":0,"menu_order":5,"comment_status":"closed","ping_status":"closed","template":"","meta":{"footnotes":""},"_links":{"self":[{"href":"https:\/\/iriadacunha.com\/FundacionBBVA2015\/wp-json\/wp\/v2\/pages\/24"}],"collection":[{"href":"https:\/\/iriadacunha.com\/FundacionBBVA2015\/wp-json\/wp\/v2\/pages"}],"about":[{"href":"https:\/\/iriadacunha.com\/FundacionBBVA2015\/wp-json\/wp\/v2\/types\/page"}],"author":[{"embeddable":true,"href":"https:\/\/iriadacunha.com\/FundacionBBVA2015\/wp-json\/wp\/v2\/users\/1"}],"replies":[{"embeddable":true,"href":"https:\/\/iriadacunha.com\/FundacionBBVA2015\/wp-json\/wp\/v2\/comments?post=24"}],"version-history":[{"count":14,"href":"https:\/\/iriadacunha.com\/FundacionBBVA2015\/wp-json\/wp\/v2\/pages\/24\/revisions"}],"predecessor-version":[{"id":4633,"href":"https:\/\/iriadacunha.com\/FundacionBBVA2015\/wp-json\/wp\/v2\/pages\/24\/revisions\/4633"}],"wp:attachment":[{"href":"https:\/\/iriadacunha.com\/FundacionBBVA2015\/wp-json\/wp\/v2\/media?parent=24"}],"curies":[{"name":"wp","href":"https:\/\/api.w.org\/{rel}","templated":true}]}}