{"id":2821,"date":"2023-01-10T09:22:43","date_gmt":"2023-01-10T08:22:43","guid":{"rendered":"http:\/\/iriadacunha.com\/FundacionBBVA2015\/?page_id=2821"},"modified":"2024-11-21T11:16:50","modified_gmt":"2024-11-21T10:16:50","slug":"ministerio-de-ciencia-e-innovacion-2022-2024","status":"publish","type":"page","link":"https:\/\/iriadacunha.com\/FundacionBBVA2015\/es\/ministerio-de-ciencia-e-innovacion-2022-2024\/","title":{"rendered":"Ministerio de Ciencia e Innovaci\u00f3n 2022-2024"},"content":{"rendered":"<p><strong>Un prototipo tecnol\u00f3gico para la redacci\u00f3n en lenguaje claro: incorporaci\u00f3n en la Administraci\u00f3n p\u00fablica y an\u00e1lisis de su impacto en la ciudadan\u00eda (arText_IMPACT) (PDC2022-133935-I00)<\/strong><\/p>\n<p class=\"p2\">Proyecto de investigaci\u00f3n llevado a cabo en el\u00a0<a href=\"https:\/\/www.uned.es\/universidad\/\/facultades\/departamentos\/filologias-extranjeras-y-sus-linguisticas.html\" target=\"_blank\" rel=\"noopener noreferrer\">Departamento de Filolog\u00edas Extranjeras y sus Ling\u00fc\u00edsticas<\/a>\u00a0de la\u00a0\u00a0<a href=\"https:\/\/www.uned.es\/universidad\/facultades\/filologia.html\" target=\"_blank\" rel=\"noopener noreferrer\">Facultad de Filolog\u00eda<\/a>\u00a0de la\u00a0\u00a0<a href=\"https:\/\/www.uned.es\/universidad\/inicio.html\" target=\"_blank\" rel=\"noopener noreferrer\">Universidad Nacional de Educaci\u00f3n a Distancia (UNED)\u00a0<\/a>en el marco del grupo\u00a0<a href=\"http:\/\/portal.uned.es\/portal\/page?_pageid=93,8840791&amp;_dad=portal&amp;_schema=PORTAL\" target=\"_blank\" rel=\"noopener noreferrer\">ACTUALing<\/a>, con la colaboraci\u00f3n del grupo\u00a0<a href=\"https:\/\/www.upf.edu\/es\/web\/iulaterm\" target=\"_blank\" rel=\"noopener noreferrer\">IULATERM<\/a>.<\/p>\n<p class=\"p2\"><a href=\"https:\/\/www.uned.es\/universidad\/facultades\/filologia.html\" target=\"_blank\" rel=\"noopener noreferrer\">\u00a0\u00a0<\/a><a href=\"https:\/\/www.uned.es\/universidad\/facultades\/filologia.html\" target=\"_blank\" rel=\"noopener noreferrer\"><img decoding=\"async\" loading=\"lazy\" class=\"alignnone wp-image-981\" src=\"http:\/\/iriadacunha.com\/FundacionBBVA2015\/wp-content\/uploads\/2020\/08\/logo_UNED_Facultad_Filolog%C3%ADa-300x143.png\" alt=\"logo_UNED_Facultad_Filolog\u00eda\" width=\"231\" height=\"110\" \/><\/a><a href=\"http:\/\/portal.uned.es\/portal\/page?_pageid=93,8840791&amp;_dad=portal&amp;_schema=PORTAL\" target=\"_blank\" rel=\"noopener noreferrer\"><img decoding=\"async\" loading=\"lazy\" class=\"alignnone wp-image-109\" src=\"http:\/\/iriadacunha.com\/FundacionBBVA2015\/wp-content\/uploads\/2016\/03\/actualing.png\" alt=\"actualing\" width=\"242\" height=\"63\" \/><\/a><\/p>\n<h6 class=\"p2\"><span style=\"color: #000080;\">Financiaci\u00f3n\u00a0<\/span><\/h6>\n<p class=\"p2\"><img decoding=\"async\" loading=\"lazy\" class=\"alignnone wp-image-2763 \" src=\"http:\/\/iriadacunha.com\/FundacionBBVA2015\/wp-content\/uploads\/2022\/11\/logos-proyecto-prueba-concepto-300x53.png\" alt=\"\" width=\"532\" height=\"94\" srcset=\"https:\/\/iriadacunha.com\/FundacionBBVA2015\/wp-content\/uploads\/2022\/11\/logos-proyecto-prueba-concepto-300x53.png 300w, https:\/\/iriadacunha.com\/FundacionBBVA2015\/wp-content\/uploads\/2022\/11\/logos-proyecto-prueba-concepto-768x135.png 768w, https:\/\/iriadacunha.com\/FundacionBBVA2015\/wp-content\/uploads\/2022\/11\/logos-proyecto-prueba-concepto-1024x181.png 1024w, https:\/\/iriadacunha.com\/FundacionBBVA2015\/wp-content\/uploads\/2022\/11\/logos-proyecto-prueba-concepto-1180x208.png 1180w, https:\/\/iriadacunha.com\/FundacionBBVA2015\/wp-content\/uploads\/2022\/11\/logos-proyecto-prueba-concepto.png 1588w\" sizes=\"(max-width: 532px) 100vw, 532px\" \/><\/p>\n<p>Este proyecto ha sido financiado en la convocatoria\u00a02022 de Ayudas a Proyectos de \u00abPrueba de Concepto\u00bb en el marco del Programa Estatal para impulsar la Investigaci\u00f3n Cient\u00edfico-T\u00e9cnica y su Transferencia, del Plan Estatal de Investigaci\u00f3n Cient\u00edfica y T\u00e9cnica de Innovaci\u00f3n 2021-2023.<\/p>\n<p>Presupuesto: 109.250 euros.<\/p>\n<h6><span style=\"color: #000080;\">objetivos y metodolog\u00eda\u00a0<\/span><\/h6>\n<p class=\"p1\">Este proyecto tiene <b>tres objetivos generales<\/b>, que se indican a continuaci\u00f3n:<\/p>\n<p class=\"p1\">O<span class=\"s1\">BJETIVO GENERAL <\/span>1. Incorporar el software \u201carText claro\u201d en la Administraci\u00f3n p\u00fablica, en primer lugar, en el Ayuntamiento de Madrid, que es el ayuntamiento espa\u00f1ol que cuenta con un mayor n\u00famero de empleados p\u00fablicos (m\u00e1s de 27.000), y, posteriormente, en otras dependencias de la Administraci\u00f3n (ayuntamientos, consejer\u00edas, diputaciones, ministerios, etc.).<\/p>\n<p class=\"p1\">O<span class=\"s1\">BJETIVO GENERAL <\/span>2. Evaluar el impacto del uso del software \u201carText claro\u201d en diferentes colectivos de la ciudadan\u00eda espa\u00f1ola.<\/p>\n<p class=\"p1\">O<span class=\"s1\">BJETIVO GENERAL <\/span>3. Emprender acciones de divulgaci\u00f3n y comunicaci\u00f3n de la investigaci\u00f3n en diferentes foros.<\/p>\n<table width=\"463\">\n<tbody>\n<tr>\n<td colspan=\"3\" width=\"459\"><strong>METODOLOG\u00cdA<\/strong><\/td>\n<\/tr>\n<tr>\n<td width=\"153\">FASE 1<\/td>\n<td width=\"151\">FASE 2<\/td>\n<td width=\"152\">FASE 3<\/td>\n<\/tr>\n<tr>\n<td width=\"153\">Incorporaci\u00f3n del software \u201carText claro\u201d en la Administraci\u00f3n p\u00fablica, concretamente en el Ayuntamiento de Madrid.<\/td>\n<td width=\"151\">Evaluaci\u00f3n del impacto del uso del software \u201carText claro\u201d en diferentes colectivos de la ciudadan\u00eda espa\u00f1ola.<\/td>\n<td width=\"152\">Acciones de divulgaci\u00f3n y comunicaci\u00f3n de la investigaci\u00f3n en diferentes foros.<\/td>\n<\/tr>\n<\/tbody>\n<\/table>\n<h6><span style=\"color: #333399;\"><strong>EQUIPO<\/strong><\/span><\/h6>\n<ul>\n<li><a href=\"http:\/\/iriadacunha.com\/\" target=\"_blank\" rel=\"noopener noreferrer\">Iria da Cunha<\/a>\u00a0(directora) (UNED)<\/li>\n<li><a href=\"https:\/\/www.uned.es\/universidad\/docentes\/filologia\/m-angeles-escobar-alvarez.html\" target=\"_blank\" rel=\"noopener noreferrer\">M. \u00c1ngeles Escobar<\/a>\u00a0(UNED)<\/li>\n<li><a href=\"https:\/\/www.uned.es\/universidad\/docentes\/filologia\/eva-samaniego-fernandez.html\" target=\"_blank\" rel=\"noopener noreferrer\">Eva Samaniego<\/a>\u00a0(UNED)<\/li>\n<li><a href=\"http:\/\/portal.uned.es\/portal\/page?_pageid=93,25316354&amp;_dad=portal&amp;_schema=PORTAL\" target=\"_blank\" rel=\"noopener noreferrer\">Susana Vi\u00f1uales<\/a>\u00a0(UNED)<\/li>\n<li><a href=\"https:\/\/portalcientifico.uned.es\/investigadores\/445699\/detalle?lang=ca\" target=\"_blank\" rel=\"noopener noreferrer\">Sabela Fern\u00e1ndez<\/a> (UNED)<\/li>\n<li><a href=\"https:\/\/www.upf.edu\/web\/iulaterm\/membres\/-\/asset_publisher\/6sC9179HOsmf\/content\/vidal-sabanes-laia-2-\/maximized\" target=\"_blank\" rel=\"noopener noreferrer\">Laia Vidal-Saban\u00e9s<\/a> (Universitat Pompeu Fabra \u2013 UNED)<\/li>\n<li><a href=\"https:\/\/www.uned.es\/universidad\/docentes\/filologia\/sara-pistola-grille.html\" target=\"_blank\" rel=\"noopener noreferrer\">Sara Pistola<\/a>\u00a0(UNED)<\/li>\n<li>Jadranka Gladic (UNED)<\/li>\n<li><a href=\"https:\/\/portalcientifico.uned.es\/investigadores\/752212\/detalle\">Jenny Azarian <\/a>(UNED)<\/li>\n<li><a href=\"https:\/\/www.uam.es\/ss\/Satellite\/FProfesorado\/es\/1242658451006\/1242657196008\/persona\/detallePDI\/Nunez_Cortes,_Juan_Antonio.htm\" target=\"_blank\" rel=\"noopener noreferrer\">Juan-Antonio N\u00fa\u00f1ez<\/a>\u00a0(Universidad Aut\u00f3noma de Madrid)<\/li>\n<li><a href=\"https:\/\/webgrec.ub.edu\/webpages\/000008\/cat\/amor.montane.ub.edu.html\" target=\"_blank\" rel=\"noopener noreferrer\">M. Amor Montan\u00e9<\/a>\u00a0(Universitat de Barcelona)<\/li>\n<\/ul>\n<h6><span style=\"color: #333399;\"><strong>ENTIDADES COLABORADORAS<\/strong><\/span><\/h6>\n<p><a href=\"https:\/\/www.upf.edu\/es\/web\/iulaterm\" target=\"_blank\" rel=\"noopener noreferrer\"><img decoding=\"async\" loading=\"lazy\" class=\"alignnone wp-image-913\" src=\"http:\/\/iriadacunha.com\/FundacionBBVA2015\/wp-content\/uploads\/2020\/08\/iulaterm.png\" alt=\"iulaterm\" width=\"189\" height=\"62\" \/><\/a><br \/>\n<a href=\"https:\/\/www.madrid.es\/portal\/site\/munimadrid\" target=\"_blank\" rel=\"noopener noreferrer\"><img decoding=\"async\" loading=\"lazy\" class=\"alignnone wp-image-2055\" src=\"http:\/\/iriadacunha.com\/FundacionBBVA2015\/wp-content\/uploads\/2020\/08\/logo-ayuntamiento-madrid.png\" alt=\"logo-ayuntamiento-madrid\" width=\"136\" height=\"151\" srcset=\"https:\/\/iriadacunha.com\/FundacionBBVA2015\/wp-content\/uploads\/2020\/08\/logo-ayuntamiento-madrid.png 852w, https:\/\/iriadacunha.com\/FundacionBBVA2015\/wp-content\/uploads\/2020\/08\/logo-ayuntamiento-madrid-270x300.png 270w, https:\/\/iriadacunha.com\/FundacionBBVA2015\/wp-content\/uploads\/2020\/08\/logo-ayuntamiento-madrid-768x855.png 768w, https:\/\/iriadacunha.com\/FundacionBBVA2015\/wp-content\/uploads\/2020\/08\/logo-ayuntamiento-madrid-342x380.png 342w\" sizes=\"(max-width: 136px) 100vw, 136px\" \/><\/a><br \/>\n<img decoding=\"async\" loading=\"lazy\" class=\"alignleft wp-image-4179\" src=\"http:\/\/iriadacunha.com\/FundacionBBVA2015\/wp-content\/uploads\/2024\/05\/Positivo-color-01-copia.png\" alt=\"\" width=\"198\" height=\"83\" srcset=\"https:\/\/iriadacunha.com\/FundacionBBVA2015\/wp-content\/uploads\/2024\/05\/Positivo-color-01-copia.png 3000w, https:\/\/iriadacunha.com\/FundacionBBVA2015\/wp-content\/uploads\/2024\/05\/Positivo-color-01-copia-300x126.png 300w, https:\/\/iriadacunha.com\/FundacionBBVA2015\/wp-content\/uploads\/2024\/05\/Positivo-color-01-copia-1024x431.png 1024w, https:\/\/iriadacunha.com\/FundacionBBVA2015\/wp-content\/uploads\/2024\/05\/Positivo-color-01-copia-768x324.png 768w, https:\/\/iriadacunha.com\/FundacionBBVA2015\/wp-content\/uploads\/2024\/05\/Positivo-color-01-copia-1536x647.png 1536w, https:\/\/iriadacunha.com\/FundacionBBVA2015\/wp-content\/uploads\/2024\/05\/Positivo-color-01-copia-2048x863.png 2048w, https:\/\/iriadacunha.com\/FundacionBBVA2015\/wp-content\/uploads\/2024\/05\/Positivo-color-01-copia-902x380.png 902w\" sizes=\"(max-width: 198px) 100vw, 198px\" \/><\/p>\n<p>&nbsp;<\/p>\n<p>&nbsp;<\/p>\n<p><img decoding=\"async\" loading=\"lazy\" class=\"alignleft wp-image-4266\" src=\"http:\/\/iriadacunha.com\/FundacionBBVA2015\/wp-content\/uploads\/2024\/05\/LOGO-WEB-1024x1022-1.png\" alt=\"\" width=\"119\" height=\"119\" srcset=\"https:\/\/iriadacunha.com\/FundacionBBVA2015\/wp-content\/uploads\/2024\/05\/LOGO-WEB-1024x1022-1.png 1024w, https:\/\/iriadacunha.com\/FundacionBBVA2015\/wp-content\/uploads\/2024\/05\/LOGO-WEB-1024x1022-1-300x300.png 300w, https:\/\/iriadacunha.com\/FundacionBBVA2015\/wp-content\/uploads\/2024\/05\/LOGO-WEB-1024x1022-1-150x150.png 150w, https:\/\/iriadacunha.com\/FundacionBBVA2015\/wp-content\/uploads\/2024\/05\/LOGO-WEB-1024x1022-1-768x767.png 768w, https:\/\/iriadacunha.com\/FundacionBBVA2015\/wp-content\/uploads\/2024\/05\/LOGO-WEB-1024x1022-1-90x90.png 90w, https:\/\/iriadacunha.com\/FundacionBBVA2015\/wp-content\/uploads\/2024\/05\/LOGO-WEB-1024x1022-1-381x380.png 381w\" sizes=\"(max-width: 119px) 100vw, 119px\" \/><\/p>\n<p>&nbsp;<\/p>\n<p>&nbsp;<\/p>\n<h6><img decoding=\"async\" loading=\"lazy\" class=\"alignleft wp-image-4520\" src=\"http:\/\/iriadacunha.com\/FundacionBBVA2015\/wp-content\/uploads\/2024\/11\/logo_residencia.png\" alt=\"\" width=\"210\" height=\"94\" srcset=\"https:\/\/iriadacunha.com\/FundacionBBVA2015\/wp-content\/uploads\/2024\/11\/logo_residencia.png 1801w, https:\/\/iriadacunha.com\/FundacionBBVA2015\/wp-content\/uploads\/2024\/11\/logo_residencia-300x134.png 300w, https:\/\/iriadacunha.com\/FundacionBBVA2015\/wp-content\/uploads\/2024\/11\/logo_residencia-1024x458.png 1024w, https:\/\/iriadacunha.com\/FundacionBBVA2015\/wp-content\/uploads\/2024\/11\/logo_residencia-768x344.png 768w, https:\/\/iriadacunha.com\/FundacionBBVA2015\/wp-content\/uploads\/2024\/11\/logo_residencia-1536x687.png 1536w, https:\/\/iriadacunha.com\/FundacionBBVA2015\/wp-content\/uploads\/2024\/11\/logo_residencia-849x380.png 849w\" sizes=\"(max-width: 210px) 100vw, 210px\" \/><\/h6>\n<p>&nbsp;<\/p>\n<p>&nbsp;<\/p>\n<h6><span style=\"color: #333399;\"><strong>PRODUCCI\u00d3N CIENT\u00cdFICA<\/strong><\/span><\/h6>\n<p>Pincha\u00a0<a href=\"http:\/\/iriadacunha.com\/FundacionBBVA2015\/es\/produccion-cientifica\/\" target=\"_blank\" rel=\"noopener noreferrer\">aqu\u00ed<\/a>.<\/p>\n<h6><strong><span style=\"color: #1e1e9c;\">NOTICIAS<\/span><\/strong><\/h6>\n<p>Pincha\u00a0<a href=\"http:\/\/iriadacunha.com\/FundacionBBVA2015\/es\/noticias\/\" target=\"_blank\" rel=\"noopener noreferrer\">aqu\u00ed<\/a>.<\/p>\n","protected":false},"excerpt":{"rendered":"<p>Un prototipo tecnol\u00f3gico para la redacci\u00f3n en lenguaje claro: incorporaci\u00f3n en la Administraci\u00f3n p\u00fablica y an\u00e1lisis de su impacto en la ciudadan\u00eda (arText_IMPACT) (PDC2022-133935-I00) Proyecto de investigaci\u00f3n llevado a cabo en el\u00a0Departamento de Filolog\u00edas Extranjeras y sus Ling\u00fc\u00edsticas\u00a0de la\u00a0\u00a0Facultad de Filolog\u00eda\u00a0de la\u00a0\u00a0Universidad Nacional de Educaci\u00f3n a Distancia (UNED)\u00a0en el marco del grupo\u00a0ACTUALing, con la colaboraci\u00f3n &hellip; <a href=\"https:\/\/iriadacunha.com\/FundacionBBVA2015\/es\/ministerio-de-ciencia-e-innovacion-2022-2024\/\" class=\"more-link\">Seguir leyendo <span class=\"screen-reader-text\">Ministerio de Ciencia e Innovaci\u00f3n 2022-2024<\/span><\/a><\/p>\n","protected":false},"author":1,"featured_media":0,"parent":0,"menu_order":0,"comment_status":"closed","ping_status":"closed","template":"","meta":{"footnotes":""},"_links":{"self":[{"href":"https:\/\/iriadacunha.com\/FundacionBBVA2015\/wp-json\/wp\/v2\/pages\/2821"}],"collection":[{"href":"https:\/\/iriadacunha.com\/FundacionBBVA2015\/wp-json\/wp\/v2\/pages"}],"about":[{"href":"https:\/\/iriadacunha.com\/FundacionBBVA2015\/wp-json\/wp\/v2\/types\/page"}],"author":[{"embeddable":true,"href":"https:\/\/iriadacunha.com\/FundacionBBVA2015\/wp-json\/wp\/v2\/users\/1"}],"replies":[{"embeddable":true,"href":"https:\/\/iriadacunha.com\/FundacionBBVA2015\/wp-json\/wp\/v2\/comments?post=2821"}],"version-history":[{"count":30,"href":"https:\/\/iriadacunha.com\/FundacionBBVA2015\/wp-json\/wp\/v2\/pages\/2821\/revisions"}],"predecessor-version":[{"id":4521,"href":"https:\/\/iriadacunha.com\/FundacionBBVA2015\/wp-json\/wp\/v2\/pages\/2821\/revisions\/4521"}],"wp:attachment":[{"href":"https:\/\/iriadacunha.com\/FundacionBBVA2015\/wp-json\/wp\/v2\/media?parent=2821"}],"curies":[{"name":"wp","href":"https:\/\/api.w.org\/{rel}","templated":true}]}}