{"id":2857,"date":"2023-01-10T09:24:06","date_gmt":"2023-01-10T08:24:06","guid":{"rendered":"http:\/\/iriadacunha.com\/FundacionBBVA2015\/?page_id=2857"},"modified":"2024-11-21T11:10:15","modified_gmt":"2024-11-21T10:10:15","slug":"ministry-of-science-and-innovation-2022-2024","status":"publish","type":"page","link":"https:\/\/iriadacunha.com\/FundacionBBVA2015\/en\/ministry-of-science-and-innovation-2022-2024\/","title":{"rendered":"Ministry of Science and Innovation 2022-2024"},"content":{"rendered":"<p class=\"p2\"><strong>A technological prototype for writing in plain language: incorporation in public administration and analysis of its impact on citizens (arText_IMPACT)<\/strong><strong>\u00a0(PDC2022-133935-I00)<\/strong><\/p>\n<p class=\"p2\">Research project developed at\u00a0<a href=\"https:\/\/www.uned.es\/universidad\/\/facultades\/departamentos\/filologias-extranjeras-y-sus-linguisticas.html\" target=\"_blank\" rel=\"noopener noreferrer\">Departamento de Filolog\u00edas Extranjeras y sus Ling\u00fc\u00edsticas<\/a>\u00a0from the\u00a0<a href=\"https:\/\/www.uned.es\/universidad\/facultades\/filologia.html\" target=\"_blank\" rel=\"noopener noreferrer\">Facultad de Filolog\u00eda<\/a>\u00a0in\u00a0<a href=\"https:\/\/www.uned.es\/universidad\/inicio.html\" target=\"_blank\" rel=\"noopener noreferrer\">Universidad Nacional de Educaci\u00f3n a Distancia (UNED)<\/a>, in the framework of the\u00a0\u00a0<a href=\"http:\/\/portal.uned.es\/portal\/page?_pageid=93,8840791&amp;_dad=portal&amp;_schema=PORTAL\" target=\"_blank\" rel=\"noopener noreferrer\">ACTUALing<\/a>\u00a0research group, with the collaboration of the\u00a0<a href=\"https:\/\/www.upf.edu\/es\/web\/iulaterm\" target=\"_blank\" rel=\"noopener noreferrer\">IULATERM<\/a>\u00a0group.<\/p>\n<p class=\"p2\"><a href=\"https:\/\/www.uned.es\/universidad\/facultades\/filologia.html\" target=\"_blank\" rel=\"noopener noreferrer\">\u00a0\u00a0<\/a><a href=\"https:\/\/www.uned.es\/universidad\/facultades\/filologia.html\" target=\"_blank\" rel=\"noopener noreferrer\"><img decoding=\"async\" loading=\"lazy\" class=\"alignnone wp-image-981\" src=\"http:\/\/iriadacunha.com\/FundacionBBVA2015\/wp-content\/uploads\/2020\/08\/logo_UNED_Facultad_Filolog%C3%ADa-300x143.png\" alt=\"logo_UNED_Facultad_Filolog\u00eda\" width=\"231\" height=\"110\" \/><\/a><a href=\"http:\/\/portal.uned.es\/portal\/page?_pageid=93,8840791&amp;_dad=portal&amp;_schema=PORTAL\" target=\"_blank\" rel=\"noopener noreferrer\"><img decoding=\"async\" loading=\"lazy\" class=\"alignnone wp-image-109\" src=\"http:\/\/iriadacunha.com\/FundacionBBVA2015\/wp-content\/uploads\/2016\/03\/actualing.png\" alt=\"actualing\" width=\"242\" height=\"63\" \/><\/a><\/p>\n<h6 class=\"p2\"><span style=\"color: #000080;\"><strong>FUNDING<\/strong>\u00a0<\/span><\/h6>\n<p class=\"p2\"><img decoding=\"async\" loading=\"lazy\" class=\"alignnone wp-image-2763 \" src=\"http:\/\/iriadacunha.com\/FundacionBBVA2015\/wp-content\/uploads\/2022\/11\/logos-proyecto-prueba-concepto-300x53.png\" alt=\"\" width=\"555\" height=\"98\" srcset=\"https:\/\/iriadacunha.com\/FundacionBBVA2015\/wp-content\/uploads\/2022\/11\/logos-proyecto-prueba-concepto-300x53.png 300w, https:\/\/iriadacunha.com\/FundacionBBVA2015\/wp-content\/uploads\/2022\/11\/logos-proyecto-prueba-concepto-768x135.png 768w, https:\/\/iriadacunha.com\/FundacionBBVA2015\/wp-content\/uploads\/2022\/11\/logos-proyecto-prueba-concepto-1024x181.png 1024w, https:\/\/iriadacunha.com\/FundacionBBVA2015\/wp-content\/uploads\/2022\/11\/logos-proyecto-prueba-concepto-1180x208.png 1180w, https:\/\/iriadacunha.com\/FundacionBBVA2015\/wp-content\/uploads\/2022\/11\/logos-proyecto-prueba-concepto.png 1588w\" sizes=\"(max-width: 555px) 100vw, 555px\" \/><\/p>\n<p style=\"text-align: justify;\">This project has been funded by the\u00a02022 call \u00abAyudas a Proyectos de Prueba de Concepto\u00bb in the\u00a0frame\u00a0of the Programa Estatal para impulsar la Investigaci\u00f3n Cient\u00edfico-T\u00e9cnica y su Transferencia, of the Plan Estatal de Investigaci\u00f3n Cient\u00edfica y T\u00e9cnica de Innovaci\u00f3n 2021-2023.<\/p>\n<p>Budget: 109.250 euros.<\/p>\n<h6><span style=\"color: #333399;\"><strong>AIMS AND METHODOLOGY<\/strong><\/span><\/h6>\n<p class=\"p1\">This project has three <strong>general objectives<\/strong>, as indicated below:<\/p>\n<p>GENERAL OBJECTIVE 1. Incorporate the \u00abarText claro\u00bb software in the Public Administration, firstly, in the Madrid City Council, which is the Spanish city council with the largest number of public employees (more than 27,000), and, subsequently, in other Administration departments.<\/p>\n<p>GENERAL OBJECTIVE 2. Evaluate the impact of the use of the \u00abarText claro\u00bb software in different groups of Spanish citizens.<\/p>\n<p>GENERAL OBJECTIVE 3. Undertake actions to disseminate and communicate the research in different forums.<\/p>\n<table width=\"463\">\n<tbody>\n<tr>\n<td colspan=\"3\" width=\"459\"><strong>METHODOLOGY<\/strong><\/td>\n<\/tr>\n<tr>\n<td width=\"153\">STAGE 1<\/td>\n<td width=\"151\">STAGE 2<\/td>\n<td width=\"152\">STAGE 3<\/td>\n<\/tr>\n<tr>\n<td width=\"153\">Incorporation of the \u00abarText claro\u00bb software in the public administration, specifically in the Madrid City Council.<\/td>\n<td width=\"151\">Evaluation of the impact of the use of the \u00abarText claro\u00bb software on different groups of Spanish citizens.<\/td>\n<td width=\"152\">Research dissemination and communication actions in different forums.<\/td>\n<\/tr>\n<\/tbody>\n<\/table>\n<h6><span style=\"color: #333399;\"><strong><strong>TEAM<\/strong><\/strong><\/span><\/h6>\n<ul>\n<li><a href=\"http:\/\/iriadacunha.com\/\" target=\"_blank\" rel=\"noopener noreferrer\">Iria da Cunha<\/a>\u00a0(director) (UNED)<\/li>\n<li><a href=\"https:\/\/www.uned.es\/universidad\/docentes\/filologia\/m-angeles-escobar-alvarez.html\" target=\"_blank\" rel=\"noopener noreferrer\">M. \u00c1ngeles Escobar<\/a>\u00a0(UNED)<\/li>\n<li><a href=\"https:\/\/www.uned.es\/universidad\/docentes\/filologia\/eva-samaniego-fernandez.html\" target=\"_blank\" rel=\"noopener noreferrer\">Eva Samaniego<\/a>\u00a0(UNED)<\/li>\n<li><a href=\"https:\/\/www.uned.es\/universidad\/docentes\/derecho\/susana-vinuales-ferreiro.html\" target=\"_blank\" rel=\"noopener noreferrer\">Susana Vi\u00f1uales<\/a>\u00a0(UNED)<\/li>\n<li><a href=\"https:\/\/portalcientifico.uned.es\/investigadores\/445699\/detalle?lang=ca\" target=\"_blank\" rel=\"noopener noreferrer\">Sabela Fern\u00e1ndez<\/a> (UNED)<\/li>\n<li><a href=\"https:\/\/www.upf.edu\/web\/iulaterm\/membres\/-\/asset_publisher\/6sC9179HOsmf\/content\/vidal-sabanes-laia-2-\/maximized\" target=\"_blank\" rel=\"noopener noreferrer\">Laia Vidal-Saban\u00e9s<\/a> (Universitat Pompeu Fabra \u2013 UNED)<\/li>\n<li><a href=\"https:\/\/www.uned.es\/universidad\/docentes\/filologia\/sara-pistola-grille.html\" target=\"_blank\" rel=\"noopener noreferrer\">Sara Pistola<\/a>\u00a0(UNED)<\/li>\n<li><a href=\"https:\/\/portalcientifico.uned.es\/investigadores\/752212\/detalle\">Jenny Azarian <\/a>(UNED)<\/li>\n<li>Jadranka Gladic (UNED)<\/li>\n<li><a href=\"https:\/\/www.uam.es\/ss\/Satellite\/FProfesorado\/es\/1242658451006\/1242657196008\/persona\/detallePDI\/Nunez_Cortes,_Juan_Antonio.htm\" target=\"_blank\" rel=\"noopener noreferrer\">Juan-Antonio N\u00fa\u00f1ez<\/a>\u00a0(Universidad Aut\u00f3noma de Madrid)<\/li>\n<li><a href=\"https:\/\/webgrec.ub.edu\/webpages\/000008\/cat\/amor.montane.ub.edu.html\" target=\"_blank\" rel=\"noopener noreferrer\">M. Amor Montan\u00e9<\/a>\u00a0(Universitat de Barcelona)<\/li>\n<\/ul>\n<h6><span style=\"color: #333399;\"><strong><strong>COLLABORATING ENTITIES<\/strong><\/strong><\/span><\/h6>\n<p><a href=\"https:\/\/www.upf.edu\/es\/web\/iulaterm\" target=\"_blank\" rel=\"noopener noreferrer\"><img decoding=\"async\" loading=\"lazy\" class=\"alignnone wp-image-913\" src=\"http:\/\/iriadacunha.com\/FundacionBBVA2015\/wp-content\/uploads\/2020\/08\/iulaterm.png\" alt=\"iulaterm\" width=\"189\" height=\"62\" \/><\/a><br \/>\n<a href=\"https:\/\/www.madrid.es\/portal\/site\/munimadrid\" target=\"_blank\" rel=\"noopener noreferrer\"><img decoding=\"async\" loading=\"lazy\" class=\"alignnone wp-image-2055\" src=\"http:\/\/iriadacunha.com\/FundacionBBVA2015\/wp-content\/uploads\/2020\/08\/logo-ayuntamiento-madrid.png\" alt=\"logo-ayuntamiento-madrid\" width=\"136\" height=\"151\" srcset=\"https:\/\/iriadacunha.com\/FundacionBBVA2015\/wp-content\/uploads\/2020\/08\/logo-ayuntamiento-madrid.png 852w, https:\/\/iriadacunha.com\/FundacionBBVA2015\/wp-content\/uploads\/2020\/08\/logo-ayuntamiento-madrid-270x300.png 270w, https:\/\/iriadacunha.com\/FundacionBBVA2015\/wp-content\/uploads\/2020\/08\/logo-ayuntamiento-madrid-768x855.png 768w, https:\/\/iriadacunha.com\/FundacionBBVA2015\/wp-content\/uploads\/2020\/08\/logo-ayuntamiento-madrid-342x380.png 342w\" sizes=\"(max-width: 136px) 100vw, 136px\" \/><\/a><\/p>\n<p><img decoding=\"async\" loading=\"lazy\" class=\"alignleft wp-image-4179\" src=\"http:\/\/iriadacunha.com\/FundacionBBVA2015\/wp-content\/uploads\/2024\/05\/Positivo-color-01-copia.png\" alt=\"\" width=\"198\" height=\"83\" srcset=\"https:\/\/iriadacunha.com\/FundacionBBVA2015\/wp-content\/uploads\/2024\/05\/Positivo-color-01-copia.png 3000w, https:\/\/iriadacunha.com\/FundacionBBVA2015\/wp-content\/uploads\/2024\/05\/Positivo-color-01-copia-300x126.png 300w, https:\/\/iriadacunha.com\/FundacionBBVA2015\/wp-content\/uploads\/2024\/05\/Positivo-color-01-copia-1024x431.png 1024w, https:\/\/iriadacunha.com\/FundacionBBVA2015\/wp-content\/uploads\/2024\/05\/Positivo-color-01-copia-768x324.png 768w, https:\/\/iriadacunha.com\/FundacionBBVA2015\/wp-content\/uploads\/2024\/05\/Positivo-color-01-copia-1536x647.png 1536w, https:\/\/iriadacunha.com\/FundacionBBVA2015\/wp-content\/uploads\/2024\/05\/Positivo-color-01-copia-2048x863.png 2048w, https:\/\/iriadacunha.com\/FundacionBBVA2015\/wp-content\/uploads\/2024\/05\/Positivo-color-01-copia-902x380.png 902w\" sizes=\"(max-width: 198px) 100vw, 198px\" \/><\/p>\n<h6><img decoding=\"async\" loading=\"lazy\" class=\"alignleft wp-image-4268\" src=\"http:\/\/iriadacunha.com\/FundacionBBVA2015\/wp-content\/uploads\/2024\/05\/LOGO-WEB-1024x1022-2.png\" alt=\"\" width=\"123\" height=\"123\" srcset=\"https:\/\/iriadacunha.com\/FundacionBBVA2015\/wp-content\/uploads\/2024\/05\/LOGO-WEB-1024x1022-2.png 1024w, https:\/\/iriadacunha.com\/FundacionBBVA2015\/wp-content\/uploads\/2024\/05\/LOGO-WEB-1024x1022-2-300x300.png 300w, https:\/\/iriadacunha.com\/FundacionBBVA2015\/wp-content\/uploads\/2024\/05\/LOGO-WEB-1024x1022-2-150x150.png 150w, https:\/\/iriadacunha.com\/FundacionBBVA2015\/wp-content\/uploads\/2024\/05\/LOGO-WEB-1024x1022-2-768x767.png 768w, https:\/\/iriadacunha.com\/FundacionBBVA2015\/wp-content\/uploads\/2024\/05\/LOGO-WEB-1024x1022-2-90x90.png 90w, https:\/\/iriadacunha.com\/FundacionBBVA2015\/wp-content\/uploads\/2024\/05\/LOGO-WEB-1024x1022-2-381x380.png 381w\" sizes=\"(max-width: 123px) 100vw, 123px\" \/><\/h6>\n<p>&nbsp;<\/p>\n<p>&nbsp;<\/p>\n<p>&nbsp;<\/p>\n<p><img decoding=\"async\" loading=\"lazy\" class=\"alignleft  wp-image-4522\" src=\"http:\/\/iriadacunha.com\/FundacionBBVA2015\/wp-content\/uploads\/2024\/11\/logo_residencia-1.png\" alt=\"\" width=\"221\" height=\"99\" srcset=\"https:\/\/iriadacunha.com\/FundacionBBVA2015\/wp-content\/uploads\/2024\/11\/logo_residencia-1.png 1801w, https:\/\/iriadacunha.com\/FundacionBBVA2015\/wp-content\/uploads\/2024\/11\/logo_residencia-1-300x134.png 300w, https:\/\/iriadacunha.com\/FundacionBBVA2015\/wp-content\/uploads\/2024\/11\/logo_residencia-1-1024x458.png 1024w, https:\/\/iriadacunha.com\/FundacionBBVA2015\/wp-content\/uploads\/2024\/11\/logo_residencia-1-768x344.png 768w, https:\/\/iriadacunha.com\/FundacionBBVA2015\/wp-content\/uploads\/2024\/11\/logo_residencia-1-1536x687.png 1536w, https:\/\/iriadacunha.com\/FundacionBBVA2015\/wp-content\/uploads\/2024\/11\/logo_residencia-1-849x380.png 849w\" sizes=\"(max-width: 221px) 100vw, 221px\" \/><\/p>\n<h6><span style=\"color: #333399;\"><strong><strong>SCIENTIFIC PRODUCTION<\/strong><\/strong><\/span><\/h6>\n<p>Click\u00a0<a href=\"http:\/\/iriadacunha.com\/FundacionBBVA2015\/en\/scientific-production\/\" target=\"_blank\" rel=\"noopener noreferrer\">here<\/a>.<\/p>\n<h6><strong><span style=\"color: #1e1e9c;\"><strong>NEWS<\/strong><\/span><\/strong><\/h6>\n<p>Click <a href=\"http:\/\/iriadacunha.com\/FundacionBBVA2015\/en\/news\/\" target=\"_blank\" rel=\"noopener noreferrer\">here<\/a>.<\/p>\n","protected":false},"excerpt":{"rendered":"<p>A technological prototype for writing in plain language: incorporation in public administration and analysis of its impact on citizens (arText_IMPACT)\u00a0(PDC2022-133935-I00) Research project developed at\u00a0Departamento de Filolog\u00edas Extranjeras y sus Ling\u00fc\u00edsticas\u00a0from the\u00a0Facultad de Filolog\u00eda\u00a0in\u00a0Universidad Nacional de Educaci\u00f3n a Distancia (UNED), in the framework of the\u00a0\u00a0ACTUALing\u00a0research group, with the collaboration of the\u00a0IULATERM\u00a0group. \u00a0\u00a0 FUNDING\u00a0 This project has &hellip; <a href=\"https:\/\/iriadacunha.com\/FundacionBBVA2015\/en\/ministry-of-science-and-innovation-2022-2024\/\" class=\"more-link\">Seguir leyendo <span class=\"screen-reader-text\">Ministry of Science and Innovation 2022-2024<\/span><\/a><\/p>\n","protected":false},"author":1,"featured_media":0,"parent":0,"menu_order":0,"comment_status":"closed","ping_status":"closed","template":"","meta":{"footnotes":""},"_links":{"self":[{"href":"https:\/\/iriadacunha.com\/FundacionBBVA2015\/wp-json\/wp\/v2\/pages\/2857"}],"collection":[{"href":"https:\/\/iriadacunha.com\/FundacionBBVA2015\/wp-json\/wp\/v2\/pages"}],"about":[{"href":"https:\/\/iriadacunha.com\/FundacionBBVA2015\/wp-json\/wp\/v2\/types\/page"}],"author":[{"embeddable":true,"href":"https:\/\/iriadacunha.com\/FundacionBBVA2015\/wp-json\/wp\/v2\/users\/1"}],"replies":[{"embeddable":true,"href":"https:\/\/iriadacunha.com\/FundacionBBVA2015\/wp-json\/wp\/v2\/comments?post=2857"}],"version-history":[{"count":25,"href":"https:\/\/iriadacunha.com\/FundacionBBVA2015\/wp-json\/wp\/v2\/pages\/2857\/revisions"}],"predecessor-version":[{"id":4523,"href":"https:\/\/iriadacunha.com\/FundacionBBVA2015\/wp-json\/wp\/v2\/pages\/2857\/revisions\/4523"}],"wp:attachment":[{"href":"https:\/\/iriadacunha.com\/FundacionBBVA2015\/wp-json\/wp\/v2\/media?parent=2857"}],"curies":[{"name":"wp","href":"https:\/\/api.w.org\/{rel}","templated":true}]}}