{"id":3339,"date":"2023-07-24T10:59:42","date_gmt":"2023-07-24T09:59:42","guid":{"rendered":"http:\/\/iriadacunha.com\/FundacionBBVA2015\/?page_id=3339"},"modified":"2024-06-25T10:12:15","modified_gmt":"2024-06-25T09:12:15","slug":"seminarios-de-investigacion-del-equipo-artext","status":"publish","type":"page","link":"https:\/\/iriadacunha.com\/FundacionBBVA2015\/es\/seminarios-de-investigacion-del-equipo-artext\/","title":{"rendered":"Seminarios de investigaci\u00f3n del equipo arText"},"content":{"rendered":"<p><span style=\"color: #000080;\"><strong>SEMINARIOS IMPARTIDOS POR INVESTIGADORES DEL EQUIPO ARTEXT <\/strong><\/span><\/p>\n<p><strong>2024<\/strong><\/p>\n<p>Fern\u00e1ndez-Silva, Sabela. \u00abEl efecto de la terminolog\u00eda clara en el procesamiento y comprensi\u00f3n de textos administrativos: un experimento de lectura autoadministrada<i>\u00bb. <\/i>En Seminario de investigaci\u00f3n predoctoral y posdoctoral del equipo arText. Facultad de Filolog\u00eda de la Universidad Nacional de Educaci\u00f3n a Distancia. Madrid (Espa\u00f1a). 21 de junio de 2024.<\/p>\n<p>Pistola, Sara. \u00abPublicaci\u00f3n de los datos de investigaci\u00f3n en el repositorio e-Cienciadatos<i>\u00bb. <\/i>En Seminario de investigaci\u00f3n predoctoral y posdoctoral del equipo arText. Facultad de Filolog\u00eda de la Universidad Nacional de Educaci\u00f3n a Distancia. Madrid (Espa\u00f1a). 3 de mayo de 2024.<\/p>\n<p>Da Cunha, Iria.\u00a0\u00abPresentaci\u00f3n del proyecto\u00a0<i>Lenguaje claro y procesamiento del lenguaje natural en textos jur\u00eddico-administrativos en ingl\u00e9s: la Comisi\u00f3n Europea como caso de estudio (EUPlainTech)\u00bb.\u00a0<\/i>En Seminario de investigaci\u00f3n predoctoral y posdoctoral del equipo arText. Facultad de Filolog\u00eda de la Universidad Nacional de Educaci\u00f3n a Distancia. Madrid (Espa\u00f1a). 23 de febrero de 2024.<\/p>\n<p><strong>2023<\/strong><\/p>\n<p>Gladic, Jadranka. \u00abRevistas y congresos para la difusi\u00f3n cient\u00edfica de la investigaci\u00f3n de arText\u00bb. En Seminario de investigaci\u00f3n predoctoral y posdoctoral del equipo arText. Facultad de Filolog\u00eda de la Universidad Nacional de Educaci\u00f3n a Distancia. Madrid (Espa\u00f1a). 17\u00a0de noviembre\u00a0de 2023.<\/p>\n<p>Fern\u00e1ndez-Silva, Sabela. \u00abProcedimientos \u00e9ticos para la investigaci\u00f3n con personas en la UNED\u00bb. En Seminario de investigaci\u00f3n predoctoral y posdoctoral del equipo arText. Facultad de Filolog\u00eda de la Universidad Nacional de Educaci\u00f3n a Distancia. Madrid (Espa\u00f1a). 6\u00a0de octubre\u00a0de 2023<\/p>\n<p>Azarian, Jenny. \u00abEvaluaci\u00f3n del impacto del uso de arText claro en la comprensi\u00f3n y la percepci\u00f3n de claridad de textos por parte de colectivos vulnerables\u00bb. En Seminario de investigaci\u00f3n predoctoral y posdoctoral del equipo arText. Facultad de Filolog\u00eda de la Universidad Nacional de Educaci\u00f3n a Distancia. Madrid (Espa\u00f1a). 3 de julio de 2023<\/p>\n<p>Vidal-Saban\u00e9s, Laia. \u00abHacia la incorporaci\u00f3n del lenguaje claro del \u00e1mbito m\u00e9dico en arText claro\u00bb. En Seminario de investigaci\u00f3n predoctoral y posdoctoral del equipo arText. Facultad de Filolog\u00eda de la Universidad Nacional de Educaci\u00f3n a Distancia. Madrid (Espa\u00f1a). 27 de junio de 2023.<\/p>\n<p>Chen, Jia. \u00abLa ense\u00f1anza de la escritura en espa\u00f1ol con ayuda de arText a estudiantes universitarios chinos\u00bb. En Seminario de investigaci\u00f3n predoctoral y posdoctoral del equipo arText. Facultad de Filolog\u00eda de la Universidad Nacional de Educaci\u00f3n a Distancia. Madrid (Espa\u00f1a). 13 de junio de 2023.<\/p>\n<p>Gladic, Jadranka. \u00abEl Trabajo de Fin de Grado en Derecho Administrativo: un an\u00e1lisis comparativo entre Espa\u00f1a y Chile\u00bb. En Seminario de investigaci\u00f3n predoctoral y posdoctoral del equipo arText. Facultad de Filolog\u00eda de la Universidad Nacional de Educaci\u00f3n a Distancia. Madrid (Espa\u00f1a). 1 de junio de 2023.<\/p>\n<p>Fern\u00e1ndez-Silva, Sabela. \u00abLos desaf\u00edos l\u00e9xicos de la comunicaci\u00f3n clara en el \u00e1mbito jur\u00eddico-administrativo: el efecto de las estrategias de clarificaci\u00f3n del l\u00e9xico en el procesamiento y en la percepci\u00f3n de la claridad de textos administrativos por parte de la ciudadan\u00eda\u00bb. En Seminario de investigaci\u00f3n predoctoral y posdoctoral del equipo arText. Facultad de Filolog\u00eda de la Universidad Nacional de Educaci\u00f3n a Distancia. Madrid (Espa\u00f1a). 16 de mayo de 2023.<\/p>\n<p>Pistola, Sara. \u00abLa ense\u00f1anza del Derecho Administrativo a trav\u00e9s de sus g\u00e9neros textuales\u00bb.\u00a0 En Seminario de investigaci\u00f3n predoctoral y posdoctoral del equipo arText. Facultad de Filolog\u00eda de la Universidad Nacional de Educaci\u00f3n a Distancia. Madrid (Espa\u00f1a). 2 de mayo de 2023.<\/p>\n<p><span style=\"color: #000080;\"><strong>SEMINARIOS IMPARTIDOS POR INVITADOS\u00a0EXTERNOS<\/strong><\/span><\/p>\n<p><strong>2024<\/strong><\/p>\n<p>Betulia Pedraza, Mar\u00eda. \u00abEl lenguaje claro en el <em>Diccionario panhisp\u00e1nico de la administraci\u00f3n p\u00fablica &#8211; DiPAP<i>\u00bb. <\/i><\/em>En\u00a0Seminario de investigaci\u00f3n predoctoral y posdoctoral del equipo arText. Facultad de Filolog\u00eda de la Universidad Nacional de Educaci\u00f3n a Distancia. Madrid (Espa\u00f1a). 14 de junio de 2024.<\/p>\n<p>Mart\u00ednez, Eric.\u00a0\u00abEven Laypeople use <em>Legalese<i>\u00bb. <\/i><\/em>En Seminario de investigaci\u00f3n predoctoral y posdoctoral del equipo arText. Facultad de Filolog\u00eda de la Universidad Nacional de Educaci\u00f3n a Distancia. Madrid (Espa\u00f1a). 5 de abril de 2024.<\/p>\n<p>Su\u00e1rez de Figueroa Baonza, Mari Carmen. \u00abLectura F\u00e1cil, Accesibilidad Cognitiva e Inteligencia Artificial Inclusiva<i>\u00bb. <\/i>En Seminario de investigaci\u00f3n predoctoral y posdoctoral del equipo arText. Facultad de Filolog\u00eda de la Universidad Nacional de Educaci\u00f3n a Distancia. Madrid (Espa\u00f1a). 22 de marzo de 2024.<\/p>\n<p>Da Silva Fran\u00e7a, Fabiana.\u00abDesentra\u00f1ando el poder de los Chatbots impulsados por Inteligencia Artificial en la Investigaci\u00f3n\u00bb. En Seminario de investigaci\u00f3n predoctoral y posdoctoral del equipo arText. Facultad de Filolog\u00eda de la Universidad Nacional de Educaci\u00f3n a Distancia. Madrid (Espa\u00f1a). 26 de enero de 2024.<\/p>\n<p><strong>2023<\/strong><\/p>\n<p>Bay\u00e9s, Marc. \u00abTestar la percepci\u00f3n de claridad de un documento administrativo: modernizaci\u00f3n de un test de usuario\u00bb. En Seminario de investigaci\u00f3n predoctoral y posdoctoral del equipo arText. Facultad de Filolog\u00eda de la Universidad Nacional de Educaci\u00f3n a Distancia. Madrid (Espa\u00f1a). 1\u00a0de diciembre de 2023.<\/p>\n<p>Yepes Villegas,\u00a0Paulina . \u00abEl lenguaje claro desde la mirada del comprensor\u00bb.\u00a0En Seminario de investigaci\u00f3n predoctoral y posdoctoral del equipo arText. Facultad de Filolog\u00eda de la Universidad Nacional de Educaci\u00f3n a Distancia. Madrid (Espa\u00f1a). 30\u00a0de octubre\u00a0de 2023.<\/p>\n<p>Pe\u00f1a de las Heras,\u00a0Esther.\u00a0\u00abEstrategia de implantaci\u00f3n de la comunicaci\u00f3n clara en la Administraci\u00f3 de la Generalitat de Catalunya\u00bb.\u00a0En Seminario de investigaci\u00f3n predoctoral y posdoctoral del equipo arText. Facultad de Filolog\u00eda de la Universidad Nacional de Educaci\u00f3n a Distancia. Madrid (Espa\u00f1a). 20 de octubre\u00a0de 2023.<\/p>\n<p>Ferrez Vega, Irema. \u00abTramitaci\u00f3n clara, una metodolog\u00eda para mejorar los documentos administrativos\u00bb.\u00a0En Seminario de investigaci\u00f3n predoctoral y posdoctoral del equipo arText. Facultad de Filolog\u00eda de la Universidad Nacional de Educaci\u00f3n a Distancia. Madrid (Espa\u00f1a). 20 de octubre\u00a0de 2023.<\/p>\n","protected":false},"excerpt":{"rendered":"<p>SEMINARIOS IMPARTIDOS POR INVESTIGADORES DEL EQUIPO ARTEXT 2024 Fern\u00e1ndez-Silva, Sabela. \u00abEl efecto de la terminolog\u00eda clara en el procesamiento y comprensi\u00f3n de textos administrativos: un experimento de lectura autoadministrada\u00bb. En Seminario de investigaci\u00f3n predoctoral y posdoctoral del equipo arText. Facultad de Filolog\u00eda de la Universidad Nacional de Educaci\u00f3n a Distancia. Madrid (Espa\u00f1a). 21 de junio &hellip; <a href=\"https:\/\/iriadacunha.com\/FundacionBBVA2015\/es\/seminarios-de-investigacion-del-equipo-artext\/\" class=\"more-link\">Seguir leyendo <span class=\"screen-reader-text\">Seminarios de investigaci\u00f3n del equipo arText<\/span><\/a><\/p>\n","protected":false},"author":1,"featured_media":0,"parent":0,"menu_order":0,"comment_status":"closed","ping_status":"closed","template":"","meta":{"footnotes":""},"_links":{"self":[{"href":"https:\/\/iriadacunha.com\/FundacionBBVA2015\/wp-json\/wp\/v2\/pages\/3339"}],"collection":[{"href":"https:\/\/iriadacunha.com\/FundacionBBVA2015\/wp-json\/wp\/v2\/pages"}],"about":[{"href":"https:\/\/iriadacunha.com\/FundacionBBVA2015\/wp-json\/wp\/v2\/types\/page"}],"author":[{"embeddable":true,"href":"https:\/\/iriadacunha.com\/FundacionBBVA2015\/wp-json\/wp\/v2\/users\/1"}],"replies":[{"embeddable":true,"href":"https:\/\/iriadacunha.com\/FundacionBBVA2015\/wp-json\/wp\/v2\/comments?post=3339"}],"version-history":[{"count":11,"href":"https:\/\/iriadacunha.com\/FundacionBBVA2015\/wp-json\/wp\/v2\/pages\/3339\/revisions"}],"predecessor-version":[{"id":4379,"href":"https:\/\/iriadacunha.com\/FundacionBBVA2015\/wp-json\/wp\/v2\/pages\/3339\/revisions\/4379"}],"wp:attachment":[{"href":"https:\/\/iriadacunha.com\/FundacionBBVA2015\/wp-json\/wp\/v2\/media?parent=3339"}],"curies":[{"name":"wp","href":"https:\/\/api.w.org\/{rel}","templated":true}]}}