{"id":3344,"date":"2023-07-24T11:04:30","date_gmt":"2023-07-24T10:04:30","guid":{"rendered":"http:\/\/iriadacunha.com\/FundacionBBVA2015\/?page_id=3344"},"modified":"2024-06-25T10:13:24","modified_gmt":"2024-06-25T09:13:24","slug":"artext-team-research-seminars","status":"publish","type":"page","link":"https:\/\/iriadacunha.com\/FundacionBBVA2015\/es\/artext-team-research-seminars\/","title":{"rendered":"arText team research seminars"},"content":{"rendered":"<p><span style=\"color: #000080;\"><strong>SEMINARS GIVEN BY ARTEXT TEAM\u00a0RESEARCHERS\u00a0<\/strong><\/span><\/p>\n<p><strong>2024<\/strong><\/p>\n<p>Fern\u00e1ndez-Silva, Sabela. \u00abEl efecto de la terminolog\u00eda clara en el procesamiento y comprensi\u00f3n de textos administrativos: un experimento de lectura autoadministrada<i>\u00bb. <\/i>In Seminario de investigaci\u00f3n predoctoral y posdoctoral del equipo arText. Facultad de Filolog\u00eda de la Universidad Nacional de Educaci\u00f3n a Distancia. Madrid (Spain). 21 July, 2024.<\/p>\n<p>Pistola, Sara. \u00abPublicaci\u00f3n de los datos de investigaci\u00f3n en el repositorio e-Cienciadatos<i>\u00bb. <\/i>InSeminario de investigaci\u00f3n predoctoral y posdoctoral del equipo arText. Facultad de Filolog\u00eda de la Universidad Nacional de Educaci\u00f3n a Distancia. Madrid (Spain). 3 May, 2024.<\/p>\n<p>Da Cunha, Iria.\u00a0\u00abPresentaci\u00f3n del proyecto\u00a0<i>Lenguaje claro y procesamiento del lenguaje natural en textos jur\u00eddico-administrativos en ingl\u00e9s: la Comisi\u00f3n Europea como caso de estudio (EUPlainTech)\u00bb.\u00a0<\/i>En Seminario de investigaci\u00f3n predoctoral y posdoctoral del equipo arText. Facultad de Filolog\u00eda de la Universidad Nacional de Educaci\u00f3n a Distancia. Madrid (Spain). 23 February, 2024.<\/p>\n<p><strong>2023<\/strong><\/p>\n<p>Gladic, Jadranka. \u00abRevistas y congresos para la difusi\u00f3n cient\u00edfica de la investigaci\u00f3n de arText\u00bb. In\u00a0Seminario de investigaci\u00f3n predoctoral y posdoctoral del equipo arText. Facultad de Filolog\u00eda de la Universidad Nacional de Educaci\u00f3n a Distancia. Madrid (Spain).\u00a017 November\u00a02023.<\/p>\n<p>Fern\u00e1ndez-Silva, Sabela. \u00abProcedimientos \u00e9ticos para la investigaci\u00f3n con personas en la UNED\u00bb. In\u00a0Seminario de investigaci\u00f3n predoctoral y posdoctoral del equipo arText. Facultad de Filolog\u00eda de la Universidad Nacional de Educaci\u00f3n a Distancia. Madrid (Spain). 6 October\u00a02023<\/p>\n<p>Azarian, Jenny. \u00abEvaluaci\u00f3n del impacto del uso de arText claro en la comprensi\u00f3n y la percepci\u00f3n de claridad de textos por parte de colectivos vulnerables\u00bb. In\u00a0Seminario de investigaci\u00f3n predoctoral y posdoctoral del equipo arText. Facultad de Filolog\u00eda de la Universidad Nacional de Educaci\u00f3n a Distancia. Madrid (Spain). 3 July, 2023<\/p>\n<p>Vidal-Saban\u00e9s, Laia. \u00abHacia la incorporaci\u00f3n del lenguaje claro del \u00e1mbito m\u00e9dico en arText claro\u00bb. In\u00a0Seminario de investigaci\u00f3n predoctoral y posdoctoral del equipo arText. Facultad de Filolog\u00eda de la Universidad Nacional de Educaci\u00f3n a Distancia. Madrid (Spain). 27 June, 2023.<\/p>\n<p>Chen, Jia. \u00abLa ense\u00f1anza de la escritura en espa\u00f1ol con ayuda de arText a estudiantes universitarios chinos\u00bb. In\u00a0Seminario de investigaci\u00f3n predoctoral y posdoctoral del equipo arText. Facultad de Filolog\u00eda de la Universidad Nacional de Educaci\u00f3n a Distancia. Madrid (Spain). 13 June, 2023.<\/p>\n<p>Gladic, Jadranka. \u00abEl Trabajo de Fin de Grado en Derecho Administrativo: un an\u00e1lisis comparativo entre Espa\u00f1a y Chile\u00bb. In\u00a0Seminario de investigaci\u00f3n predoctoral y posdoctoral del equipo arText. Facultad de Filolog\u00eda de la Universidad Nacional de Educaci\u00f3n a Distancia. Madrid (Spain). 1 June, 2023.<\/p>\n<p>Fern\u00e1ndez-Silva, Sabela. \u00abLos desaf\u00edos l\u00e9xicos de la comunicaci\u00f3n clara en el \u00e1mbito jur\u00eddico-administrativo: el efecto de las estrategias de clarificaci\u00f3n del l\u00e9xico en el procesamiento y en la percepci\u00f3n de la claridad de textos administrativos por parte de la ciudadan\u00eda\u00bb. In\u00a0Seminario de investigaci\u00f3n predoctoral y posdoctoral del equipo arText. Facultad de Filolog\u00eda de la Universidad Nacional de Educaci\u00f3n a Distancia. Madrid (Spain). 16 May, 2023.<\/p>\n<p>Pistola, Sara. \u00abLa ense\u00f1anza del Derecho Administrativo a trav\u00e9s de sus g\u00e9neros textuales\u00bb. \u00a0In Seminario de investigaci\u00f3n predoctoral y posdoctoral del equipo arText. Facultad de Filolog\u00eda de la Universidad Nacional de Educaci\u00f3n a Distancia. Madrid (Spain). 2 May, 2023.<\/p>\n<p><span style=\"color: #000080;\"><strong>SEMINARS GIVEN BY EXTERNAL GUESTS<\/strong><\/span><\/p>\n<p><strong>2024<\/strong><\/p>\n<p>Betulia Pedraza, Mar\u00eda. \u00abEl lenguaje claro en el\u00a0<em>Diccionario panhisp\u00e1nico de la administraci\u00f3n p\u00fablica &#8211; DiPAP\u00bb.<\/em><em>\u00a0<\/em>En\u00a0Seminario de investigaci\u00f3n predoctoral y posdoctoral del equipo arText. Facultad de Filolog\u00eda de la Universidad Nacional de Educaci\u00f3n a Distancia. Madrid (Spain). 14 July, 2024.<\/p>\n<p>Mart\u00ednez, Eric.\u00a0\u00abEven Laypeople use <em>Legalese<i>\u00bb. <\/i><\/em>In Seminario de investigaci\u00f3n predoctoral y posdoctoral del equipo arText. Facultad de Filolog\u00eda de la Universidad Nacional de Educaci\u00f3n a Distancia. Madrid (Espa\u00f1a). 5, April, 2024.<\/p>\n<p>Su\u00e1rez de Figueroa Baonza, Mari Carmen. \u00abLectura F\u00e1cil, Accesibilidad Cognitiva e Inteligencia Artificial Inclusiva<i>\u00bb. <\/i>In Seminario de investigaci\u00f3n predoctoral y posdoctoral del equipo arText. Facultad de Filolog\u00eda de la Universidad Nacional de Educaci\u00f3n a Distancia. Madrid (Espa\u00f1a). 22 March, 2024.<\/p>\n<p>Da Silva Fran\u00e7a, Fabiana.\u00abDesentra\u00f1ando el poder de los Chatbots impulsados por Inteligencia Artificial en la Investigaci\u00f3n\u00bb. In Seminario de investigaci\u00f3n predoctoral y posdoctoral del equipo arText. Facultad de Filolog\u00eda de la Universidad Nacional de Educaci\u00f3n a Distancia. Madrid (Espa\u00f1a). 26 January, 2024.<\/p>\n<p><strong>2023<\/strong><\/p>\n<p>Bay\u00e9s, Marc. \u00abTestar la percepci\u00f3n de claridad de un documento administrativo: modernizaci\u00f3n de un test de usuario\u00bb. In Seminario de investigaci\u00f3n predoctoral y posdoctoral del equipo arText. Facultad de Filolog\u00eda de la Universidad Nacional de Educaci\u00f3n a Distancia. Madrid (Spain). 1\u00a0December, 2023.<\/p>\n<p>Yepes Villegas,\u00a0Paulina .<b> \u00ab<\/b>El lenguaje claro desde la mirada del comprensor\u00bb. In\u00a0Seminario de investigaci\u00f3n predoctoral y posdoctoral del equipo arText. Facultad de Filolog\u00eda de la Universidad Nacional de Educaci\u00f3n a Distancia. Madrid (Spain). 30 October, 2023.<\/p>\n<p>Pe\u00f1a de las Heras,\u00a0Esther.\u00a0\u00abEstrategia de implantaci\u00f3n de la comunicaci\u00f3n clara en la Administraci\u00f3 de la Generalitat de Catalunya\u00bb. In\u00a0Seminario de investigaci\u00f3n predoctoral y posdoctoral del equipo arText. Facultad de Filolog\u00eda de la Universidad Nacional de Educaci\u00f3n a Distancia. Madrid (Spain). 20 October, 2023.<\/p>\n<p>Ferrez Vega, Irema. \u00abTramitaci\u00f3n clara, una metodolog\u00eda para mejorar los documentos administrativos\u00bb. In\u00a0Seminario de investigaci\u00f3n predoctoral y posdoctoral del equipo arText. Facultad de Filolog\u00eda de la Universidad Nacional de Educaci\u00f3n a Distancia. Madrid (Spain). 20 October, 2023.<\/p>\n","protected":false},"excerpt":{"rendered":"<p>SEMINARS GIVEN BY ARTEXT TEAM\u00a0RESEARCHERS\u00a0 2024 Fern\u00e1ndez-Silva, Sabela. \u00abEl efecto de la terminolog\u00eda clara en el procesamiento y comprensi\u00f3n de textos administrativos: un experimento de lectura autoadministrada\u00bb. In Seminario de investigaci\u00f3n predoctoral y posdoctoral del equipo arText. Facultad de Filolog\u00eda de la Universidad Nacional de Educaci\u00f3n a Distancia. Madrid (Spain). 21 July, 2024. Pistola, Sara. &hellip; <a href=\"https:\/\/iriadacunha.com\/FundacionBBVA2015\/es\/artext-team-research-seminars\/\" class=\"more-link\">Seguir leyendo <span class=\"screen-reader-text\">arText team research seminars<\/span><\/a><\/p>\n","protected":false},"author":1,"featured_media":0,"parent":0,"menu_order":0,"comment_status":"closed","ping_status":"closed","template":"","meta":{"footnotes":""},"_links":{"self":[{"href":"https:\/\/iriadacunha.com\/FundacionBBVA2015\/wp-json\/wp\/v2\/pages\/3344"}],"collection":[{"href":"https:\/\/iriadacunha.com\/FundacionBBVA2015\/wp-json\/wp\/v2\/pages"}],"about":[{"href":"https:\/\/iriadacunha.com\/FundacionBBVA2015\/wp-json\/wp\/v2\/types\/page"}],"author":[{"embeddable":true,"href":"https:\/\/iriadacunha.com\/FundacionBBVA2015\/wp-json\/wp\/v2\/users\/1"}],"replies":[{"embeddable":true,"href":"https:\/\/iriadacunha.com\/FundacionBBVA2015\/wp-json\/wp\/v2\/comments?post=3344"}],"version-history":[{"count":10,"href":"https:\/\/iriadacunha.com\/FundacionBBVA2015\/wp-json\/wp\/v2\/pages\/3344\/revisions"}],"predecessor-version":[{"id":4380,"href":"https:\/\/iriadacunha.com\/FundacionBBVA2015\/wp-json\/wp\/v2\/pages\/3344\/revisions\/4380"}],"wp:attachment":[{"href":"https:\/\/iriadacunha.com\/FundacionBBVA2015\/wp-json\/wp\/v2\/media?parent=3344"}],"curies":[{"name":"wp","href":"https:\/\/api.w.org\/{rel}","templated":true}]}}