{"id":3494,"date":"2024-01-24T18:13:21","date_gmt":"2024-01-24T17:13:21","guid":{"rendered":"http:\/\/iriadacunha.com\/FundacionBBVA2015\/?page_id=3494"},"modified":"2025-07-02T02:41:54","modified_gmt":"2025-07-02T01:41:54","slug":"margarita-salas-upfuned-2023-2024","status":"publish","type":"page","link":"https:\/\/iriadacunha.com\/FundacionBBVA2015\/es\/margarita-salas-upfuned-2023-2024\/","title":{"rendered":"Margarita Salas UPF\/UNED 2023-2024"},"content":{"rendered":"<p><strong>Hacia\u00a0la incorporaci\u00f3n del lenguaje claro del \u00e1mbito m\u00e9dico en arText claro <\/strong><br \/>\n<strong>(2022UPF-MS-2)<\/strong><\/p>\n<p style=\"text-align: justify;\">Proyecto de investigaci\u00f3n llevado a cabo en el\u00a0<a href=\"https:\/\/www.uned.es\/universidad\/\/facultades\/departamentos\/filologias-extranjeras-y-sus-linguisticas.html\">Departamento de Filolog\u00edas Extranjeras y sus Ling\u00fc\u00edsticas<\/a>\u00a0de la\u00a0\u00a0<a href=\"https:\/\/www.uned.es\/universidad\/facultades\/filologia.html\">Facultad de Filolog\u00eda<\/a>\u00a0de la\u00a0<a href=\"https:\/\/www.uned.es\/universidad\/inicio.html\">Universidad Nacional de Educaci\u00f3n a Distancia (UNED)<\/a>, con la colaboraci\u00f3n del grupo <a href=\"https:\/\/www.upf.edu\/es\/web\/iulaterm\" target=\"_blank\" rel=\"noopener noreferrer\">IULATERM<\/a> y la <a href=\"https:\/\/www.semfyc.es\/medicos\/\" target=\"_blank\" rel=\"noopener noreferrer\">Sociedad Espa\u00f1ola de Medicina de Familia y Comunitaria<\/a>\u00a0(semFYC).<\/p>\n<p><a href=\"https:\/\/www.uned.es\/universidad\/facultades\/filologia.html\"><img decoding=\"async\" loading=\"lazy\" class=\"alignleft wp-image-981\" src=\"http:\/\/iriadacunha.com\/FundacionBBVA2015\/wp-content\/uploads\/2020\/08\/logo_UNED_Facultad_Filolog\u00eda.png\" alt=\"logo_UNED_Facultad_Filolog\u00eda\" width=\"250\" height=\"119\" \/><\/a><\/p>\n<p>&nbsp;<\/p>\n<p>&nbsp;<\/p>\n<p>&nbsp;<\/p>\n<p>&nbsp;<\/p>\n<p><span style=\"color: #000080;\"><strong>FINANCIACI\u00d3N<\/strong><\/span><\/p>\n<p><img decoding=\"async\" loading=\"lazy\" class=\"alignnone wp-image-3852\" src=\"http:\/\/iriadacunha.com\/FundacionBBVA2015\/wp-content\/uploads\/2024\/01\/margarita-300x46.png\" alt=\"margarita\" width=\"580\" height=\"89\" srcset=\"https:\/\/iriadacunha.com\/FundacionBBVA2015\/wp-content\/uploads\/2024\/01\/margarita-300x46.png 300w, https:\/\/iriadacunha.com\/FundacionBBVA2015\/wp-content\/uploads\/2024\/01\/margarita-768x117.png 768w, https:\/\/iriadacunha.com\/FundacionBBVA2015\/wp-content\/uploads\/2024\/01\/margarita-1024x155.png 1024w, https:\/\/iriadacunha.com\/FundacionBBVA2015\/wp-content\/uploads\/2024\/01\/margarita-1180x179.png 1180w\" sizes=\"(max-width: 580px) 100vw, 580px\" \/><\/p>\n<p style=\"text-align: justify;\">Este proyecto ha sido financiado por la Uni\u00f3n Europea-NextGenerationEU, Ministerio de Universidades y Plan de Recuperaci\u00f3n, Transformaci\u00f3n y Resiliencia, mediante convocatoria complementaria recualificaci\u00f3n &#8211; Ayudas Margarita Salas de la Universitat Pompeu Fabra.<\/p>\n<p style=\"text-align: justify;\">Presupuesto:\u00a069.700 euros (contrataci\u00f3n del investigador principal y gastos de traslado)<\/p>\n<p><span style=\"color: #000080;\"><strong>OBJETIVOS Y METODOLOG\u00cdA<\/strong><\/span><\/p>\n<p style=\"text-align: justify;\">Este proyecto tiene los dos objetivos generales que se detallan a continuaci\u00f3n:<\/p>\n<p style=\"text-align: justify;\">OBJETIVO GENERAL 1. Incorporar en arText claro la posibilidad de redactar en lenguaje claro textos del \u00e1mbito m\u00e9dico dirigidos a los pacientes.<\/p>\n<p style=\"text-align: justify;\">OBJETIVO GENERAL 2. Integrar en el nivel l\u00e9xico de la herramienta un glosario de t\u00e9rminos m\u00e9dicos con sus variantes sencillas, es decir, m\u00e1s transparentes sem\u00e1nticamente.<\/p>\n<table width=\"597\">\n<tbody>\n<tr>\n<td style=\"text-align: center;\" colspan=\"3\" width=\"593\"><strong>METODOLOG\u00cdA<\/strong><\/td>\n<\/tr>\n<tr>\n<td style=\"text-align: center;\" width=\"187\">FASE 1<\/td>\n<td style=\"text-align: center;\" width=\"209\">FASE 2<\/td>\n<td style=\"text-align: center;\" width=\"193\">FASE 3<\/td>\n<\/tr>\n<tr>\n<td width=\"187\">\n<p style=\"text-align: left;\">Detecci\u00f3n de las especialidades m\u00e9dicas de trabajo.<\/p>\n<p style=\"text-align: left;\">\n<\/td>\n<td width=\"209\">\n<p style=\"text-align: left;\">Elaboraci\u00f3n de un glosario de t\u00e9rminos m\u00e9dicos que incluya t\u00e9rminos complejos sem\u00e1nticamente junto con sus variantes m\u00e1s sencillas.<\/p>\n<p style=\"text-align: left;\">\n<\/td>\n<td width=\"193\">\n<p style=\"text-align: left;\">Integraci\u00f3n\u00a0del glosario en arText claro.<\/p>\n<p style=\"text-align: left;\">\n<\/td>\n<\/tr>\n<\/tbody>\n<\/table>\n<p><span style=\"color: #000080;\"><strong>EQUIPO<\/strong><\/span><\/p>\n<p>Laia Vidal-Saban\u00e9s (directora) (investigadora posdoctoral Margarita Salas UPF-UNED)<br \/>\n<a href=\"http:\/\/iriadacunha.com\" target=\"_blank\" rel=\"noopener noreferrer\">Iria da Cunha<\/a> (UNED)<\/p>\n<p><span style=\"color: #000080;\"><strong>PROFESIONALES DE LA SALUD COLABORADORES<\/strong><\/span><\/p>\n<p>Mar\u00eda Jos\u00e9 Mart\u00ednez Membrive<br \/>\n<img decoding=\"async\" loading=\"lazy\" class=\"alignleft wp-image-4187\" src=\"http:\/\/iriadacunha.com\/FundacionBBVA2015\/wp-content\/uploads\/2024\/05\/mar-1.png\" alt=\"\" width=\"178\" height=\"56\" srcset=\"https:\/\/iriadacunha.com\/FundacionBBVA2015\/wp-content\/uploads\/2024\/05\/mar-1.png 400w, https:\/\/iriadacunha.com\/FundacionBBVA2015\/wp-content\/uploads\/2024\/05\/mar-1-300x95.png 300w\" sizes=\"(max-width: 178px) 100vw, 178px\" \/><\/p>\n<p>&nbsp;<\/p>\n<p>&nbsp;<\/p>\n<p>V\u00edctor Garc\u00eda Hernando<br \/>\n<img decoding=\"async\" loading=\"lazy\" class=\"alignleft wp-image-4188\" src=\"http:\/\/iriadacunha.com\/FundacionBBVA2015\/wp-content\/uploads\/2024\/05\/parc-tauli-1.png\" alt=\"\" width=\"197\" height=\"52\" srcset=\"https:\/\/iriadacunha.com\/FundacionBBVA2015\/wp-content\/uploads\/2024\/05\/parc-tauli-1.png 436w, https:\/\/iriadacunha.com\/FundacionBBVA2015\/wp-content\/uploads\/2024\/05\/parc-tauli-1-300x79.png 300w\" sizes=\"(max-width: 197px) 100vw, 197px\" \/><\/p>\n<p>&nbsp;<\/p>\n<p>&nbsp;<\/p>\n<p>Enric Cascos Garc\u00eda<br \/>\n<img decoding=\"async\" loading=\"lazy\" class=\"alignleft wp-image-4190\" src=\"http:\/\/iriadacunha.com\/FundacionBBVA2015\/wp-content\/uploads\/2024\/05\/clinic1-1.jpg\" alt=\"\" width=\"211\" height=\"85\" srcset=\"https:\/\/iriadacunha.com\/FundacionBBVA2015\/wp-content\/uploads\/2024\/05\/clinic1-1.jpg 338w, https:\/\/iriadacunha.com\/FundacionBBVA2015\/wp-content\/uploads\/2024\/05\/clinic1-1-300x121.jpg 300w\" sizes=\"(max-width: 211px) 100vw, 211px\" \/><\/p>\n<p>&nbsp;<\/p>\n<p>&nbsp;<\/p>\n<p><span style=\"color: #000080;\"><strong>ENTIDADES COLABORADORAS<\/strong><\/span><\/p>\n<p><a href=\"https:\/\/www.semfyc.es\"><img decoding=\"async\" loading=\"lazy\" class=\"alignnone wp-image-3503\" src=\"http:\/\/iriadacunha.com\/FundacionBBVA2015\/wp-content\/uploads\/2023\/11\/logo2019-semfyc-300x169.png\" alt=\"logo2019-semfyc\" width=\"151\" height=\"85\" srcset=\"https:\/\/iriadacunha.com\/FundacionBBVA2015\/wp-content\/uploads\/2023\/11\/logo2019-semfyc-300x169.png 300w, https:\/\/iriadacunha.com\/FundacionBBVA2015\/wp-content\/uploads\/2023\/11\/logo2019-semfyc-768x432.png 768w, https:\/\/iriadacunha.com\/FundacionBBVA2015\/wp-content\/uploads\/2023\/11\/logo2019-semfyc-1024x576.png 1024w, https:\/\/iriadacunha.com\/FundacionBBVA2015\/wp-content\/uploads\/2023\/11\/logo2019-semfyc-676x380.png 676w\" sizes=\"(max-width: 151px) 100vw, 151px\" \/><\/a><\/p>\n<p>&nbsp;<\/p>\n<p><a href=\"https:\/\/www.upf.edu\/web\/iulaterm\"><img decoding=\"async\" loading=\"lazy\" class=\"alignnone wp-image-913\" src=\"http:\/\/iriadacunha.com\/FundacionBBVA2015\/wp-content\/uploads\/2020\/08\/iulaterm.png\" alt=\"iulaterm\" width=\"161\" height=\"53\" \/><\/a><\/p>\n<p>&nbsp;<\/p>\n<p><span style=\"color: #000080;\"><strong>NOTICIAS<\/strong><\/span><\/p>\n<p class=\"xmsonormal\">Pincha\u00a0<a href=\"http:\/\/iriadacunha.com\/FundacionBBVA2015\/es\/noticias\/\" target=\"_blank\" rel=\"noopener noreferrer\">aqu\u00ed<\/a>.<\/p>\n","protected":false},"excerpt":{"rendered":"<p>Hacia\u00a0la incorporaci\u00f3n del lenguaje claro del \u00e1mbito m\u00e9dico en arText claro (2022UPF-MS-2) Proyecto de investigaci\u00f3n llevado a cabo en el\u00a0Departamento de Filolog\u00edas Extranjeras y sus Ling\u00fc\u00edsticas\u00a0de la\u00a0\u00a0Facultad de Filolog\u00eda\u00a0de la\u00a0Universidad Nacional de Educaci\u00f3n a Distancia (UNED), con la colaboraci\u00f3n del grupo IULATERM y la Sociedad Espa\u00f1ola de Medicina de Familia y Comunitaria\u00a0(semFYC). &nbsp; &nbsp; &nbsp; &hellip; <a href=\"https:\/\/iriadacunha.com\/FundacionBBVA2015\/es\/margarita-salas-upfuned-2023-2024\/\" class=\"more-link\">Seguir leyendo <span class=\"screen-reader-text\">Margarita Salas UPF\/UNED 2023-2024<\/span><\/a><\/p>\n","protected":false},"author":1,"featured_media":0,"parent":0,"menu_order":0,"comment_status":"closed","ping_status":"closed","template":"","meta":{"footnotes":""},"_links":{"self":[{"href":"https:\/\/iriadacunha.com\/FundacionBBVA2015\/wp-json\/wp\/v2\/pages\/3494"}],"collection":[{"href":"https:\/\/iriadacunha.com\/FundacionBBVA2015\/wp-json\/wp\/v2\/pages"}],"about":[{"href":"https:\/\/iriadacunha.com\/FundacionBBVA2015\/wp-json\/wp\/v2\/types\/page"}],"author":[{"embeddable":true,"href":"https:\/\/iriadacunha.com\/FundacionBBVA2015\/wp-json\/wp\/v2\/users\/1"}],"replies":[{"embeddable":true,"href":"https:\/\/iriadacunha.com\/FundacionBBVA2015\/wp-json\/wp\/v2\/comments?post=3494"}],"version-history":[{"count":46,"href":"https:\/\/iriadacunha.com\/FundacionBBVA2015\/wp-json\/wp\/v2\/pages\/3494\/revisions"}],"predecessor-version":[{"id":4694,"href":"https:\/\/iriadacunha.com\/FundacionBBVA2015\/wp-json\/wp\/v2\/pages\/3494\/revisions\/4694"}],"wp:attachment":[{"href":"https:\/\/iriadacunha.com\/FundacionBBVA2015\/wp-json\/wp\/v2\/media?parent=3494"}],"curies":[{"name":"wp","href":"https:\/\/api.w.org\/{rel}","templated":true}]}}