{"id":3509,"date":"2024-01-24T18:13:30","date_gmt":"2024-01-24T17:13:30","guid":{"rendered":"http:\/\/iriadacunha.com\/FundacionBBVA2015\/?page_id=3509"},"modified":"2024-03-02T23:16:57","modified_gmt":"2024-03-02T22:16:57","slug":"maria-zambrano-uned-2023-2024","status":"publish","type":"page","link":"https:\/\/iriadacunha.com\/FundacionBBVA2015\/es\/maria-zambrano-uned-2023-2024\/","title":{"rendered":"Mar\u00eda Zambrano UNED 2023-2024"},"content":{"rendered":"<p style=\"text-align: justify;\"><strong>Los desaf\u00edos l\u00e9xicos de la comunicaci\u00f3n clara en el \u00e1mbito jur\u00eddico-administrativo: un estudio emp\u00edrico sobre el efecto de las estrategias de clarificaci\u00f3n del l\u00e9xico en el procesamiento y en la percepci\u00f3n de la claridad de textos administrativos por parte de la ciudadan\u00eda (REGAGE22e00043005339)<\/strong><\/p>\n<p>Proyecto de investigaci\u00f3n llevado a cabo en el\u00a0<a href=\"https:\/\/www.uned.es\/universidad\/\/facultades\/departamentos\/filologias-extranjeras-y-sus-linguisticas.html\">Departamento de Filolog\u00edas Extranjeras y sus Ling\u00fc\u00edsticas<\/a>\u00a0de la\u00a0\u00a0<a href=\"https:\/\/www.uned.es\/universidad\/facultades\/filologia.html\">Facultad de Filolog\u00eda<\/a>\u00a0de la\u00a0\u00a0<a href=\"https:\/\/www.uned.es\/universidad\/inicio.html\">Universidad Nacional de Educaci\u00f3n a Distancia (UNED)\u00a0<\/a>.<\/p>\n<p><a href=\"https:\/\/www.uned.es\/universidad\/facultades\/filologia.html\"><img decoding=\"async\" loading=\"lazy\" class=\"alignleft wp-image-981\" src=\"http:\/\/iriadacunha.com\/FundacionBBVA2015\/wp-content\/uploads\/2020\/08\/logo_UNED_Facultad_Filolog\u00eda.png\" alt=\"logo_UNED_Facultad_Filolog\u00eda\" width=\"250\" height=\"119\" \/><\/a><\/p>\n<p>&nbsp;<\/p>\n<p>&nbsp;<\/p>\n<p>&nbsp;<\/p>\n<p>&nbsp;<\/p>\n<p><span style=\"color: #000080;\"><strong>FINANCIACI\u00d3N<\/strong><\/span><\/p>\n<p><img decoding=\"async\" loading=\"lazy\" class=\"alignleft size-full wp-image-3510\" src=\"http:\/\/iriadacunha.com\/FundacionBBVA2015\/wp-content\/uploads\/2023\/11\/logo_zambrano.png\" alt=\"logo_zambrano\" width=\"4097\" height=\"458\" srcset=\"https:\/\/iriadacunha.com\/FundacionBBVA2015\/wp-content\/uploads\/2023\/11\/logo_zambrano.png 4097w, https:\/\/iriadacunha.com\/FundacionBBVA2015\/wp-content\/uploads\/2023\/11\/logo_zambrano-300x34.png 300w, https:\/\/iriadacunha.com\/FundacionBBVA2015\/wp-content\/uploads\/2023\/11\/logo_zambrano-768x86.png 768w, https:\/\/iriadacunha.com\/FundacionBBVA2015\/wp-content\/uploads\/2023\/11\/logo_zambrano-1024x114.png 1024w, https:\/\/iriadacunha.com\/FundacionBBVA2015\/wp-content\/uploads\/2023\/11\/logo_zambrano-1180x132.png 1180w\" sizes=\"(max-width: 4097px) 100vw, 4097px\" \/><\/p>\n<p>&nbsp;<\/p>\n<p>Este proyecto ha sido financiado en la convocatoria\u00a0 complementaria de ayudas para la recualificaci\u00f3n del sistema universitario espa\u00f1ol para el per\u00edodo 2021-2023, en la modalidad de ayudas \u201cMar\u00eda Zambrano\u201d para la atracci\u00f3n de talento internacional.<\/p>\n<p>Presupuesto: 96.000 euros (contrataci\u00f3n de la investigadora principal y gastos de traslado).<\/p>\n<p class=\"xmsonormal\"><span style=\"color: #000080;\"><strong>OBJETIVOS Y METODOLOG\u00cdA<\/strong><\/span><\/p>\n<p>OBJETIVO GENERAL 1. Determinar si existen diferencias significativas entre el procesamiento de secuencias l\u00e9xicas problem\u00e1ticas desde la perspectiva del lenguaje claro y sus alternativas clarificadas a partir de las recomendaciones del sistema arText claro.<\/p>\n<p>OBJETIVO GENERAL 2.\u00a0 Determinar si existen diferencias significativas entre la percepci\u00f3n de claridad de textos que presentan problemas l\u00e9xicos desde la perspectiva del lenguaje claro y sus versiones clarificadas mediante las recomendaciones del sistema arText claro.<\/p>\n<table style=\"height: 285px;\" width=\"601\">\n<tbody>\n<tr>\n<td colspan=\"2\" width=\"593\">\n<p style=\"text-align: center;\"><strong>METODOLOG\u00cdA<\/strong><\/p>\n<\/td>\n<\/tr>\n<tr>\n<td style=\"text-align: center;\" width=\"299\">FASE 1<\/td>\n<td width=\"292\">\n<p style=\"text-align: center;\">FASE 2<\/p>\n<\/td>\n<\/tr>\n<tr>\n<td width=\"299\">Evaluaci\u00f3n del tiempo de lectura y grado de comprensi\u00f3n de textos administrativos con presencia de t\u00e9rminos dif\u00edciles de entender y de uso corriente por parte de estudiantes universitarios de Madrid.<\/td>\n<td width=\"292\">Evaluaci\u00f3n de la percepci\u00f3n de claridad de textos con presencia de elementos l\u00e9xicos dif\u00edciles de entender desde la perspectiva del lenguaje claro (terminolog\u00eda t\u00e9cnica, siglas, anglicismos, nominalizaciones) y sus versiones clarificadas con el sistema arText en estudiantes universitarios.<\/td>\n<\/tr>\n<\/tbody>\n<\/table>\n<p><span style=\"color: #000080;\"><strong>EQUIPO<\/strong><\/span><\/p>\n<p><span style=\"color: #000000;\"><a href=\"https:\/\/pure.pucv.cl\/es\/persons\/sabela-fernandez-silva\" target=\"_blank\" rel=\"noopener noreferrer\">Sabela Fern\u00e1ndez Silva<\/a> (directora) (Investigadora posdoctoral Mar\u00eda Zambrano UNED)<br \/>\n<a href=\"http:\/\/iriadacunha.com\" target=\"_blank\" rel=\"noopener noreferrer\">Iria da Cunha<\/a> (UNED)<br \/>\n<a href=\"https:\/\/www.uam.es\/ss\/Satellite\/FProfesorado\/es\/1242658451006\/1242657196008\/persona\/detallePDI\/Nunez_Cortes,_Juan_Antonio.htm\" target=\"_blank\" rel=\"noopener noreferrer\">Juan-Antonio N\u00fa\u00f1ez<\/a> (Universidad Aut\u00f3noma de Madrid)<\/span><\/p>\n<p class=\"xmsonormal\"><span style=\"color: #000080;\"><strong>NOTICIAS<\/strong><\/span><\/p>\n<p class=\"xmsonormal\">Pincha\u00a0<a href=\"http:\/\/iriadacunha.com\/FundacionBBVA2015\/es\/noticias\/\" target=\"_blank\" rel=\"noopener noreferrer\">aqu\u00ed<\/a>.<\/p>\n","protected":false},"excerpt":{"rendered":"<p>Los desaf\u00edos l\u00e9xicos de la comunicaci\u00f3n clara en el \u00e1mbito jur\u00eddico-administrativo: un estudio emp\u00edrico sobre el efecto de las estrategias de clarificaci\u00f3n del l\u00e9xico en el procesamiento y en la percepci\u00f3n de la claridad de textos administrativos por parte de la ciudadan\u00eda (REGAGE22e00043005339) Proyecto de investigaci\u00f3n llevado a cabo en el\u00a0Departamento de Filolog\u00edas Extranjeras y &hellip; <a href=\"https:\/\/iriadacunha.com\/FundacionBBVA2015\/es\/maria-zambrano-uned-2023-2024\/\" class=\"more-link\">Seguir leyendo <span class=\"screen-reader-text\">Mar\u00eda Zambrano UNED 2023-2024<\/span><\/a><\/p>\n","protected":false},"author":1,"featured_media":0,"parent":0,"menu_order":0,"comment_status":"closed","ping_status":"closed","template":"","meta":{"footnotes":""},"_links":{"self":[{"href":"https:\/\/iriadacunha.com\/FundacionBBVA2015\/wp-json\/wp\/v2\/pages\/3509"}],"collection":[{"href":"https:\/\/iriadacunha.com\/FundacionBBVA2015\/wp-json\/wp\/v2\/pages"}],"about":[{"href":"https:\/\/iriadacunha.com\/FundacionBBVA2015\/wp-json\/wp\/v2\/types\/page"}],"author":[{"embeddable":true,"href":"https:\/\/iriadacunha.com\/FundacionBBVA2015\/wp-json\/wp\/v2\/users\/1"}],"replies":[{"embeddable":true,"href":"https:\/\/iriadacunha.com\/FundacionBBVA2015\/wp-json\/wp\/v2\/comments?post=3509"}],"version-history":[{"count":19,"href":"https:\/\/iriadacunha.com\/FundacionBBVA2015\/wp-json\/wp\/v2\/pages\/3509\/revisions"}],"predecessor-version":[{"id":4150,"href":"https:\/\/iriadacunha.com\/FundacionBBVA2015\/wp-json\/wp\/v2\/pages\/3509\/revisions\/4150"}],"wp:attachment":[{"href":"https:\/\/iriadacunha.com\/FundacionBBVA2015\/wp-json\/wp\/v2\/media?parent=3509"}],"curies":[{"name":"wp","href":"https:\/\/api.w.org\/{rel}","templated":true}]}}