{"id":3864,"date":"2024-01-24T18:13:51","date_gmt":"2024-01-24T17:13:51","guid":{"rendered":"http:\/\/iriadacunha.com\/FundacionBBVA2015\/?page_id=3864"},"modified":"2025-07-02T02:43:05","modified_gmt":"2025-07-02T01:43:05","slug":"margarita-salas-upfuned-2023-2024-2","status":"publish","type":"page","link":"https:\/\/iriadacunha.com\/FundacionBBVA2015\/en\/margarita-salas-upfuned-2023-2024-2\/","title":{"rendered":"Margarita Salas UPF\/UNED 2023-2024"},"content":{"rendered":"<p><strong>Towards incorporating medical plain language in arText claro (2022UPF-MS-2)<\/strong><\/p>\n<p style=\"text-align: justify;\">Research project developed at\u00a0<a href=\"https:\/\/www.uned.es\/universidad\/\/facultades\/departamentos\/filologias-extranjeras-y-sus-linguisticas.html\">Departamento de Filolog\u00edas Extranjeras y sus Ling\u00fc\u00edsticas<\/a>\u00a0from the\u00a0<a href=\"https:\/\/www.uned.es\/universidad\/facultades\/filologia.html\">Facultad de Filolog\u00eda<\/a>\u00a0in\u00a0<a href=\"https:\/\/www.uned.es\/universidad\/inicio.html\">Universidad Nacional de Educaci\u00f3n a Distancia (UNED)<\/a>, with the collaboration of the <a href=\"https:\/\/www.upf.edu\/es\/web\/iulaterm\" target=\"_blank\" rel=\"noopener noreferrer\">IULATERM<\/a>\u00a0group and the\u00a0<a href=\"https:\/\/www.semfyc.es\/medicos\/\" target=\"_blank\" rel=\"noopener noreferrer\">Sociedad Espa\u00f1ola de Medicina de Familia y Comunitaria<\/a>\u00a0(semFYC).<\/p>\n<p><a href=\"https:\/\/www.uned.es\/universidad\/facultades\/filologia.html\"><img decoding=\"async\" loading=\"lazy\" class=\"alignnone wp-image-981\" src=\"http:\/\/iriadacunha.com\/FundacionBBVA2015\/wp-content\/uploads\/2020\/08\/logo_UNED_Facultad_Filolog\u00eda.png\" alt=\"logo_UNED_Facultad_Filolog\u00eda\" width=\"250\" height=\"119\" \/><\/a><\/p>\n<p><span style=\"color: #000080;\"><strong>FUNDING<\/strong><\/span><\/p>\n<p><img decoding=\"async\" loading=\"lazy\" class=\"alignnone wp-image-3852\" src=\"http:\/\/iriadacunha.com\/FundacionBBVA2015\/wp-content\/uploads\/2024\/01\/margarita-300x46.png\" alt=\"margarita\" width=\"580\" height=\"89\" srcset=\"https:\/\/iriadacunha.com\/FundacionBBVA2015\/wp-content\/uploads\/2024\/01\/margarita-300x46.png 300w, https:\/\/iriadacunha.com\/FundacionBBVA2015\/wp-content\/uploads\/2024\/01\/margarita-768x117.png 768w, https:\/\/iriadacunha.com\/FundacionBBVA2015\/wp-content\/uploads\/2024\/01\/margarita-1024x155.png 1024w, https:\/\/iriadacunha.com\/FundacionBBVA2015\/wp-content\/uploads\/2024\/01\/margarita-1180x179.png 1180w\" sizes=\"(max-width: 580px) 100vw, 580px\" \/><\/p>\n<p style=\"text-align: justify;\">This project has been carried out thanks to the\u00a0European Union-NextGenerationEU, Ministry of Science, Innovation and Universities and\u00a0Recovery, Transformation and Resilience Plan, <span lang=\"EN-GB\">through a call from Pompeu Fabra University (Barcelona).<\/span><\/p>\n<p style=\"text-align: justify;\">Budget:\u00a069.700 euros (principal investigator recruitment and relocation expenses)<\/p>\n<p><span style=\"color: #000080;\"><strong>AIMS AND METHODOLOGY<\/strong><\/span><\/p>\n<p style=\"text-align: justify;\">This project has two <strong>main objectives:<\/strong><\/p>\n<p style=\"text-align: justify;\">OBJECTIVE\u00a01. Incorporate in arText claro the possibility of writing medical texts for patients in clear language.<\/p>\n<p style=\"text-align: justify;\">OBJECTIVE\u00a02. Integrate into the lexical level of the tool a glossary of medical terms with their simple variants.<\/p>\n<table width=\"597\">\n<tbody>\n<tr>\n<td style=\"text-align: center;\" colspan=\"3\" width=\"593\"><strong>METHODOLOGY<\/strong><\/td>\n<\/tr>\n<tr>\n<td style=\"text-align: center;\" width=\"187\">STAGE\u00a01<\/td>\n<td style=\"text-align: center;\" width=\"209\">STAGE\u00a02<\/td>\n<td style=\"text-align: center;\" width=\"193\">STAGE 3<\/td>\n<\/tr>\n<tr>\n<td width=\"187\">\n<p style=\"text-align: left;\">Detection of medical specialties to be worked on.<\/p>\n<p style=\"text-align: left;\">\n<\/td>\n<td width=\"209\">\n<p style=\"text-align: left;\">Development of a glossary of medical terms that includes semantically complex terms along with their simpler variants.<\/p>\n<\/td>\n<td width=\"193\">\n<p style=\"text-align: left;\">Glossary integration in arText claro.<\/p>\n<p style=\"text-align: left;\">\n<\/td>\n<\/tr>\n<\/tbody>\n<\/table>\n<p><span style=\"color: #000080;\"><strong>TEAM<\/strong><\/span><\/p>\n<p>Laia Vidal-Saban\u00e9s (director) (Margarita Salas Postdoctoral Fellow)<br \/>\n<a href=\"http:\/\/iriadacunha.com\" target=\"_blank\" rel=\"noopener noreferrer\">Iria da Cunha<\/a> (UNED)<\/p>\n<p><strong><span style=\"color: #000080;\">COLLABORATING HEALTH PROFESSIONALS<\/span><\/strong><\/p>\n<p>Mar\u00eda Jos\u00e9 Mart\u00ednez Membrive<br \/>\n<img decoding=\"async\" loading=\"lazy\" class=\"alignleft wp-image-4187\" src=\"http:\/\/iriadacunha.com\/FundacionBBVA2015\/wp-content\/uploads\/2024\/05\/mar-1.png\" alt=\"\" width=\"178\" height=\"56\" srcset=\"https:\/\/iriadacunha.com\/FundacionBBVA2015\/wp-content\/uploads\/2024\/05\/mar-1.png 400w, https:\/\/iriadacunha.com\/FundacionBBVA2015\/wp-content\/uploads\/2024\/05\/mar-1-300x95.png 300w\" sizes=\"(max-width: 178px) 100vw, 178px\" \/><\/p>\n<p>&nbsp;<br \/>\n&nbsp;<\/p>\n<p>V\u00edctor Garc\u00eda Hernando<br \/>\n<img decoding=\"async\" loading=\"lazy\" class=\"alignleft wp-image-4188\" src=\"http:\/\/iriadacunha.com\/FundacionBBVA2015\/wp-content\/uploads\/2024\/05\/parc-tauli-1.png\" alt=\"\" width=\"197\" height=\"52\" srcset=\"https:\/\/iriadacunha.com\/FundacionBBVA2015\/wp-content\/uploads\/2024\/05\/parc-tauli-1.png 436w, https:\/\/iriadacunha.com\/FundacionBBVA2015\/wp-content\/uploads\/2024\/05\/parc-tauli-1-300x79.png 300w\" sizes=\"(max-width: 197px) 100vw, 197px\" \/><\/p>\n<p>&nbsp;<\/p>\n<p>&nbsp;<\/p>\n<p>Enric Cascos Garc\u00eda<br \/>\n<img decoding=\"async\" loading=\"lazy\" class=\"alignleft wp-image-4190\" src=\"http:\/\/iriadacunha.com\/FundacionBBVA2015\/wp-content\/uploads\/2024\/05\/clinic1-1.jpg\" alt=\"\" width=\"211\" height=\"85\" srcset=\"https:\/\/iriadacunha.com\/FundacionBBVA2015\/wp-content\/uploads\/2024\/05\/clinic1-1.jpg 338w, https:\/\/iriadacunha.com\/FundacionBBVA2015\/wp-content\/uploads\/2024\/05\/clinic1-1-300x121.jpg 300w\" sizes=\"(max-width: 211px) 100vw, 211px\" \/><\/p>\n<p>&nbsp;<\/p>\n<p>&nbsp;<\/p>\n<p><span style=\"color: #000080;\"><strong>COLLABORING ENTITIES<\/strong><\/span><\/p>\n<p><a href=\"https:\/\/www.semfyc.es\"><img decoding=\"async\" loading=\"lazy\" class=\"alignnone wp-image-3503\" src=\"http:\/\/iriadacunha.com\/FundacionBBVA2015\/wp-content\/uploads\/2023\/11\/logo2019-semfyc-300x169.png\" alt=\"logo2019-semfyc\" width=\"151\" height=\"85\" srcset=\"https:\/\/iriadacunha.com\/FundacionBBVA2015\/wp-content\/uploads\/2023\/11\/logo2019-semfyc-300x169.png 300w, https:\/\/iriadacunha.com\/FundacionBBVA2015\/wp-content\/uploads\/2023\/11\/logo2019-semfyc-768x432.png 768w, https:\/\/iriadacunha.com\/FundacionBBVA2015\/wp-content\/uploads\/2023\/11\/logo2019-semfyc-1024x576.png 1024w, https:\/\/iriadacunha.com\/FundacionBBVA2015\/wp-content\/uploads\/2023\/11\/logo2019-semfyc-676x380.png 676w\" sizes=\"(max-width: 151px) 100vw, 151px\" \/><\/a><\/p>\n<p><a href=\"https:\/\/www.upf.edu\/web\/iulaterm\"><img decoding=\"async\" loading=\"lazy\" class=\"alignnone wp-image-913\" src=\"http:\/\/iriadacunha.com\/FundacionBBVA2015\/wp-content\/uploads\/2020\/08\/iulaterm.png\" alt=\"iulaterm\" width=\"161\" height=\"53\" \/><\/a><\/p>\n<p><span style=\"color: #000080;\"><strong>NEWS<\/strong><\/span><\/p>\n<p class=\"xmsonormal\">Click\u00a0<a href=\"http:\/\/iriadacunha.com\/FundacionBBVA2015\/en\/news\/\" target=\"_blank\" rel=\"noopener noreferrer\">here<\/a>.<\/p>\n","protected":false},"excerpt":{"rendered":"<p>Towards incorporating medical plain language in arText claro (2022UPF-MS-2) Research project developed at\u00a0Departamento de Filolog\u00edas Extranjeras y sus Ling\u00fc\u00edsticas\u00a0from the\u00a0Facultad de Filolog\u00eda\u00a0in\u00a0Universidad Nacional de Educaci\u00f3n a Distancia (UNED), with the collaboration of the IULATERM\u00a0group and the\u00a0Sociedad Espa\u00f1ola de Medicina de Familia y Comunitaria\u00a0(semFYC). FUNDING This project has been carried out thanks to the\u00a0European Union-NextGenerationEU, Ministry &hellip; <a href=\"https:\/\/iriadacunha.com\/FundacionBBVA2015\/en\/margarita-salas-upfuned-2023-2024-2\/\" class=\"more-link\">Seguir leyendo <span class=\"screen-reader-text\">Margarita Salas UPF\/UNED 2023-2024<\/span><\/a><\/p>\n","protected":false},"author":1,"featured_media":0,"parent":0,"menu_order":0,"comment_status":"closed","ping_status":"closed","template":"","meta":{"footnotes":""},"_links":{"self":[{"href":"https:\/\/iriadacunha.com\/FundacionBBVA2015\/wp-json\/wp\/v2\/pages\/3864"}],"collection":[{"href":"https:\/\/iriadacunha.com\/FundacionBBVA2015\/wp-json\/wp\/v2\/pages"}],"about":[{"href":"https:\/\/iriadacunha.com\/FundacionBBVA2015\/wp-json\/wp\/v2\/types\/page"}],"author":[{"embeddable":true,"href":"https:\/\/iriadacunha.com\/FundacionBBVA2015\/wp-json\/wp\/v2\/users\/1"}],"replies":[{"embeddable":true,"href":"https:\/\/iriadacunha.com\/FundacionBBVA2015\/wp-json\/wp\/v2\/comments?post=3864"}],"version-history":[{"count":10,"href":"https:\/\/iriadacunha.com\/FundacionBBVA2015\/wp-json\/wp\/v2\/pages\/3864\/revisions"}],"predecessor-version":[{"id":4695,"href":"https:\/\/iriadacunha.com\/FundacionBBVA2015\/wp-json\/wp\/v2\/pages\/3864\/revisions\/4695"}],"wp:attachment":[{"href":"https:\/\/iriadacunha.com\/FundacionBBVA2015\/wp-json\/wp\/v2\/media?parent=3864"}],"curies":[{"name":"wp","href":"https:\/\/api.w.org\/{rel}","templated":true}]}}