{"id":3869,"date":"2024-01-24T18:13:59","date_gmt":"2024-01-24T17:13:59","guid":{"rendered":"http:\/\/iriadacunha.com\/FundacionBBVA2015\/?page_id=3869"},"modified":"2024-03-02T23:17:06","modified_gmt":"2024-03-02T22:17:06","slug":"maria-zambrano-uned-20232024","status":"publish","type":"page","link":"https:\/\/iriadacunha.com\/FundacionBBVA2015\/en\/maria-zambrano-uned-20232024\/","title":{"rendered":"Mar\u00eda Zambrano UNED 2023\/2024"},"content":{"rendered":"<p style=\"text-align: justify;\"><strong>The lexical challenges of clear communication in the legal-administrative field: an empirical study on the effect of lexical clarification strategies on the processing and perception of clarity of administrative texts by the public (REGAGE22e00043005339)<\/strong><\/p>\n<p style=\"text-align: justify;\">Research project developed at <a href=\"https:\/\/www.uned.es\/universidad\/\/facultades\/departamentos\/filologias-extranjeras-y-sus-linguisticas.html\">Departamento de Filolog\u00edas Extranjeras y sus Ling\u00fc\u00edsticas<\/a> from the\u00a0<a href=\"https:\/\/www.uned.es\/universidad\/facultades\/filologia.html\">Facultad de Filolog\u00eda<\/a> in \u00a0<a href=\"https:\/\/www.uned.es\/universidad\/inicio.html\">Universidad Nacional de Educaci\u00f3n a Distancia (UNED)\u00a0<\/a>.<\/p>\n<p><a href=\"https:\/\/www.uned.es\/universidad\/facultades\/filologia.html\"><img decoding=\"async\" loading=\"lazy\" class=\"alignleft wp-image-981\" src=\"http:\/\/iriadacunha.com\/FundacionBBVA2015\/wp-content\/uploads\/2020\/08\/logo_UNED_Facultad_Filolog\u00eda.png\" alt=\"logo_UNED_Facultad_Filolog\u00eda\" width=\"250\" height=\"119\" \/><\/a><\/p>\n<p>&nbsp;<\/p>\n<p>&nbsp;<\/p>\n<p>&nbsp;<\/p>\n<p><span style=\"color: #000080;\"><strong>FUNDING<\/strong><\/span><\/p>\n<p><img decoding=\"async\" loading=\"lazy\" class=\"alignnone wp-image-3874 \" src=\"http:\/\/iriadacunha.com\/FundacionBBVA2015\/wp-content\/uploads\/2024\/01\/zambrano_1-1-300x43.png\" alt=\"\" width=\"558\" height=\"80\" srcset=\"https:\/\/iriadacunha.com\/FundacionBBVA2015\/wp-content\/uploads\/2024\/01\/zambrano_1-1-300x43.png 300w, https:\/\/iriadacunha.com\/FundacionBBVA2015\/wp-content\/uploads\/2024\/01\/zambrano_1-1-768x110.png 768w, https:\/\/iriadacunha.com\/FundacionBBVA2015\/wp-content\/uploads\/2024\/01\/zambrano_1-1-1024x146.png 1024w, https:\/\/iriadacunha.com\/FundacionBBVA2015\/wp-content\/uploads\/2024\/01\/zambrano_1-1-1180x169.png 1180w\" sizes=\"(max-width: 558px) 100vw, 558px\" \/><\/p>\n<p style=\"text-align: justify;\">This project has been carried out thanks to the complementary call for subsidies\u00a0to public universities for the requalification of the Spanish university system for the period 2021-2023, in the modality of \u00abMar\u00eda Zambrano\u00bb grants for the attraction of international talent.<\/p>\n<p>Budget: 96.000 euros (principal investigator recruitment and relocation expenses).<\/p>\n<p class=\"xmsonormal\"><span style=\"color: #000080;\"><strong>AIMS AND METHODOLOGY<\/strong><\/span><\/p>\n<p style=\"text-align: justify;\">OBJECTIVE\u00a01. To determine whether there are significant differences between the processing of problematic lexical sequences from the plain language perspective and their alternatives clarified from the recommendations of the arText claro system.<\/p>\n<p style=\"text-align: justify;\">OBJECTIVE 2. To determine whether there are significant differences between the perceived clarity of texts with lexical problems from a plain language perspective and their clarified versions using the recommendations of the arText claro system.<\/p>\n<table style=\"height: 285px;\" width=\"601\">\n<tbody>\n<tr>\n<td colspan=\"2\" width=\"593\">\n<p style=\"text-align: center;\"><strong>METHODOLOGY<\/strong><\/p>\n<\/td>\n<\/tr>\n<tr>\n<td style=\"text-align: center;\" width=\"299\">STAGE\u00a01<\/td>\n<td width=\"292\">\n<p style=\"text-align: center;\">STAGE 2<\/p>\n<\/td>\n<\/tr>\n<tr>\n<td width=\"299\">Evaluation of reading time and comprehension of administrative texts with difficult to understand and commonly used terms by university students in Madrid.<\/td>\n<td width=\"292\">Evaluation of the perception of clarity of texts with lexical elements that are difficult to understand from the perspective of plain language (technical terminology, acronyms, anglicisms, nominalizations) and their\u00a0versions clarified with the arText system in university students.<\/td>\n<\/tr>\n<\/tbody>\n<\/table>\n<p><span style=\"color: #000080;\"><strong>TEAM<\/strong><\/span><\/p>\n<p><span style=\"color: #000000;\"><a href=\"https:\/\/pure.pucv.cl\/es\/persons\/sabela-fernandez-silva\" target=\"_blank\" rel=\"noopener noreferrer\">Sabela Fern\u00e1ndez Silva<\/a> (director) (Mar\u00eda Zambrano Postdoctoral Fellow)<br \/>\n<a href=\"http:\/\/iriadacunha.com\" target=\"_blank\" rel=\"noopener noreferrer\">Iria da Cunha<\/a> (UNED)<br \/>\n<a href=\"https:\/\/www.uam.es\/ss\/Satellite\/FProfesorado\/es\/1242658451006\/1242657196008\/persona\/detallePDI\/Nunez_Cortes,_Juan_Antonio.htm\" target=\"_blank\" rel=\"noopener noreferrer\">Juan-Antonio N\u00fa\u00f1ez<\/a> (Universidad Aut\u00f3noma de Madrid)<\/span><\/p>\n<p><span style=\"color: #000080;\"><strong>NEWS<\/strong><\/span><\/p>\n<p class=\"xmsonormal\">Click\u00a0<a href=\"http:\/\/iriadacunha.com\/FundacionBBVA2015\/en\/news\/\" target=\"_blank\" rel=\"noopener noreferrer\">here<\/a>.<\/p>\n","protected":false},"excerpt":{"rendered":"<p>The lexical challenges of clear communication in the legal-administrative field: an empirical study on the effect of lexical clarification strategies on the processing and perception of clarity of administrative texts by the public (REGAGE22e00043005339) Research project developed at Departamento de Filolog\u00edas Extranjeras y sus Ling\u00fc\u00edsticas from the\u00a0Facultad de Filolog\u00eda in \u00a0Universidad Nacional de Educaci\u00f3n a &hellip; <a href=\"https:\/\/iriadacunha.com\/FundacionBBVA2015\/en\/maria-zambrano-uned-20232024\/\" class=\"more-link\">Seguir leyendo <span class=\"screen-reader-text\">Mar\u00eda Zambrano UNED 2023\/2024<\/span><\/a><\/p>\n","protected":false},"author":1,"featured_media":0,"parent":0,"menu_order":0,"comment_status":"closed","ping_status":"closed","template":"","meta":{"footnotes":""},"_links":{"self":[{"href":"https:\/\/iriadacunha.com\/FundacionBBVA2015\/wp-json\/wp\/v2\/pages\/3869"}],"collection":[{"href":"https:\/\/iriadacunha.com\/FundacionBBVA2015\/wp-json\/wp\/v2\/pages"}],"about":[{"href":"https:\/\/iriadacunha.com\/FundacionBBVA2015\/wp-json\/wp\/v2\/types\/page"}],"author":[{"embeddable":true,"href":"https:\/\/iriadacunha.com\/FundacionBBVA2015\/wp-json\/wp\/v2\/users\/1"}],"replies":[{"embeddable":true,"href":"https:\/\/iriadacunha.com\/FundacionBBVA2015\/wp-json\/wp\/v2\/comments?post=3869"}],"version-history":[{"count":8,"href":"https:\/\/iriadacunha.com\/FundacionBBVA2015\/wp-json\/wp\/v2\/pages\/3869\/revisions"}],"predecessor-version":[{"id":4151,"href":"https:\/\/iriadacunha.com\/FundacionBBVA2015\/wp-json\/wp\/v2\/pages\/3869\/revisions\/4151"}],"wp:attachment":[{"href":"https:\/\/iriadacunha.com\/FundacionBBVA2015\/wp-json\/wp\/v2\/media?parent=3869"}],"curies":[{"name":"wp","href":"https:\/\/api.w.org\/{rel}","templated":true}]}}