{"id":3877,"date":"2024-01-18T23:57:07","date_gmt":"2024-01-18T22:57:07","guid":{"rendered":"http:\/\/iriadacunha.com\/FundacionBBVA2015\/?page_id=3877"},"modified":"2026-02-13T15:38:10","modified_gmt":"2026-02-13T14:38:10","slug":"ministerio-de-ciencia-innovacion-y-universidades-2023-2026","status":"publish","type":"page","link":"https:\/\/iriadacunha.com\/FundacionBBVA2015\/es\/ministerio-de-ciencia-innovacion-y-universidades-2023-2026\/","title":{"rendered":"Ministerio de Ciencia, Innovaci\u00f3n y Universidades 2023-2027"},"content":{"rendered":"<p><b>Lenguaje claro y procesamiento del lenguaje natural en textos jur\u00eddico-administrativos en ingl\u00e9s: la Comisi\u00f3n Europea como caso de estudio (EUPlainTech) (PID2022-143092NB-I00)<\/b><\/p>\n<p class=\"p2\">Proyecto de investigaci\u00f3n llevado a cabo en el\u00a0<a href=\"https:\/\/www.uned.es\/universidad\/\/facultades\/departamentos\/filologias-extranjeras-y-sus-linguisticas.html\" target=\"_blank\" rel=\"noopener noreferrer\">Departamento de Filolog\u00edas Extranjeras y sus Ling\u00fc\u00edsticas<\/a>\u00a0de la\u00a0\u00a0<a href=\"https:\/\/www.uned.es\/universidad\/facultades\/filologia.html\" target=\"_blank\" rel=\"noopener noreferrer\">Facultad de Filolog\u00eda<\/a>\u00a0de la\u00a0\u00a0<a href=\"https:\/\/www.uned.es\/universidad\/inicio.html\" target=\"_blank\" rel=\"noopener noreferrer\">Universidad Nacional de Educaci\u00f3n a Distancia (UNED)\u00a0<\/a>en el marco del grupo\u00a0<a href=\"http:\/\/portal.uned.es\/portal\/page?_pageid=93,8840791&amp;_dad=portal&amp;_schema=PORTAL\" target=\"_blank\" rel=\"noopener noreferrer\">ACTUALing<\/a>, con la colaboraci\u00f3n del grupo\u00a0<a href=\"https:\/\/www.upf.edu\/es\/web\/iulaterm\" target=\"_blank\" rel=\"noopener noreferrer\">IULATERM<\/a>.<\/p>\n<p class=\"p2\"><a href=\"https:\/\/www.uned.es\/universidad\/facultades\/filologia.html\" target=\"_blank\" rel=\"noopener noreferrer\">\u00a0\u00a0<\/a><a href=\"https:\/\/www.uned.es\/universidad\/facultades\/filologia.html\" target=\"_blank\" rel=\"noopener noreferrer\"><img decoding=\"async\" loading=\"lazy\" class=\"alignnone wp-image-981\" src=\"http:\/\/iriadacunha.com\/FundacionBBVA2015\/wp-content\/uploads\/2020\/08\/logo_UNED_Facultad_Filolog%C3%ADa-300x143.png\" alt=\"logo_UNED_Facultad_Filolog\u00eda\" width=\"231\" height=\"110\" \/><\/a><a href=\"http:\/\/portal.uned.es\/portal\/page?_pageid=93,8840791&amp;_dad=portal&amp;_schema=PORTAL\" target=\"_blank\" rel=\"noopener noreferrer\"><img decoding=\"async\" loading=\"lazy\" class=\"alignnone wp-image-109\" src=\"http:\/\/iriadacunha.com\/FundacionBBVA2015\/wp-content\/uploads\/2016\/03\/actualing.png\" alt=\"actualing\" width=\"242\" height=\"63\" \/><\/a><\/p>\n<h6 class=\"p2\"><span style=\"color: #000080;\">FINANCIACI\u00d3N\u00a0<\/span><\/h6>\n<p class=\"p2\"><img decoding=\"async\" loading=\"lazy\" class=\"alignleft size-full wp-image-4903\" src=\"http:\/\/iriadacunha.com\/FundacionBBVA2015\/wp-content\/uploads\/2026\/02\/logo_proyecto_Generacion_Conocimiento_marzo2024-scaled.jpg\" alt=\"\" width=\"2560\" height=\"496\" srcset=\"https:\/\/iriadacunha.com\/FundacionBBVA2015\/wp-content\/uploads\/2026\/02\/logo_proyecto_Generacion_Conocimiento_marzo2024-scaled.jpg 2560w, https:\/\/iriadacunha.com\/FundacionBBVA2015\/wp-content\/uploads\/2026\/02\/logo_proyecto_Generacion_Conocimiento_marzo2024-300x58.jpg 300w, https:\/\/iriadacunha.com\/FundacionBBVA2015\/wp-content\/uploads\/2026\/02\/logo_proyecto_Generacion_Conocimiento_marzo2024-1024x198.jpg 1024w, https:\/\/iriadacunha.com\/FundacionBBVA2015\/wp-content\/uploads\/2026\/02\/logo_proyecto_Generacion_Conocimiento_marzo2024-768x149.jpg 768w, https:\/\/iriadacunha.com\/FundacionBBVA2015\/wp-content\/uploads\/2026\/02\/logo_proyecto_Generacion_Conocimiento_marzo2024-1536x298.jpg 1536w, https:\/\/iriadacunha.com\/FundacionBBVA2015\/wp-content\/uploads\/2026\/02\/logo_proyecto_Generacion_Conocimiento_marzo2024-2048x397.jpg 2048w, https:\/\/iriadacunha.com\/FundacionBBVA2015\/wp-content\/uploads\/2026\/02\/logo_proyecto_Generacion_Conocimiento_marzo2024-1180x229.jpg 1180w\" sizes=\"(max-width: 2560px) 100vw, 2560px\" \/><\/p>\n<p class=\"p2\" style=\"text-align: justify;\">Este proyecto ha sido financiado en la Convocatoria 2022 de \u00abProyectos de Generaci\u00f3n de Conocimiento\u00bb en el marco del Programa Estatal para Impulsar la Investigacio\u0301n Cienti\u0301fico-Te\u0301cnica y su Transferencia, del Plan Estatal de Investigacio\u0301n Cienti\u0301fica, Te\u0301cnica y de Innovacio\u0301n 2021-2023.<\/p>\n<p>Presupuesto: 87.500 euros.<\/p>\n<h6><span style=\"color: #000080;\">OBJETIVOS Y METODOLOG\u00cdA\u00a0<\/span><\/h6>\n<p class=\"p1\">Este proyecto tiene <b>tres objetivos generales<\/b>, que se indican a continuaci\u00f3n:<\/p>\n<p class=\"p1\" style=\"text-align: justify;\">O<span class=\"s1\">BJETIVO GENERAL <\/span>1.\u00a0Investigar sobre las posibilidades que el procesamiento del lenguaje natural (PLN) ofrece para detectar de manera autom\u00e1tica en textos jur\u00eddico-administrativos en ingl\u00e9s fen\u00f3menos ling\u00fc\u00edsticos que interfieran en la redacci\u00f3n en lenguaje claro.<\/p>\n<p class=\"p1\" style=\"text-align: justify;\">O<span class=\"s1\">BJETIVO GENERAL <\/span>2.\u00a0Analizar y sistematizar los rasgos ling\u00fc\u00edsticos protot\u00edpicos de algunos g\u00e9neros textuales espec\u00edficos generados en el \u00e1mbito de la Comisi\u00f3n Europea (CE).<\/p>\n<p class=\"p1\" style=\"text-align: justify;\">O<span class=\"s1\">BJETIVO GENERAL <\/span>3. Desarrollar una herramienta tecnol\u00f3gica para la mejora de la comunicaci\u00f3n escrita entre la Uni\u00f3n Europea (UE) y la ciudadan\u00eda.<\/p>\n<table style=\"height: 213px;\" width=\"629\">\n<tbody>\n<tr>\n<td style=\"text-align: center;\" colspan=\"4\" width=\"459\"><strong>METODOLOG\u00cdA<\/strong><\/td>\n<\/tr>\n<tr>\n<td width=\"153\">FASE 1<\/td>\n<td width=\"151\">FASE 2<\/td>\n<td width=\"152\">FASE 3<\/td>\n<td width=\"154\">FASE 4<\/td>\n<\/tr>\n<tr>\n<td width=\"153\">An\u00e1lisis de recomendaciones de lenguaje claro en ingl\u00e9s de la UE.<\/td>\n<td width=\"151\">An\u00e1lisis de g\u00e9neros textuales jur\u00eddico-administrativos de la CE.<\/td>\n<td width=\"152\">Implementaci\u00f3n del software.<\/td>\n<td width=\"154\">Difusi\u00f3n del software.<\/td>\n<\/tr>\n<\/tbody>\n<\/table>\n<h6><span style=\"color: #333399;\"><strong>EQUIPO<\/strong><\/span><\/h6>\n<ul>\n<li><a href=\"http:\/\/iriadacunha.com\/\" target=\"_blank\" rel=\"noopener noreferrer\">Iria da Cunha<\/a>\u00a0(directora) (UNED)<\/li>\n<li><a href=\"https:\/\/www.uned.es\/universidad\/docentes\/filologia\/m-angeles-escobar-alvarez.html\" target=\"_blank\" rel=\"noopener noreferrer\">M. \u00c1ngeles Escobar<\/a>\u00a0(UNED)<\/li>\n<li><a href=\"https:\/\/www.uned.es\/universidad\/docentes\/filologia\/eva-samaniego-fernandez.html\" target=\"_blank\" rel=\"noopener noreferrer\">Eva Samaniego<\/a>\u00a0(UNED)<\/li>\n<li><a href=\"https:\/\/www.uned.es\/universidad\/docentes\/filologia\/montserrat-bermudez-bausela.html\">Montserrat Berm\u00fadez Bausela<\/a> (UNED)<\/li>\n<li><a href=\"https:\/\/www.uned.es\/universidad\/docentes\/filologia\/silvia-sanchez-calderon.html\">Silvia S\u00e1nchez Calder\u00f3n<\/a> (UNED)<\/li>\n<li><a href=\"https:\/\/www.uned.es\/universidad\/docentes\/derecho\/susana-vinuales-ferreiro.html\" target=\"_blank\" rel=\"noopener noreferrer\">Susana Vi\u00f1uales<\/a>\u00a0(UNED)<\/li>\n<li><a href=\"https:\/\/www.uned.es\/universidad\/docentes\/filologia\/sara-pistola-grille.html\" target=\"_blank\" rel=\"noopener noreferrer\">Sara Pistola<\/a>\u00a0(UNED)<\/li>\n<li>Paloma Blasco (UNED)<\/li>\n<li><a href=\"https:\/\/www.upf.edu\/web\/iulaterm\/membres\/-\/asset_publisher\/6sC9179HOsmf\/content\/vidal-sabanes-laia-2-\/maximized\" target=\"_blank\" rel=\"noopener noreferrer\">Laia Vidal-Saban\u00e9s<\/a> (Universitat Pompeu Fabra \u2013 UNED)<\/li>\n<li><a href=\"https:\/\/www.uam.es\/ss\/Satellite\/FProfesorado\/es\/1242658451006\/1242657196008\/persona\/detallePDI\/Nunez_Cortes,_Juan_Antonio.htm\" target=\"_blank\" rel=\"noopener noreferrer\">Juan-Antonio N\u00fa\u00f1ez<\/a>\u00a0(Universidad Aut\u00f3noma de Madrid)<\/li>\n<li><a href=\"https:\/\/webgrec.ub.edu\/webpages\/000008\/cat\/amor.montane.ub.edu.html\" target=\"_blank\" rel=\"noopener noreferrer\">M. Amor Montan\u00e9<\/a>\u00a0(Universitat de Barcelona)<\/li>\n<li><a href=\"https:\/\/www.sfu.ca\/~mtaboada\/\">Maite Taboada<\/a>\u00a0(Simon Fraser University)<\/li>\n<li><a href=\"https:\/\/www.iingen.unam.mx\/es-mx\/Investigacion\/Academicos\/Paginas\/GSierraM.aspx\">Gerardo Sierra<\/a>\u00a0(Universidad Nacional Aut\u00f3noma de M\u00e9xico)<\/li>\n<\/ul>\n<p><span style=\"color: #000080;\"><strong>ENTIDADES COLABORADORAS<\/strong><\/span><\/p>\n<p><a href=\"https:\/\/www.upf.edu\/es\/web\/iulaterm\" target=\"_blank\" rel=\"noopener noreferrer\"><img decoding=\"async\" loading=\"lazy\" class=\"alignnone wp-image-913\" src=\"http:\/\/iriadacunha.com\/FundacionBBVA2015\/wp-content\/uploads\/2020\/08\/iulaterm.png\" alt=\"iulaterm\" width=\"189\" height=\"62\" \/><\/a><\/p>\n<h6>EPO (Entidad Promotora Observadora):<\/h6>\n<p><span style=\"color: #000000;\">Direcci\u00f3n General de Traducci\u00f3n, Comisi\u00f3n Europea, Representaci\u00f3n en Espa\u00f1a<\/span><\/p>\n<h6><img decoding=\"async\" loading=\"lazy\" class=\"alignnone wp-image-3879 size-medium\" src=\"http:\/\/iriadacunha.com\/FundacionBBVA2015\/wp-content\/uploads\/2024\/01\/CE-300x75.jpg\" alt=\"\" width=\"300\" height=\"75\" srcset=\"https:\/\/iriadacunha.com\/FundacionBBVA2015\/wp-content\/uploads\/2024\/01\/CE-300x75.jpg 300w, https:\/\/iriadacunha.com\/FundacionBBVA2015\/wp-content\/uploads\/2024\/01\/CE.jpg 451w\" sizes=\"(max-width: 300px) 100vw, 300px\" \/><\/h6>\n<h6><strong><span style=\"color: #1e1e9c;\">NOTICIAS<\/span><\/strong><\/h6>\n<p><span style=\"color: #000000;\">Pincha<\/span>\u00a0<a href=\"http:\/\/iriadacunha.com\/FundacionBBVA2015\/es\/noticias\/\" target=\"_blank\" rel=\"noopener noreferrer\">aqu\u00ed<\/a>.<\/p>\n","protected":false},"excerpt":{"rendered":"<p>Lenguaje claro y procesamiento del lenguaje natural en textos jur\u00eddico-administrativos en ingl\u00e9s: la Comisi\u00f3n Europea como caso de estudio (EUPlainTech) (PID2022-143092NB-I00) Proyecto de investigaci\u00f3n llevado a cabo en el\u00a0Departamento de Filolog\u00edas Extranjeras y sus Ling\u00fc\u00edsticas\u00a0de la\u00a0\u00a0Facultad de Filolog\u00eda\u00a0de la\u00a0\u00a0Universidad Nacional de Educaci\u00f3n a Distancia (UNED)\u00a0en el marco del grupo\u00a0ACTUALing, con la colaboraci\u00f3n del grupo\u00a0IULATERM. \u00a0\u00a0 &hellip; <a href=\"https:\/\/iriadacunha.com\/FundacionBBVA2015\/es\/ministerio-de-ciencia-innovacion-y-universidades-2023-2026\/\" class=\"more-link\">Seguir leyendo <span class=\"screen-reader-text\">Ministerio de Ciencia, Innovaci\u00f3n y Universidades 2023-2027<\/span><\/a><\/p>\n","protected":false},"author":1,"featured_media":0,"parent":0,"menu_order":0,"comment_status":"closed","ping_status":"closed","template":"","meta":{"footnotes":""},"_links":{"self":[{"href":"https:\/\/iriadacunha.com\/FundacionBBVA2015\/wp-json\/wp\/v2\/pages\/3877"}],"collection":[{"href":"https:\/\/iriadacunha.com\/FundacionBBVA2015\/wp-json\/wp\/v2\/pages"}],"about":[{"href":"https:\/\/iriadacunha.com\/FundacionBBVA2015\/wp-json\/wp\/v2\/types\/page"}],"author":[{"embeddable":true,"href":"https:\/\/iriadacunha.com\/FundacionBBVA2015\/wp-json\/wp\/v2\/users\/1"}],"replies":[{"embeddable":true,"href":"https:\/\/iriadacunha.com\/FundacionBBVA2015\/wp-json\/wp\/v2\/comments?post=3877"}],"version-history":[{"count":22,"href":"https:\/\/iriadacunha.com\/FundacionBBVA2015\/wp-json\/wp\/v2\/pages\/3877\/revisions"}],"predecessor-version":[{"id":4904,"href":"https:\/\/iriadacunha.com\/FundacionBBVA2015\/wp-json\/wp\/v2\/pages\/3877\/revisions\/4904"}],"wp:attachment":[{"href":"https:\/\/iriadacunha.com\/FundacionBBVA2015\/wp-json\/wp\/v2\/media?parent=3877"}],"curies":[{"name":"wp","href":"https:\/\/api.w.org\/{rel}","templated":true}]}}