{"id":4340,"date":"2024-06-10T10:05:57","date_gmt":"2024-06-10T09:05:57","guid":{"rendered":"https:\/\/iriadacunha.com\/FundacionBBVA2015\/?page_id=4340"},"modified":"2025-06-03T23:17:28","modified_gmt":"2025-06-03T22:17:28","slug":"govern-de-les-illes-balears-y-generalitat-de-catalunya-2023-2024","status":"publish","type":"page","link":"https:\/\/iriadacunha.com\/FundacionBBVA2015\/es\/govern-de-les-illes-balears-y-generalitat-de-catalunya-2023-2024\/","title":{"rendered":"GOVERN DE LES ILLES BALEARS Y GENERALITAT DE CATALUNYA 2023-2024"},"content":{"rendered":"<p><strong>Adaptaci\u00f3n de arText y arText claro al catal\u00e1n<\/strong><\/p>\n<p class=\"p2\">Proyecto de investigaci\u00f3n llevado a cabo en el\u00a0<a href=\"https:\/\/www.uned.es\/universidad\/\/facultades\/departamentos\/filologias-extranjeras-y-sus-linguisticas.html\" target=\"_blank\" rel=\"noopener noreferrer\">Departamento de Filolog\u00edas Extranjeras y sus Ling\u00fc\u00edsticas<\/a>\u00a0de la\u00a0\u00a0<a href=\"https:\/\/www.uned.es\/universidad\/facultades\/filologia.html\" target=\"_blank\" rel=\"noopener noreferrer\">Facultad de Filolog\u00eda<\/a>\u00a0de la\u00a0\u00a0<a href=\"https:\/\/www.uned.es\/universidad\/inicio.html\" target=\"_blank\" rel=\"noopener noreferrer\">Universidad Nacional de Educaci\u00f3n a Distancia (UNED)\u00a0<\/a>en el marco del grupo\u00a0<a href=\"http:\/\/portal.uned.es\/portal\/page?_pageid=93,8840791&amp;_dad=portal&amp;_schema=PORTAL\" target=\"_blank\" rel=\"noopener noreferrer\">ACTUALing<\/a>, con la colaboraci\u00f3n del grupo\u00a0<a href=\"https:\/\/www.upf.edu\/es\/web\/iulaterm\" target=\"_blank\" rel=\"noopener noreferrer\">IULATERM<\/a>.<\/p>\n<p class=\"p2\"><a href=\"https:\/\/www.uned.es\/universidad\/facultades\/filologia.html\" target=\"_blank\" rel=\"noopener noreferrer\">\u00a0\u00a0<\/a><a href=\"https:\/\/www.uned.es\/universidad\/facultades\/filologia.html\" target=\"_blank\" rel=\"noopener noreferrer\"><img decoding=\"async\" loading=\"lazy\" class=\"alignnone wp-image-981\" src=\"http:\/\/iriadacunha.com\/FundacionBBVA2015\/wp-content\/uploads\/2020\/08\/logo_UNED_Facultad_Filolog%C3%ADa-300x143.png\" alt=\"logo_UNED_Facultad_Filolog\u00eda\" width=\"231\" height=\"110\" \/><\/a><a href=\"http:\/\/portal.uned.es\/portal\/page?_pageid=93,8840791&amp;_dad=portal&amp;_schema=PORTAL\" target=\"_blank\" rel=\"noopener noreferrer\"><img decoding=\"async\" loading=\"lazy\" class=\"alignnone wp-image-109\" src=\"http:\/\/iriadacunha.com\/FundacionBBVA2015\/wp-content\/uploads\/2016\/03\/actualing.png\" alt=\"actualing\" width=\"242\" height=\"63\" \/><\/a><\/p>\n<h6 class=\"p2\"><span style=\"color: #000080;\">Financiaci\u00f3n\u00a0<\/span><\/h6>\n<p><img decoding=\"async\" loading=\"lazy\" class=\"alignnone wp-image-6503\" src=\"https:\/\/artext.uned.es\/wp-content\/uploads\/sites\/531\/2024\/10\/logo-IEB-300x47.png\" sizes=\"auto, (max-width: 536px) 100vw, 536px\" srcset=\"https:\/\/blogs.uned.es\/artext\/wp-content\/uploads\/sites\/531\/2024\/10\/logo-IEB-300x47.png 300w, https:\/\/blogs.uned.es\/artext\/wp-content\/uploads\/sites\/531\/2024\/10\/logo-IEB.png 564w\" alt=\"\" width=\"536\" height=\"84\" \/><\/p>\n<p><img decoding=\"async\" loading=\"lazy\" class=\"alignnone wp-image-6499\" src=\"https:\/\/artext.uned.es\/wp-content\/uploads\/sites\/531\/2024\/10\/logo-cultura-generalitat-300x66.jpg\" sizes=\"auto, (max-width: 382px) 100vw, 382px\" srcset=\"https:\/\/blogs.uned.es\/artext\/wp-content\/uploads\/sites\/531\/2024\/10\/logo-cultura-generalitat-300x66.jpg 300w, https:\/\/blogs.uned.es\/artext\/wp-content\/uploads\/sites\/531\/2024\/10\/logo-cultura-generalitat.jpg 455w\" alt=\"\" width=\"314\" height=\"69\" \/><\/p>\n<p>Este proyecto ha sido financiado por dos instituciones: l&#8217;Institut d&#8217;Estudis Bale\u00e0rics de la <span data-olk-copy-source=\"MessageBody\">Conselleria de Turisme, Cultura i Esports<\/span> del Govern de les Illes Balears, y la Oficina de Suport a la Iniciativa Cultural del Departament de Cultura de la Generalitat de Catalunya, con el apoyo de la Secretaria de Pol\u00edtica Ling\u00fc\u00edstica.<\/p>\n<p>Presupuesto: 36.278 \u20ac (18.139,00 \u20ac cada instituci\u00f3n)<\/p>\n<h6><span style=\"color: #000080;\">objetivos y metodolog\u00eda\u00a0<\/span><\/h6>\n<div>\n<p>El <b>objetivo principal<\/b> de este proyecto es adaptar arText y arText claro del castellano al catal\u00e1n, teniendo en cuenta las variantes balear, valenciana y central\/noroccidental.<\/p>\n<p>&nbsp;<\/p>\n<\/div>\n<table width=\"0\">\n<tbody>\n<tr>\n<td style=\"text-align: center;\" colspan=\"4\" width=\"620\"><strong>METODOLOG\u00cdA<\/strong><\/td>\n<\/tr>\n<tr>\n<td style=\"text-align: center;\" width=\"155\">FASE 1<\/td>\n<td style=\"text-align: center;\" width=\"154\">FASE 2<\/td>\n<td style=\"text-align: center;\" width=\"155\">FASE 3<\/td>\n<td style=\"text-align: center;\" width=\"156\">FASE 4<\/td>\n<\/tr>\n<tr>\n<td style=\"text-align: center;\" width=\"155\">\n<div>\n<p>Adaptaci\u00f3n de la infraestructura tecnol\u00f3gica del sistema arText a la lengua catalana.<\/p>\n<\/div>\n<\/td>\n<td style=\"text-align: center;\" width=\"154\">Traducci\u00f3n del sitio web de arText al catal\u00e1n.<\/td>\n<td style=\"text-align: center;\" width=\"155\">Adaptaci\u00f3n a las variantes del catal\u00e1n de los apartados, los contenidos y la fraseolog\u00eda de los g\u00e9neros textuales incluidos en arText (Administraci\u00f3n p\u00fablica, medicina, turismo, \u00e1mbito acad\u00e9mico) y en arText claro.<\/td>\n<td style=\"text-align: center;\" width=\"156\">Implementaci\u00f3n de las recomendaciones ling\u00fc\u00edsticas de arText y arText claro al catal\u00e1n.<\/td>\n<\/tr>\n<\/tbody>\n<\/table>\n<h6><span style=\"color: #333399;\"><strong>EQUIPO<\/strong><\/span><\/h6>\n<ul>\n<li><a href=\"http:\/\/iriadacunha.com\/\" target=\"_blank\" rel=\"noopener noreferrer\">Iria da Cunha<\/a>\u00a0(directora) (UNED)<\/li>\n<li><a href=\"https:\/\/webgrec.ub.edu\/webpages\/000008\/cat\/amor.montane.ub.edu.html\" target=\"_blank\" rel=\"noopener noreferrer\">M. Amor Montan\u00e9<\/a> (coordinadora) (Universitat de Barcelona)<\/li>\n<li><a href=\"https:\/\/portalcientifico.uned.es\/investigadores\/822474\/detalle\">Jos\u00e9 Luis Villullas<\/a> (UNED)<\/li>\n<\/ul>\n<h6><span style=\"color: #333399;\"><strong>ENTIDADES COLABORADORAS<\/strong><\/span><\/h6>\n<p><a href=\"https:\/\/www.upf.edu\/es\/web\/iulaterm\" target=\"_blank\" rel=\"noopener noreferrer\"><img decoding=\"async\" loading=\"lazy\" class=\"alignnone wp-image-913\" src=\"http:\/\/iriadacunha.com\/FundacionBBVA2015\/wp-content\/uploads\/2020\/08\/iulaterm.png\" alt=\"iulaterm\" width=\"189\" height=\"62\" \/><\/a><\/p>\n<p><img decoding=\"async\" loading=\"lazy\" class=\"alignnone wp-image-6561 size-large\" src=\"https:\/\/artext.uned.es\/wp-content\/uploads\/sites\/531\/2025\/04\/logos_termcat_parlament-1024x126.png\" sizes=\"auto, (max-width: 620px) 100vw, 620px\" srcset=\"https:\/\/blogs.uned.es\/artext\/wp-content\/uploads\/sites\/531\/2025\/04\/logos_termcat_parlament-1024x126.png 1024w, https:\/\/blogs.uned.es\/artext\/wp-content\/uploads\/sites\/531\/2025\/04\/logos_termcat_parlament-300x37.png 300w, https:\/\/blogs.uned.es\/artext\/wp-content\/uploads\/sites\/531\/2025\/04\/logos_termcat_parlament-768x94.png 768w, https:\/\/blogs.uned.es\/artext\/wp-content\/uploads\/sites\/531\/2025\/04\/logos_termcat_parlament.png 1293w\" alt=\"\" width=\"620\" height=\"76\" \/><\/p>\n<h6><strong><span style=\"color: #1e1e9c;\">NOTICIAS<\/span><\/strong><\/h6>\n<p>Pincha\u00a0<a href=\"http:\/\/iriadacunha.com\/FundacionBBVA2015\/es\/noticias\/\" target=\"_blank\" rel=\"noopener noreferrer\">aqu\u00ed<\/a>.<\/p>\n","protected":false},"excerpt":{"rendered":"<p>Adaptaci\u00f3n de arText y arText claro al catal\u00e1n Proyecto de investigaci\u00f3n llevado a cabo en el\u00a0Departamento de Filolog\u00edas Extranjeras y sus Ling\u00fc\u00edsticas\u00a0de la\u00a0\u00a0Facultad de Filolog\u00eda\u00a0de la\u00a0\u00a0Universidad Nacional de Educaci\u00f3n a Distancia (UNED)\u00a0en el marco del grupo\u00a0ACTUALing, con la colaboraci\u00f3n del grupo\u00a0IULATERM. \u00a0\u00a0 Financiaci\u00f3n\u00a0 Este proyecto ha sido financiado por dos instituciones: l&#8217;Institut d&#8217;Estudis Bale\u00e0rics de &hellip; <a href=\"https:\/\/iriadacunha.com\/FundacionBBVA2015\/es\/govern-de-les-illes-balears-y-generalitat-de-catalunya-2023-2024\/\" class=\"more-link\">Seguir leyendo <span class=\"screen-reader-text\">GOVERN DE LES ILLES BALEARS Y GENERALITAT DE CATALUNYA 2023-2024<\/span><\/a><\/p>\n","protected":false},"author":1,"featured_media":0,"parent":0,"menu_order":0,"comment_status":"closed","ping_status":"closed","template":"","meta":{"footnotes":""},"_links":{"self":[{"href":"https:\/\/iriadacunha.com\/FundacionBBVA2015\/wp-json\/wp\/v2\/pages\/4340"}],"collection":[{"href":"https:\/\/iriadacunha.com\/FundacionBBVA2015\/wp-json\/wp\/v2\/pages"}],"about":[{"href":"https:\/\/iriadacunha.com\/FundacionBBVA2015\/wp-json\/wp\/v2\/types\/page"}],"author":[{"embeddable":true,"href":"https:\/\/iriadacunha.com\/FundacionBBVA2015\/wp-json\/wp\/v2\/users\/1"}],"replies":[{"embeddable":true,"href":"https:\/\/iriadacunha.com\/FundacionBBVA2015\/wp-json\/wp\/v2\/comments?post=4340"}],"version-history":[{"count":11,"href":"https:\/\/iriadacunha.com\/FundacionBBVA2015\/wp-json\/wp\/v2\/pages\/4340\/revisions"}],"predecessor-version":[{"id":4643,"href":"https:\/\/iriadacunha.com\/FundacionBBVA2015\/wp-json\/wp\/v2\/pages\/4340\/revisions\/4643"}],"wp:attachment":[{"href":"https:\/\/iriadacunha.com\/FundacionBBVA2015\/wp-json\/wp\/v2\/media?parent=4340"}],"curies":[{"name":"wp","href":"https:\/\/api.w.org\/{rel}","templated":true}]}}