{"id":4348,"date":"2024-06-10T10:06:02","date_gmt":"2024-06-10T09:06:02","guid":{"rendered":"https:\/\/iriadacunha.com\/FundacionBBVA2015\/?page_id=4348"},"modified":"2025-06-03T23:16:57","modified_gmt":"2025-06-03T22:16:57","slug":"govern-de-les-illes-balears-and-generalitat-de-catalunya-2023-2024","status":"publish","type":"page","link":"https:\/\/iriadacunha.com\/FundacionBBVA2015\/en\/govern-de-les-illes-balears-and-generalitat-de-catalunya-2023-2024\/","title":{"rendered":"GOVERN DE LES ILLES BALEARS AND GENERALITAT DE CATALUNYA 2023-2024"},"content":{"rendered":"<p class=\"p2\"><strong>Adaptation of arText and arText claro into Catalan<\/strong><\/p>\n<p class=\"p2\">Research project developed at\u00a0<a href=\"https:\/\/www.uned.es\/universidad\/\/facultades\/departamentos\/filologias-extranjeras-y-sus-linguisticas.html\" target=\"_blank\" rel=\"noopener noreferrer\">Departamento de Filolog\u00edas Extranjeras y sus Ling\u00fc\u00edsticas<\/a>\u00a0from the\u00a0<a href=\"https:\/\/www.uned.es\/universidad\/facultades\/filologia.html\" target=\"_blank\" rel=\"noopener noreferrer\">Facultad de Filolog\u00eda<\/a>\u00a0in\u00a0<a href=\"https:\/\/www.uned.es\/universidad\/inicio.html\" target=\"_blank\" rel=\"noopener noreferrer\">Universidad Nacional de Educaci\u00f3n a Distancia (UNED)<\/a>, in the framework of the\u00a0\u00a0<a href=\"http:\/\/portal.uned.es\/portal\/page?_pageid=93,8840791&amp;_dad=portal&amp;_schema=PORTAL\" target=\"_blank\" rel=\"noopener noreferrer\">ACTUALing<\/a>\u00a0research group, with the collaboration of the\u00a0<a href=\"https:\/\/www.upf.edu\/es\/web\/iulaterm\" target=\"_blank\" rel=\"noopener noreferrer\">IULATERM<\/a>\u00a0group.<\/p>\n<p class=\"p2\"><a href=\"https:\/\/www.uned.es\/universidad\/facultades\/filologia.html\" target=\"_blank\" rel=\"noopener noreferrer\">\u00a0\u00a0<\/a><a href=\"https:\/\/www.uned.es\/universidad\/facultades\/filologia.html\" target=\"_blank\" rel=\"noopener noreferrer\"><img decoding=\"async\" loading=\"lazy\" class=\"alignnone wp-image-981\" src=\"http:\/\/iriadacunha.com\/FundacionBBVA2015\/wp-content\/uploads\/2020\/08\/logo_UNED_Facultad_Filolog%C3%ADa-300x143.png\" alt=\"logo_UNED_Facultad_Filolog\u00eda\" width=\"231\" height=\"110\" \/><\/a><a href=\"http:\/\/portal.uned.es\/portal\/page?_pageid=93,8840791&amp;_dad=portal&amp;_schema=PORTAL\" target=\"_blank\" rel=\"noopener noreferrer\"><img decoding=\"async\" loading=\"lazy\" class=\"alignnone wp-image-109\" src=\"http:\/\/iriadacunha.com\/FundacionBBVA2015\/wp-content\/uploads\/2016\/03\/actualing.png\" alt=\"actualing\" width=\"242\" height=\"63\" \/><\/a><\/p>\n<h6 class=\"p2\"><span style=\"color: #000080;\"><strong>FUNDING<\/strong>\u00a0<\/span><\/h6>\n<p><img decoding=\"async\" loading=\"lazy\" class=\"alignnone wp-image-6503\" src=\"https:\/\/artext.uned.es\/wp-content\/uploads\/sites\/531\/2024\/10\/logo-IEB-300x47.png\" sizes=\"auto, (max-width: 536px) 100vw, 536px\" srcset=\"https:\/\/blogs.uned.es\/artext\/wp-content\/uploads\/sites\/531\/2024\/10\/logo-IEB-300x47.png 300w, https:\/\/blogs.uned.es\/artext\/wp-content\/uploads\/sites\/531\/2024\/10\/logo-IEB.png 564w\" alt=\"\" width=\"536\" height=\"84\" \/><\/p>\n<p><img decoding=\"async\" loading=\"lazy\" class=\"alignnone wp-image-6499\" src=\"https:\/\/artext.uned.es\/wp-content\/uploads\/sites\/531\/2024\/10\/logo-cultura-generalitat-300x66.jpg\" sizes=\"auto, (max-width: 382px) 100vw, 382px\" srcset=\"https:\/\/blogs.uned.es\/artext\/wp-content\/uploads\/sites\/531\/2024\/10\/logo-cultura-generalitat-300x66.jpg 300w, https:\/\/blogs.uned.es\/artext\/wp-content\/uploads\/sites\/531\/2024\/10\/logo-cultura-generalitat.jpg 455w\" alt=\"\" width=\"314\" height=\"69\" \/><\/p>\n<p style=\"text-align: justify;\">This project has been funded by two institutions: the <span data-olk-copy-source=\"MessageBody\">Institut d\u2019Estudis Bale\u00e0rics <\/span>of the Conselleria de Turisme, Cultura i Esports, of the Govern de les Illes Balears, and the Oficina de Suport a la Iniciativa Cultural of the Departament de Cultura de la Generalitat de Catalunya, with the support of the Secretaria de Pol\u00edtica Ling\u00fc\u00edstica.<\/p>\n<p>Budget: 36.278,00 \u20ac (18.139,00 \u20ac each institution)<\/p>\n<h6><span style=\"color: #333399;\"><strong>AIMS AND METHODOLOGY<\/strong><\/span><\/h6>\n<p class=\"p1\">The <strong>main objective<\/strong> of this project is to adapt arText and arText claro from Spanish to Catalan, taking into account the Balearic, Valencian and Central\/Northwestern variants.<\/p>\n<div>\n<p>&nbsp;<\/p>\n<\/div>\n<table width=\"0\">\n<tbody>\n<tr>\n<td style=\"text-align: center;\" colspan=\"4\" width=\"620\"><strong>METHODOLOGY<\/strong><\/td>\n<\/tr>\n<tr>\n<td style=\"text-align: center;\" width=\"155\">STAGE 1<\/td>\n<td style=\"text-align: center;\" width=\"154\">STAGE 2<\/td>\n<td style=\"text-align: center;\" width=\"155\">STAGE 3<\/td>\n<td style=\"text-align: center;\" width=\"156\">STAGE 4<\/td>\n<\/tr>\n<tr>\n<td style=\"text-align: center;\" width=\"155\">Adaptation of the technological infrastructure of the arText system to the Catalan language.<\/td>\n<td style=\"text-align: center;\" width=\"154\">Translation of the arText website into Catalan.<\/td>\n<td style=\"text-align: center;\" width=\"155\">Adaptation to Catalan variants of the sections, contents and phraseology of the text genres included in arText (public administration, medicine, tourism, academic field) and in arText claro.<\/td>\n<td style=\"text-align: center;\" width=\"156\">Implementation of the language recommendations of arText and arText claro in Catalan.<\/td>\n<\/tr>\n<\/tbody>\n<\/table>\n<h6><span style=\"color: #333399;\"><strong>TEAM<\/strong><\/span><\/h6>\n<ul>\n<li><a href=\"http:\/\/iriadacunha.com\/\" target=\"_blank\" rel=\"noopener noreferrer\">Iria da Cunha<\/a>\u00a0(director) (UNED)<\/li>\n<li><a href=\"https:\/\/webgrec.ub.edu\/webpages\/000008\/cat\/amor.montane.ub.edu.html\" target=\"_blank\" rel=\"noopener noreferrer\">M. Amor Montan\u00e9<\/a>\u00a0(coordinator) (Universitat de Barcelona)<\/li>\n<li><a href=\"https:\/\/portalcientifico.uned.es\/investigadores\/822474\/detalle\">Jos\u00e9 Luis Villullas<\/a> (UNED)<\/li>\n<\/ul>\n<h6><span style=\"color: #333399;\"><strong>COLLABORATING ENTITIES<\/strong><\/span><\/h6>\n<p><a href=\"https:\/\/www.upf.edu\/es\/web\/iulaterm\" target=\"_blank\" rel=\"noopener noreferrer\"><img decoding=\"async\" loading=\"lazy\" class=\"alignnone wp-image-913\" src=\"http:\/\/iriadacunha.com\/FundacionBBVA2015\/wp-content\/uploads\/2020\/08\/iulaterm.png\" alt=\"iulaterm\" width=\"189\" height=\"62\" \/><\/a><\/p>\n<p><img decoding=\"async\" loading=\"lazy\" class=\"alignnone wp-image-6561 size-large\" src=\"https:\/\/artext.uned.es\/wp-content\/uploads\/sites\/531\/2025\/04\/logos_termcat_parlament-1024x126.png\" sizes=\"auto, (max-width: 620px) 100vw, 620px\" srcset=\"https:\/\/blogs.uned.es\/artext\/wp-content\/uploads\/sites\/531\/2025\/04\/logos_termcat_parlament-1024x126.png 1024w, https:\/\/blogs.uned.es\/artext\/wp-content\/uploads\/sites\/531\/2025\/04\/logos_termcat_parlament-300x37.png 300w, https:\/\/blogs.uned.es\/artext\/wp-content\/uploads\/sites\/531\/2025\/04\/logos_termcat_parlament-768x94.png 768w, https:\/\/blogs.uned.es\/artext\/wp-content\/uploads\/sites\/531\/2025\/04\/logos_termcat_parlament.png 1293w\" alt=\"\" width=\"620\" height=\"76\" \/><\/p>\n<h6><strong><span style=\"color: #1e1e9c;\">NEWS<\/span><\/strong><\/h6>\n<p>Click <a href=\"http:\/\/iriadacunha.com\/FundacionBBVA2015\/en\/news\/\" target=\"_blank\" rel=\"noopener noreferrer\">here<\/a>.<\/p>\n","protected":false},"excerpt":{"rendered":"<p>Adaptation of arText and arText claro into Catalan Research project developed at\u00a0Departamento de Filolog\u00edas Extranjeras y sus Ling\u00fc\u00edsticas\u00a0from the\u00a0Facultad de Filolog\u00eda\u00a0in\u00a0Universidad Nacional de Educaci\u00f3n a Distancia (UNED), in the framework of the\u00a0\u00a0ACTUALing\u00a0research group, with the collaboration of the\u00a0IULATERM\u00a0group. \u00a0\u00a0 FUNDING\u00a0 This project has been funded by two institutions: the Institut d\u2019Estudis Bale\u00e0rics of the Conselleria &hellip; <a href=\"https:\/\/iriadacunha.com\/FundacionBBVA2015\/en\/govern-de-les-illes-balears-and-generalitat-de-catalunya-2023-2024\/\" class=\"more-link\">Continue reading <span class=\"screen-reader-text\">GOVERN DE LES ILLES BALEARS AND GENERALITAT DE CATALUNYA 2023-2024<\/span><\/a><\/p>\n","protected":false},"author":1,"featured_media":0,"parent":0,"menu_order":0,"comment_status":"closed","ping_status":"closed","template":"","meta":{"footnotes":""},"_links":{"self":[{"href":"https:\/\/iriadacunha.com\/FundacionBBVA2015\/wp-json\/wp\/v2\/pages\/4348"}],"collection":[{"href":"https:\/\/iriadacunha.com\/FundacionBBVA2015\/wp-json\/wp\/v2\/pages"}],"about":[{"href":"https:\/\/iriadacunha.com\/FundacionBBVA2015\/wp-json\/wp\/v2\/types\/page"}],"author":[{"embeddable":true,"href":"https:\/\/iriadacunha.com\/FundacionBBVA2015\/wp-json\/wp\/v2\/users\/1"}],"replies":[{"embeddable":true,"href":"https:\/\/iriadacunha.com\/FundacionBBVA2015\/wp-json\/wp\/v2\/comments?post=4348"}],"version-history":[{"count":10,"href":"https:\/\/iriadacunha.com\/FundacionBBVA2015\/wp-json\/wp\/v2\/pages\/4348\/revisions"}],"predecessor-version":[{"id":4642,"href":"https:\/\/iriadacunha.com\/FundacionBBVA2015\/wp-json\/wp\/v2\/pages\/4348\/revisions\/4642"}],"wp:attachment":[{"href":"https:\/\/iriadacunha.com\/FundacionBBVA2015\/wp-json\/wp\/v2\/media?parent=4348"}],"curies":[{"name":"wp","href":"https:\/\/api.w.org\/{rel}","templated":true}]}}