{"id":6,"date":"2016-03-21T10:37:22","date_gmt":"2016-03-21T10:37:22","guid":{"rendered":"http:\/\/iriadacunha.com\/BBVA2015\/?page_id=6"},"modified":"2025-12-03T22:10:20","modified_gmt":"2025-12-03T21:10:20","slug":"presentacion","status":"publish","type":"page","link":"https:\/\/iriadacunha.com\/FundacionBBVA2015\/es\/presentacion\/","title":{"rendered":"Presentaci\u00f3n"},"content":{"rendered":"<p>Esta es la p\u00e1gina web relativa a la investigaci\u00f3n sobre el sistema arText, llevada a cabo en la\u00a0<a href=\"https:\/\/www.uned.es\/universidad\/inicio.html\" target=\"_blank\" rel=\"noopener\">Universidad Nacional de Educaci\u00f3n a Distancia (UNED)<\/a>. Nuestra investigaci\u00f3n se enmarca en un contexto\u00a0<strong>interdisciplinar<\/strong>, que a\u00fana dos grandes \u00e1mbitos: la ling\u00fc\u00edstica (el an\u00e1lisis del discurso especializado) y la inform\u00e1tica (el Procesamiento del Lenguaje Natural [PLN]). Tiene impacto en la ciencia, pero tambi\u00e9n en la sociedad espa\u00f1ola, ya que el sistema desarrollado est\u00e1<strong>\u00a0a disposici\u00f3n del p\u00fablico gratuitamente<\/strong>\u00a0para que cualquier\u00a0persona pueda emplearlo.<\/p>\n<p><a href=\"https:\/\/www.uned.es\/universidad\/inicio.html\" target=\"_blank\" rel=\"noopener\"><img decoding=\"async\" loading=\"lazy\" class=\"alignnone wp-image-44 size-full\" src=\"http:\/\/iriadacunha.com\/FundacionBBVA2015\/wp-content\/uploads\/2016\/03\/logo_uned.gif\" alt=\"logo_uned\" width=\"98\" height=\"96\" \/><\/a><\/p>\n<h6><span style=\"color: #333399;\"><strong>\u00bfQU\u00c9 ES ARTEXT?<\/strong><\/span><\/h6>\n<p>El sistema arText\u00a0es el primer<strong> redactor asistido <\/strong>para el espa\u00f1ol y el catal\u00e1n que ayuda a escribir g\u00e9neros textuales de \u00e1mbitos especializados y textos en lenguaje claro. Incluye dos herramientas:<\/p>\n<table>\n<tbody>\n<tr>\n<td width=\"283\"><a href=\"http:\/\/iriadacunha.com\/FundacionBBVA2015\/wp-content\/uploads\/2016\/03\/logo_artext.png\" target=\"_blank\" rel=\"attachment noopener wp-att-1720\"><img decoding=\"async\" loading=\"lazy\" class=\"aligncenter wp-image-1720\" src=\"http:\/\/iriadacunha.com\/FundacionBBVA2015\/wp-content\/uploads\/2016\/03\/logo_artext-300x169.png\" alt=\"logo_artext\" width=\"150\" height=\"84\" srcset=\"https:\/\/iriadacunha.com\/FundacionBBVA2015\/wp-content\/uploads\/2016\/03\/logo_artext-300x169.png 300w, https:\/\/iriadacunha.com\/FundacionBBVA2015\/wp-content\/uploads\/2016\/03\/logo_artext.png 480w\" sizes=\"(max-width: 150px) 100vw, 150px\" \/><\/a><\/td>\n<td width=\"283\"><a href=\"http:\/\/iriadacunha.com\/FundacionBBVA2015\/wp-content\/uploads\/2016\/03\/logo_artext_claro.png\" target=\"_blank\" rel=\"attachment noopener wp-att-1719\"><img decoding=\"async\" loading=\"lazy\" class=\"aligncenter wp-image-1719\" src=\"http:\/\/iriadacunha.com\/FundacionBBVA2015\/wp-content\/uploads\/2016\/03\/logo_artext_claro-300x169.png\" alt=\"logo_artext_claro\" width=\"150\" height=\"84\" srcset=\"https:\/\/iriadacunha.com\/FundacionBBVA2015\/wp-content\/uploads\/2016\/03\/logo_artext_claro-300x169.png 300w, https:\/\/iriadacunha.com\/FundacionBBVA2015\/wp-content\/uploads\/2016\/03\/logo_artext_claro.png 480w\" sizes=\"(max-width: 150px) 100vw, 150px\" \/><\/a><\/td>\n<\/tr>\n<tr>\n<td width=\"283\">\n<p style=\"text-align: center;\">Ayuda a redactar\u00a0<strong>g\u00e9neros textuales de \u00e1mbitos especializados<\/strong>\u00a0como la Administraci\u00f3n p\u00fablica, la medicina, el turismo o el \u00e1mbito acad\u00e9mico.<\/p>\n<\/td>\n<td width=\"283\">\n<p style=\"text-align: center;\">Ayuda a redactar textos en\u00a0<strong>lenguaje claro<\/strong>. En la actualidad, ayuda a redactar en lenguaje claro los textos que el personal de la Administraci\u00f3n p\u00fablica dirige a la ciudadan\u00eda.<\/p>\n<\/td>\n<\/tr>\n<\/tbody>\n<\/table>\n<p>Ambas herramientas pueden utilizarse a trav\u00e9s de un <strong>editor de textos en l\u00ednea<\/strong>. El editor est\u00e1 dividido en <strong>tres m\u00f3dulos<\/strong>, que ayudan a:<\/p>\n<ol>\n<li>Estructurar el documento.<\/li>\n<li>Darle formato y corregirlo ortogr\u00e1ficamente.<\/li>\n<li>Revisar la adecuaci\u00f3n del texto, mediante recomendaciones ling\u00fc\u00edsticas espec\u00edficas para el g\u00e9nero textual seleccionado o relacionadas con el lenguaje claro. Algunas de estas recomendaciones tienen que ver, por ejemplo, con oraciones y p\u00e1rrafos largos, siglas, repetici\u00f3n de palabras, conectores discursivos, formas verbales y unidades l\u00e9xicas subjetivas.<\/li>\n<\/ol>\n<h6><span style=\"color: #333399;\"><strong>\u00bfQUI\u00c9N PUEDE UTILIZARLO?<\/strong><\/span><\/h6>\n<p>Est\u00e1 dirigido a diferentes tipos de <strong>colectivos<\/strong>, como por ejemplo los siguientes:<\/p>\n<ul>\n<li>La ciudadan\u00eda cuando debe enfrentarse a la tarea de redactar textos destinados a la Administraci\u00f3n p\u00fablica.<\/li>\n<li>El personal de las Administraciones p\u00fablicas que quiera escribir textos dirigidos a la ciudadan\u00eda en lenguaje claro.<\/li>\n<li>Profesionales del \u00e1mbito de la medicina, del turismo y del derecho que quieran redactar textos espec\u00edficos de su \u00e1mbito profesional.<\/li>\n<li>Estudiantes que deban realizar trabajos acad\u00e9micos universitarios sobre medicina, turismo o derecho administrativo.<\/li>\n<li>Estudiantes de cualquier especialidad que deban redactar su Trabajo de Fin de Grado (TFG).<\/li>\n<li>Estudiantes que quieran aprender a escribir algunos de los g\u00e9neros textuales profesionales y acad\u00e9micos abordados en el curr\u00edculo b\u00e1sico de la Educaci\u00f3n Secundaria Obligatoria (ESO) y del Bachillerato.<\/li>\n<\/ul>\n<h6><span style=\"color: #333399;\"><strong>\u00bfC\u00d3MO SE USA?<\/strong><\/span><\/h6>\n<p>Para utilizar el sistema arText solo se necesita un\u00a0ordenador con conexi\u00f3n a internet y el navegador Google Chrome. Su interfaz es muy sencilla. El\u00a0<strong>manual de uso<\/strong>\u00a0puede consultarse\u00a0<a href=\"https:\/\/sistema-artext.com\/doc\/manual.pdf\" rel=\"noopener\">aqu\u00ed<\/a>.<\/p>\n<p><a href=\"https:\/\/sistema-artext.com\/doc\/manual.pdf\" target=\"_blank\" rel=\"attachment noopener wp-att-1721\"><img decoding=\"async\" loading=\"lazy\" class=\"alignnone wp-image-1721\" src=\"https:\/\/iriadacunha.com\/FundacionBBVA2015\/wp-content\/uploads\/2016\/03\/manual-uso-artext-actualizado-724x1024.jpg\" alt=\"manual-uso-artext-actualizado\" width=\"212\" height=\"300\" srcset=\"https:\/\/iriadacunha.com\/FundacionBBVA2015\/wp-content\/uploads\/2016\/03\/manual-uso-artext-actualizado-724x1024.jpg 724w, https:\/\/iriadacunha.com\/FundacionBBVA2015\/wp-content\/uploads\/2016\/03\/manual-uso-artext-actualizado-212x300.jpg 212w, https:\/\/iriadacunha.com\/FundacionBBVA2015\/wp-content\/uploads\/2016\/03\/manual-uso-artext-actualizado-768x1086.jpg 768w, https:\/\/iriadacunha.com\/FundacionBBVA2015\/wp-content\/uploads\/2016\/03\/manual-uso-artext-actualizado-269x380.jpg 269w, https:\/\/iriadacunha.com\/FundacionBBVA2015\/wp-content\/uploads\/2016\/03\/manual-uso-artext-actualizado.jpg 1240w\" sizes=\"(max-width: 212px) 100vw, 212px\" \/><\/a><\/p>\n<h6><span style=\"color: #333399;\"><strong>\u00bfPOR QU\u00c9 EL SISTEMA ARTEXT ES INNOVADOR?<\/strong><\/span><\/h6>\n<p>Las <strong>principales innovaciones de la herramienta arText<\/strong> para redactar g\u00e9neros textuales de \u00e1mbitos especializados son:<\/p>\n<ul>\n<li>Est\u00e1 enfocada a la redacci\u00f3n en espa\u00f1ol de g\u00e9neros textuales concretos de \u00e1mbitos especializados. Por ejemplo, en medicina una historia cl\u00ednica, en turismo un plan de negocios o en Administraci\u00f3n p\u00fablica una reclamaci\u00f3n.<\/li>\n<li>Tiene en cuenta el nivel de especializaci\u00f3n de cada g\u00e9nero e integra informaci\u00f3n ling\u00fc\u00edstica\u00a0 de tres tipos: l\u00e9xica, textual y discursiva.<\/li>\n<li>Est\u00e1 dirigida a diferentes tipos de colectivos espec\u00edficos y a sus necesidades de redacci\u00f3n: estudiantado universitario, profesionales de \u00e1mbitos especializados y ciudadan\u00eda en general.<\/li>\n<\/ul>\n<p>Las <strong>principales innovaciones de la herramienta arText claro<\/strong> para redactar textos en lenguaje claro son:<\/p>\n<ul>\n<li>Est\u00e1 enfocada a la redacci\u00f3n de textos en lenguaje claro. Ahora mismo, ayuda a redactar en lenguaje claro los textos administrativos dirigidos a la ciudadan\u00eda.<\/li>\n<li>Ofrece sugerencias relacionadas con las recomendaciones sobre lenguaje claro m\u00e1s habituales en espa\u00f1ol.<\/li>\n<li>Integra informaci\u00f3n ling\u00fc\u00edstica de varios tipos: textual, discursiva, sint\u00e1ctica y l\u00e9xica.<\/li>\n<\/ul>\n<h6><span style=\"color: #333399;\"><strong>PROYECTOS DE INVESTIGACI\u00d3N ASOCIADOS A ARTEXT<\/strong><\/span><\/h6>\n<p>Las diferentes funcionalidades de arText se han desarrollado en el marco de diversos proyectos de investigaci\u00f3n financiados en convocatorias competitivas (pod\u00e9is ver la secci\u00f3n \u00abProyectos financiados\u00bb para ver m\u00e1s detalles).<\/p>\n<h6><span style=\"color: #333399;\"><strong>HABLAN DE NOSOTROS<\/strong><\/span><\/h6>\n<p>Dossier de prensa:<\/p>\n<p><a href=\"https:\/\/drive.google.com\/file\/d\/1SkXydl8hallzM1-zkrlKYYxmC-LsxRhC\/view?usp=sharing\" target=\"_blank\" rel=\"noopener\">2016-2019<\/a><\/p>\n<p><a href=\"https:\/\/drive.google.com\/file\/d\/1UH71AN8xq41e94UDrupsY5wxVnyCuGm9\/view?usp=share_link\" target=\"_blank\" rel=\"noopener\">2020-2022<\/a><\/p>\n<p><a href=\"https:\/\/drive.google.com\/file\/d\/1S9cz0JSjBwjovwYcf_Aba9A_AADpluUP\/view?usp=sharing\" target=\"_blank\" rel=\"noopener\">2023-2024<\/a><\/p>\n<h6><span style=\"color: #333399;\"><strong>ACCESO AL SISTEMA<\/strong><\/span><\/h6>\n<p>El sistema arText est\u00e1 disponible en l\u00ednea\u00a0<a href=\"http:\/\/sistema-artext.com\/\" target=\"_blank\" rel=\"noopener\">aqu\u00ed<\/a>.<\/p>\n","protected":false},"excerpt":{"rendered":"<p>Esta es la p\u00e1gina web relativa a la investigaci\u00f3n sobre el sistema arText, llevada a cabo en la\u00a0Universidad Nacional de Educaci\u00f3n a Distancia (UNED). Nuestra investigaci\u00f3n se enmarca en un contexto\u00a0interdisciplinar, que a\u00fana dos grandes \u00e1mbitos: la ling\u00fc\u00edstica (el an\u00e1lisis del discurso especializado) y la inform\u00e1tica (el Procesamiento del Lenguaje Natural [PLN]). Tiene impacto en &hellip; <a href=\"https:\/\/iriadacunha.com\/FundacionBBVA2015\/es\/presentacion\/\" class=\"more-link\">Seguir leyendo <span class=\"screen-reader-text\">Presentaci\u00f3n<\/span><\/a><\/p>\n","protected":false},"author":1,"featured_media":0,"parent":0,"menu_order":1,"comment_status":"closed","ping_status":"closed","template":"","meta":{"footnotes":""},"_links":{"self":[{"href":"https:\/\/iriadacunha.com\/FundacionBBVA2015\/wp-json\/wp\/v2\/pages\/6"}],"collection":[{"href":"https:\/\/iriadacunha.com\/FundacionBBVA2015\/wp-json\/wp\/v2\/pages"}],"about":[{"href":"https:\/\/iriadacunha.com\/FundacionBBVA2015\/wp-json\/wp\/v2\/types\/page"}],"author":[{"embeddable":true,"href":"https:\/\/iriadacunha.com\/FundacionBBVA2015\/wp-json\/wp\/v2\/users\/1"}],"replies":[{"embeddable":true,"href":"https:\/\/iriadacunha.com\/FundacionBBVA2015\/wp-json\/wp\/v2\/comments?post=6"}],"version-history":[{"count":86,"href":"https:\/\/iriadacunha.com\/FundacionBBVA2015\/wp-json\/wp\/v2\/pages\/6\/revisions"}],"predecessor-version":[{"id":4840,"href":"https:\/\/iriadacunha.com\/FundacionBBVA2015\/wp-json\/wp\/v2\/pages\/6\/revisions\/4840"}],"wp:attachment":[{"href":"https:\/\/iriadacunha.com\/FundacionBBVA2015\/wp-json\/wp\/v2\/media?parent=6"}],"curies":[{"name":"wp","href":"https:\/\/api.w.org\/{rel}","templated":true}]}}