{"id":816,"date":"2020-08-31T16:27:25","date_gmt":"2020-08-31T16:27:25","guid":{"rendered":"http:\/\/iriadacunha.com\/FundacionBBVA2015\/?page_id=816"},"modified":"2024-11-05T17:52:34","modified_gmt":"2024-11-05T16:52:34","slug":"proyectos-financiados","status":"publish","type":"page","link":"https:\/\/iriadacunha.com\/FundacionBBVA2015\/es\/proyectos-financiados\/","title":{"rendered":"Proyectos financiados"},"content":{"rendered":"<p><a href=\"http:\/\/iriadacunha.com\/FundacionBBVA2015\/wp-content\/uploads\/2020\/08\/logo-vectorial-fundacion-bbva-1.jpeg\" target=\"_blank\" rel=\"noopener\"><img decoding=\"async\" loading=\"lazy\" class=\"alignnone wp-image-3074\" src=\"http:\/\/iriadacunha.com\/FundacionBBVA2015\/wp-content\/uploads\/2020\/08\/logo-vectorial-fundacion-bbva-1-300x152.jpeg\" alt=\"logo-vectorial-fundacion-bbva\" width=\"236\" height=\"120\" srcset=\"https:\/\/iriadacunha.com\/FundacionBBVA2015\/wp-content\/uploads\/2020\/08\/logo-vectorial-fundacion-bbva-1-300x152.jpeg 300w, https:\/\/iriadacunha.com\/FundacionBBVA2015\/wp-content\/uploads\/2020\/08\/logo-vectorial-fundacion-bbva-1.jpeg 630w\" sizes=\"(max-width: 236px) 100vw, 236px\" \/><\/a><br \/>\n<a href=\"http:\/\/iriadacunha.com\/FundacionBBVA2015\/es\/fundacion-bbva-2015-2016\/\" target=\"_blank\" rel=\"noopener\">Un sistema autom\u00e1tico de ayuda a la redacci\u00f3n de textos especializados de \u00e1mbitos relevantes en la sociedad espa\u00f1ola actual (IN[15]_HMS_LIN_0371)<\/a><\/p>\n<p><a href=\"https:\/\/www.ciencia.gob.es\/portal\/site\/MICINN\/\" target=\"_blank\" rel=\"noopener\"><img decoding=\"async\" loading=\"lazy\" class=\"alignnone wp-image-825 \" src=\"http:\/\/iriadacunha.com\/FundacionBBVA2015\/wp-content\/uploads\/2020\/08\/logo_ministerio-300x79.jpg\" alt=\"logo_ministerio\" width=\"300\" height=\"79\" srcset=\"https:\/\/iriadacunha.com\/FundacionBBVA2015\/wp-content\/uploads\/2020\/08\/logo_ministerio-300x79.jpg 300w, https:\/\/iriadacunha.com\/FundacionBBVA2015\/wp-content\/uploads\/2020\/08\/logo_ministerio.jpg 355w\" sizes=\"(max-width: 300px) 100vw, 300px\" \/><\/a><br \/>\n<a href=\"http:\/\/iriadacunha.com\/FundacionBBVA2015\/es\/ramon-y-cajal-2016-2020-2\/\" target=\"_blank\" rel=\"noopener\">Discurso y Procesamiento del Lenguaje Natural (RYC-2014-16935<\/a>)<\/p>\n<p><img decoding=\"async\" loading=\"lazy\" class=\"alignnone wp-image-3967 \" src=\"http:\/\/iriadacunha.com\/FundacionBBVA2015\/wp-content\/uploads\/2020\/08\/logo_proyecto_Generaci\u00f3n_Conocimiento_2018-300x76.png\" alt=\"\" width=\"347\" height=\"88\" srcset=\"https:\/\/iriadacunha.com\/FundacionBBVA2015\/wp-content\/uploads\/2020\/08\/logo_proyecto_Generaci\u00f3n_Conocimiento_2018-300x76.png 300w, https:\/\/iriadacunha.com\/FundacionBBVA2015\/wp-content\/uploads\/2020\/08\/logo_proyecto_Generaci\u00f3n_Conocimiento_2018-768x194.png 768w, https:\/\/iriadacunha.com\/FundacionBBVA2015\/wp-content\/uploads\/2020\/08\/logo_proyecto_Generaci\u00f3n_Conocimiento_2018.png 788w\" sizes=\"(max-width: 347px) 100vw, 347px\" \/><br \/>\n<a href=\"http:\/\/iriadacunha.com\/FundacionBBVA2015\/es\/ministerio2019-2022\/\" target=\"_blank\" rel=\"noopener\">Tecnolog\u00edas de la Informaci\u00f3n y la Comunicaci\u00f3n para la e-Administraci\u00f3n: hacia la mejora de la comunicaci\u00f3n entre Administraci\u00f3n y ciudadan\u00eda a trav\u00e9s del lenguaje claro (TIC-eADMIN) (PGC2018-099694-A-I00)<\/a><\/p>\n<p><img decoding=\"async\" loading=\"lazy\" class=\"alignnone wp-image-3965 \" src=\"http:\/\/iriadacunha.com\/FundacionBBVA2015\/wp-content\/uploads\/2020\/08\/logos_proyecto_Prueba_de_Concepto-300x70.png\" alt=\"\" width=\"429\" height=\"100\" srcset=\"https:\/\/iriadacunha.com\/FundacionBBVA2015\/wp-content\/uploads\/2020\/08\/logos_proyecto_Prueba_de_Concepto-300x70.png 300w, https:\/\/iriadacunha.com\/FundacionBBVA2015\/wp-content\/uploads\/2020\/08\/logos_proyecto_Prueba_de_Concepto-768x179.png 768w, https:\/\/iriadacunha.com\/FundacionBBVA2015\/wp-content\/uploads\/2020\/08\/logos_proyecto_Prueba_de_Concepto-1024x239.png 1024w, https:\/\/iriadacunha.com\/FundacionBBVA2015\/wp-content\/uploads\/2020\/08\/logos_proyecto_Prueba_de_Concepto-1180x275.png 1180w\" sizes=\"(max-width: 429px) 100vw, 429px\" \/><br \/>\n<a href=\"http:\/\/iriadacunha.com\/FundacionBBVA2015\/es\/ministerio-de-ciencia-e-innovacion-2022-2024\/\" target=\"_blank\" rel=\"noopener\">Un prototipo tecnol\u00f3gico para la redacci\u00f3n en lenguaje claro: incorporaci\u00f3n en la Administraci\u00f3n p\u00fablica y an\u00e1lisis de su impacto en la ciudadan\u00eda (arText_IMPACT)\u00a0(PDC2022-133935-I00)<\/a><\/p>\n<p><a href=\"http:\/\/iriadacunha.com\/FundacionBBVA2015\/es\/ministerio-de-ciencia-innovacion-y-universidades-2023-2026\/\" target=\"_blank\" rel=\"noopener\"><img decoding=\"async\" loading=\"lazy\" class=\"alignnone wp-image-3964 \" src=\"http:\/\/iriadacunha.com\/FundacionBBVA2015\/wp-content\/uploads\/2020\/08\/logo_proyecto_Generaci\u00f3n_Conocimiento_2022-300x76.png\" alt=\"\" width=\"340\" height=\"86\" srcset=\"https:\/\/iriadacunha.com\/FundacionBBVA2015\/wp-content\/uploads\/2020\/08\/logo_proyecto_Generaci\u00f3n_Conocimiento_2022-300x76.png 300w, https:\/\/iriadacunha.com\/FundacionBBVA2015\/wp-content\/uploads\/2020\/08\/logo_proyecto_Generaci\u00f3n_Conocimiento_2022-768x194.png 768w, https:\/\/iriadacunha.com\/FundacionBBVA2015\/wp-content\/uploads\/2020\/08\/logo_proyecto_Generaci\u00f3n_Conocimiento_2022.png 788w\" sizes=\"(max-width: 340px) 100vw, 340px\" \/><br \/>\n<\/a><a href=\"http:\/\/iriadacunha.com\/FundacionBBVA2015\/es\/ministerio-de-ciencia-innovacion-y-universidades-2023-2026\/\" target=\"_blank\" rel=\"noopener\">Lenguaje claro y procesamiento del lenguaje natural en textos jur\u00eddico-administrativos en ingl\u00e9s: la Comisi\u00f3n Europea como caso de estudio (EUPlainTech) (PID2022-143092NB-I00)<\/a><\/p>\n<p><img decoding=\"async\" loading=\"lazy\" class=\"alignnone wp-image-3510\" src=\"http:\/\/iriadacunha.com\/FundacionBBVA2015\/wp-content\/uploads\/2023\/11\/logo_zambrano-300x34.png\" alt=\"logo_zambrano\" width=\"549\" height=\"62\" srcset=\"https:\/\/iriadacunha.com\/FundacionBBVA2015\/wp-content\/uploads\/2023\/11\/logo_zambrano-300x34.png 300w, https:\/\/iriadacunha.com\/FundacionBBVA2015\/wp-content\/uploads\/2023\/11\/logo_zambrano-768x86.png 768w, https:\/\/iriadacunha.com\/FundacionBBVA2015\/wp-content\/uploads\/2023\/11\/logo_zambrano-1024x114.png 1024w, https:\/\/iriadacunha.com\/FundacionBBVA2015\/wp-content\/uploads\/2023\/11\/logo_zambrano-1180x132.png 1180w\" sizes=\"(max-width: 549px) 100vw, 549px\" \/><br \/>\n<a href=\"http:\/\/iriadacunha.com\/FundacionBBVA2015\/es\/maria-zambrano-uned-2023-2024\/\" target=\"_blank\" rel=\"noopener\">Los desaf\u00edos l\u00e9xicos de la comunicaci\u00f3n clara en el \u00e1mbito jur\u00eddico-administrativo: un estudio emp\u00edrico sobre el efecto de las estrategias de clarificaci\u00f3n del l\u00e9xico en el procesamiento y en la percepci\u00f3n de la claridad de textos administrativos por parte de la ciudadan\u00eda (Contrato posdoctoral Mar\u00eda Zambrano)<\/a><\/p>\n<p><img decoding=\"async\" loading=\"lazy\" class=\"alignnone wp-image-3502\" src=\"http:\/\/iriadacunha.com\/FundacionBBVA2015\/wp-content\/uploads\/2023\/11\/logo_margarita-300x42.png\" alt=\"logo_margarita\" width=\"535\" height=\"75\" srcset=\"https:\/\/iriadacunha.com\/FundacionBBVA2015\/wp-content\/uploads\/2023\/11\/logo_margarita-300x42.png 300w, https:\/\/iriadacunha.com\/FundacionBBVA2015\/wp-content\/uploads\/2023\/11\/logo_margarita-768x108.png 768w, https:\/\/iriadacunha.com\/FundacionBBVA2015\/wp-content\/uploads\/2023\/11\/logo_margarita-1024x144.png 1024w, https:\/\/iriadacunha.com\/FundacionBBVA2015\/wp-content\/uploads\/2023\/11\/logo_margarita-1180x166.png 1180w\" sizes=\"(max-width: 535px) 100vw, 535px\" \/><br \/>\n<a href=\"http:\/\/iriadacunha.com\/FundacionBBVA2015\/es\/margarita-salas-upfuned-2023-2024\/\" target=\"_blank\" rel=\"noopener\">Hacia\u00a0la incorporaci\u00f3n del lenguaje claro del \u00e1mbito m\u00e9dico en arText claro\u00a0(Contrato posdoctoral Margarita Salas)<\/a><\/p>\n<p><img decoding=\"async\" loading=\"lazy\" class=\"alignnone wp-image-4343\" src=\"http:\/\/iriadacunha.com\/FundacionBBVA2015\/wp-content\/uploads\/2024\/06\/GOVERN_IB_H_2_COL.png\" alt=\"\" width=\"112\" height=\"110\" srcset=\"https:\/\/iriadacunha.com\/FundacionBBVA2015\/wp-content\/uploads\/2024\/06\/GOVERN_IB_H_2_COL.png 751w, https:\/\/iriadacunha.com\/FundacionBBVA2015\/wp-content\/uploads\/2024\/06\/GOVERN_IB_H_2_COL-300x294.png 300w, https:\/\/iriadacunha.com\/FundacionBBVA2015\/wp-content\/uploads\/2024\/06\/GOVERN_IB_H_2_COL-388x380.png 388w\" sizes=\"(max-width: 112px) 100vw, 112px\" \/>\u00a0<img decoding=\"async\" loading=\"lazy\" class=\"alignnone wp-image-4342\" src=\"http:\/\/iriadacunha.com\/FundacionBBVA2015\/wp-content\/uploads\/2024\/06\/generalitat_cat.png\" alt=\"\" width=\"173\" height=\"50\" srcset=\"https:\/\/iriadacunha.com\/FundacionBBVA2015\/wp-content\/uploads\/2024\/06\/generalitat_cat.png 2560w, https:\/\/iriadacunha.com\/FundacionBBVA2015\/wp-content\/uploads\/2024\/06\/generalitat_cat-300x87.png 300w, https:\/\/iriadacunha.com\/FundacionBBVA2015\/wp-content\/uploads\/2024\/06\/generalitat_cat-1024x297.png 1024w, https:\/\/iriadacunha.com\/FundacionBBVA2015\/wp-content\/uploads\/2024\/06\/generalitat_cat-768x223.png 768w, https:\/\/iriadacunha.com\/FundacionBBVA2015\/wp-content\/uploads\/2024\/06\/generalitat_cat-1536x446.png 1536w, https:\/\/iriadacunha.com\/FundacionBBVA2015\/wp-content\/uploads\/2024\/06\/generalitat_cat-2048x594.png 2048w, https:\/\/iriadacunha.com\/FundacionBBVA2015\/wp-content\/uploads\/2024\/06\/generalitat_cat-1180x342.png 1180w\" sizes=\"(max-width: 173px) 100vw, 173px\" \/><br \/>\n<a href=\"https:\/\/iriadacunha.com\/FundacionBBVA2015\/es\/govern-de-les-illes-balears-y-generalitat-de-catalunya-2023-2024\/\">Adaptaci\u00f3n de arText y arText claro al catal\u00e1n<\/a><\/p>\n","protected":false},"excerpt":{"rendered":"<p>Un sistema autom\u00e1tico de ayuda a la redacci\u00f3n de textos especializados de \u00e1mbitos relevantes en la sociedad espa\u00f1ola actual (IN[15]_HMS_LIN_0371) Discurso y Procesamiento del Lenguaje Natural (RYC-2014-16935) Tecnolog\u00edas de la Informaci\u00f3n y la Comunicaci\u00f3n para la e-Administraci\u00f3n: hacia la mejora de la comunicaci\u00f3n entre Administraci\u00f3n y ciudadan\u00eda a trav\u00e9s del lenguaje claro (TIC-eADMIN) (PGC2018-099694-A-I00) Un &hellip; <a href=\"https:\/\/iriadacunha.com\/FundacionBBVA2015\/es\/proyectos-financiados\/\" class=\"more-link\">Seguir leyendo <span class=\"screen-reader-text\">Proyectos financiados<\/span><\/a><\/p>\n","protected":false},"author":1,"featured_media":0,"parent":0,"menu_order":0,"comment_status":"closed","ping_status":"closed","template":"","meta":{"footnotes":""},"_links":{"self":[{"href":"https:\/\/iriadacunha.com\/FundacionBBVA2015\/wp-json\/wp\/v2\/pages\/816"}],"collection":[{"href":"https:\/\/iriadacunha.com\/FundacionBBVA2015\/wp-json\/wp\/v2\/pages"}],"about":[{"href":"https:\/\/iriadacunha.com\/FundacionBBVA2015\/wp-json\/wp\/v2\/types\/page"}],"author":[{"embeddable":true,"href":"https:\/\/iriadacunha.com\/FundacionBBVA2015\/wp-json\/wp\/v2\/users\/1"}],"replies":[{"embeddable":true,"href":"https:\/\/iriadacunha.com\/FundacionBBVA2015\/wp-json\/wp\/v2\/comments?post=816"}],"version-history":[{"count":31,"href":"https:\/\/iriadacunha.com\/FundacionBBVA2015\/wp-json\/wp\/v2\/pages\/816\/revisions"}],"predecessor-version":[{"id":4504,"href":"https:\/\/iriadacunha.com\/FundacionBBVA2015\/wp-json\/wp\/v2\/pages\/816\/revisions\/4504"}],"wp:attachment":[{"href":"https:\/\/iriadacunha.com\/FundacionBBVA2015\/wp-json\/wp\/v2\/media?parent=816"}],"curies":[{"name":"wp","href":"https:\/\/api.w.org\/{rel}","templated":true}]}}