{"id":837,"date":"2020-08-31T16:28:50","date_gmt":"2020-08-31T16:28:50","guid":{"rendered":"http:\/\/iriadacunha.com\/FundacionBBVA2015\/?page_id=837"},"modified":"2024-02-28T12:46:02","modified_gmt":"2024-02-28T11:46:02","slug":"fundacion-bbva-2015-2016","status":"publish","type":"page","link":"https:\/\/iriadacunha.com\/FundacionBBVA2015\/es\/fundacion-bbva-2015-2016\/","title":{"rendered":"Fundaci\u00f3n BBVA 2015-2016"},"content":{"rendered":"<p><strong>Un sistema autom\u00e1tico de ayuda a la redacci\u00f3n de textos especializados de \u00e1mbitos relevantes en la sociedad espa\u00f1ola actual (IN[15]_HMS_LIN_0371)<\/strong><\/p>\n<p>Proyecto de investigaci\u00f3n llevado a cabo en el\u00a0<a href=\"https:\/\/www.uned.es\/universidad\/\/facultades\/departamentos\/filologias-extranjeras-y-sus-linguisticas.html\" target=\"_blank\" rel=\"noopener noreferrer\">Departamento de Filolog\u00edas Extranjeras y sus Ling\u00fc\u00edsticas<\/a>\u00a0de la\u00a0\u00a0<a href=\"https:\/\/www.uned.es\/universidad\/facultades\/filologia.html\" target=\"_blank\" rel=\"noopener noreferrer\">Facultad de Filolog\u00eda<\/a>\u00a0de la\u00a0\u00a0<a href=\"https:\/\/www.uned.es\/universidad\/inicio.html\" target=\"_blank\" rel=\"noopener noreferrer\">Universidad Nacional de Educaci\u00f3n a Distancia (UNED)\u00a0<\/a>en el marco del grupo\u00a0<a href=\"http:\/\/portal.uned.es\/portal\/page?_pageid=93,8840791&amp;_dad=portal&amp;_schema=PORTAL\" target=\"_blank\" rel=\"noopener noreferrer\">ACTUALing<\/a>, con la colaboraci\u00f3n del grupo\u00a0<a href=\"https:\/\/www.upf.edu\/es\/web\/iulaterm\" target=\"_blank\" rel=\"noopener noreferrer\">IULATERM<\/a>.<\/p>\n<p><a href=\"https:\/\/www.uned.es\/universidad\/facultades\/filologia.html\" target=\"_blank\" rel=\"noopener noreferrer\"><img decoding=\"async\" loading=\"lazy\" class=\"alignnone wp-image-981\" src=\"http:\/\/iriadacunha.com\/FundacionBBVA2015\/wp-content\/uploads\/2020\/08\/logo_UNED_Facultad_Filolog\u00eda-300x143.png\" alt=\"logo_UNED_Facultad_Filolog\u00eda\" width=\"231\" height=\"110\" \/><\/a>\u00a0\u00a0<a href=\"http:\/\/portal.uned.es\/portal\/page?_pageid=93,8840791&amp;_dad=portal&amp;_schema=PORTAL\" target=\"_blank\" rel=\"noopener noreferrer\"><img decoding=\"async\" loading=\"lazy\" class=\"alignnone wp-image-109\" src=\"http:\/\/iriadacunha.com\/FundacionBBVA2015\/wp-content\/uploads\/2016\/03\/actualing.png\" alt=\"actualing\" width=\"242\" height=\"63\" \/><\/a><\/p>\n<h6><strong><span style=\"color: #1e1e9c;\">Financiaci\u00f3n<\/span><\/strong><br \/>\n<a href=\"https:\/\/www.fbbva.es\/\" target=\"_blank\" rel=\"noopener noreferrer\"><img decoding=\"async\" loading=\"lazy\" class=\"alignnone wp-image-3074 size-medium\" src=\"http:\/\/iriadacunha.com\/FundacionBBVA2015\/wp-content\/uploads\/2020\/08\/logo-vectorial-fundacion-bbva-1-300x152.jpeg\" alt=\"logo-vectorial-fundacion-bbva\" width=\"300\" height=\"152\" srcset=\"https:\/\/iriadacunha.com\/FundacionBBVA2015\/wp-content\/uploads\/2020\/08\/logo-vectorial-fundacion-bbva-1-300x152.jpeg 300w, https:\/\/iriadacunha.com\/FundacionBBVA2015\/wp-content\/uploads\/2020\/08\/logo-vectorial-fundacion-bbva-1.jpeg 630w\" sizes=\"(max-width: 300px) 100vw, 300px\" \/><\/a><\/h6>\n<p>Este proyecto ha sido financiado por una de las Ayudas Fundaci\u00f3n BBVA a Investigadores y Creadores Culturales en la edici\u00f3n del 2015.*<\/p>\n<p>Presupuesto: 40.000 euros.<\/p>\n<h6><strong><span style=\"color: #1e1e9c;\">Objetivos y metodolog\u00eda<\/span><\/strong><\/h6>\n<p>El <strong>objetivo general<\/strong> de este proyecto es desarrollar un prototipo de sistema autom\u00e1tico de ayuda a la redacci\u00f3n de textos especializados en espa\u00f1ol de \u00e1mbitos relevantes en la sociedad espa\u00f1ola, dirigido tanto a estudiantes universitarios y a profesionales de estos \u00e1mbitos, como a ciudadanos en general. Los tres dominios que se han seleccionado son:<\/p>\n<p>1. dominio de la salud y la ciencia (espec\u00edficamente, el \u00e1mbito de la medicina),<br \/>\n2. dominio jur\u00eddico-econ\u00f3mico (espec\u00edficamente, el \u00e1mbito de la Administraci\u00f3n p\u00fablica),<br \/>\n3. dominio de los servicios (espec\u00edficamente, el \u00e1mbito del turismo).<\/p>\n<p>Para lograr el objetivo principal, se han fijado tres <strong>objetivos espec\u00edficos<\/strong>:<\/p>\n<p>OBJETIVO ESPEC\u00cdFICO 1. Para cada uno de los tres \u00e1mbitos analizados (medicina, Administraci\u00f3n p\u00fablica y turismo), seleccionar los g\u00e9neros textuales cuya redacci\u00f3n conlleva una mayor problem\u00e1tica para estudiantes y profesionales de la sociedad espa\u00f1ola. En el \u00e1mbito de la Administraci\u00f3n, se tiene en cuenta \u00fanicamente el colectivo de los ciudadanos, ya que estos son los que tienen m\u00e1s necesidades de elaboraci\u00f3n de textos dirigidos a la Administraci\u00f3n p\u00fablica.<\/p>\n<p>OBJETIVO ESPEC\u00cdFICO 2. Analizar las caracter\u00edsticas protot\u00edpicas de los g\u00e9neros textuales seleccionados desde diferentes planos ling\u00fc\u00edsticos, con el objetivo de integrarlas en unas especificaciones t\u00e9cnicas que gu\u00eden la implementaci\u00f3n del prototipo de sistema de redacci\u00f3n asistida.<\/p>\n<p>OBJETIVO ESPEC\u00cdFICO 3. Integrar estas caracter\u00edsticas en un sistema inform\u00e1tico de redacci\u00f3n asistida que ayude al usuario a estructurar y a redactar adecuadamente estos g\u00e9neros textuales.<\/p>\n<table>\n<tbody>\n<tr>\n<td colspan=\"4\" width=\"576\">\n<p style=\"text-align: center;\"><strong>METODOLOG\u00cdA<\/strong><\/p>\n<\/td>\n<\/tr>\n<tr>\n<td width=\"144\">FASE 1<\/td>\n<td width=\"144\">FASE 2<\/td>\n<td width=\"144\">FASE 3<\/td>\n<td width=\"144\">FASE 4<\/td>\n<\/tr>\n<tr>\n<td width=\"144\">Selecci\u00f3n de los g\u00e9neros textuales de cada \u00e1mbito del proyecto (medicina, Administraci\u00f3n p\u00fablica y turismo).<\/td>\n<td width=\"144\">An\u00e1lisis de las caracter\u00edsticas protot\u00edpicas de los g\u00e9neros seleccionados desde diferentes planos ling\u00fc\u00edsticos.<\/td>\n<td width=\"144\">Desarrollo de un sistema inform\u00e1tico de redacci\u00f3n asistida de los g\u00e9neros seleccionados.<\/p>\n<p>&nbsp;<\/td>\n<td width=\"144\">Difusi\u00f3n del sistema.<\/td>\n<\/tr>\n<\/tbody>\n<\/table>\n<h6><strong><span style=\"color: #1e1e9c;\">Equipo<\/span><\/strong><\/h6>\n<ul>\n<li><a href=\"http:\/\/iriadacunha.com\/\" target=\"_blank\" rel=\"noopener noreferrer\">Iria da Cunha<\/a>\u00a0(directora) (UNED)<\/li>\n<li><a href=\"https:\/\/www.researchgate.net\/profile\/M_Amor_Montane\" target=\"_blank\" rel=\"noopener noreferrer\">M. Amor Montan\u00e9\u00a0<\/a>(Universitat Pompeu Fabra)<\/li>\n<li>Alba Coll (Universitat Pompeu Fabra)<\/li>\n<li><a href=\"https:\/\/www.uned.es\/universidad\/docentes\/filologia\/m-angeles-escobar-alvarez.html\" target=\"_blank\" rel=\"noopener noreferrer\">M. \u00c1ngeles Escobar<\/a>\u00a0(UNED)<\/li>\n<li><a href=\"https:\/\/www.researchgate.net\/profile\/Beatriz_Fisas\" target=\"_blank\" rel=\"noopener noreferrer\">Beatriz Fisas<\/a>\u00a0(Universitat Pompeu Fabra)<\/li>\n<li>Luis Hysa<\/li>\n<\/ul>\n<h6><strong><span style=\"color: #1e1e9c;\">Entidades colaboradoras<\/span><\/strong><\/h6>\n<p><a href=\"https:\/\/www.upf.edu\/es\/web\/iulaterm\" target=\"_blank\" rel=\"noopener noreferrer\"><img decoding=\"async\" loading=\"lazy\" class=\"alignleft wp-image-913\" src=\"http:\/\/iriadacunha.com\/FundacionBBVA2015\/wp-content\/uploads\/2020\/08\/iulaterm.png\" alt=\"iulaterm\" width=\"195\" height=\"64\" \/><\/a><a href=\"https:\/\/www.ub.edu\/portal\/web\/medicina-ciencias-salud\/\" target=\"_blank\" rel=\"noopener noreferrer\"><img decoding=\"async\" loading=\"lazy\" class=\"alignleft wp-image-1117\" src=\"http:\/\/iriadacunha.com\/FundacionBBVA2015\/wp-content\/uploads\/2020\/08\/medicinaccsalut-neg-1tnegra-300x142.png\" alt=\"medicinaccsalut-neg-1tnegra\" width=\"180\" height=\"85\" srcset=\"https:\/\/iriadacunha.com\/FundacionBBVA2015\/wp-content\/uploads\/2020\/08\/medicinaccsalut-neg-1tnegra-300x142.png 300w, https:\/\/iriadacunha.com\/FundacionBBVA2015\/wp-content\/uploads\/2020\/08\/medicinaccsalut-neg-1tnegra-768x363.png 768w, https:\/\/iriadacunha.com\/FundacionBBVA2015\/wp-content\/uploads\/2020\/08\/medicinaccsalut-neg-1tnegra-803x380.png 803w, https:\/\/iriadacunha.com\/FundacionBBVA2015\/wp-content\/uploads\/2020\/08\/medicinaccsalut-neg-1tnegra.png 898w\" sizes=\"(max-width: 180px) 100vw, 180px\" \/><\/a><a href=\"https:\/\/www.semfyc.es\/medicos\/\" target=\"_blank\" rel=\"noopener noreferrer\"><img decoding=\"async\" loading=\"lazy\" class=\"alignleft wp-image-1118\" src=\"http:\/\/iriadacunha.com\/FundacionBBVA2015\/wp-content\/uploads\/2020\/08\/semFYCLOGOBANNER-300x125.jpg\" alt=\"semFYCLOGOBANNER\" width=\"172\" height=\"72\" srcset=\"https:\/\/iriadacunha.com\/FundacionBBVA2015\/wp-content\/uploads\/2020\/08\/semFYCLOGOBANNER-300x125.jpg 300w, https:\/\/iriadacunha.com\/FundacionBBVA2015\/wp-content\/uploads\/2020\/08\/semFYCLOGOBANNER-768x320.jpg 768w, https:\/\/iriadacunha.com\/FundacionBBVA2015\/wp-content\/uploads\/2020\/08\/semFYCLOGOBANNER-1024x427.jpg 1024w, https:\/\/iriadacunha.com\/FundacionBBVA2015\/wp-content\/uploads\/2020\/08\/semFYCLOGOBANNER-1180x500.jpg 1180w, https:\/\/iriadacunha.com\/FundacionBBVA2015\/wp-content\/uploads\/2020\/08\/semFYCLOGOBANNER-912x380.jpg 912w, https:\/\/iriadacunha.com\/FundacionBBVA2015\/wp-content\/uploads\/2020\/08\/semFYCLOGOBANNER.jpg 1200w\" sizes=\"(max-width: 172px) 100vw, 172px\" \/><\/a><a href=\"http:\/\/www.foradada.cat\/\" target=\"_blank\" rel=\"noopener noreferrer\"><img decoding=\"async\" loading=\"lazy\" class=\"alignleft wp-image-1115\" src=\"http:\/\/iriadacunha.com\/FundacionBBVA2015\/wp-content\/uploads\/2020\/08\/foradada-logo-300x169.png\" alt=\"foradada-logo\" width=\"191\" height=\"108\" srcset=\"https:\/\/iriadacunha.com\/FundacionBBVA2015\/wp-content\/uploads\/2020\/08\/foradada-logo-300x169.png 300w, https:\/\/iriadacunha.com\/FundacionBBVA2015\/wp-content\/uploads\/2020\/08\/foradada-logo-675x380.png 675w, https:\/\/iriadacunha.com\/FundacionBBVA2015\/wp-content\/uploads\/2020\/08\/foradada-logo.png 687w\" sizes=\"(max-width: 191px) 100vw, 191px\" \/><\/a><a href=\"https:\/\/cehat.com\/quienes-somos\/mision-y-objetivos\/\" target=\"_blank\" rel=\"noopener noreferrer\"><img decoding=\"async\" loading=\"lazy\" class=\"alignleft wp-image-1114\" src=\"http:\/\/iriadacunha.com\/FundacionBBVA2015\/wp-content\/uploads\/2020\/08\/cehat-logo_4_732x400-300x164.jpeg\" alt=\"cehat-logo_4_732x400\" width=\"182\" height=\"99\" srcset=\"https:\/\/iriadacunha.com\/FundacionBBVA2015\/wp-content\/uploads\/2020\/08\/cehat-logo_4_732x400-300x164.jpeg 300w, https:\/\/iriadacunha.com\/FundacionBBVA2015\/wp-content\/uploads\/2020\/08\/cehat-logo_4_732x400-695x380.jpeg 695w, https:\/\/iriadacunha.com\/FundacionBBVA2015\/wp-content\/uploads\/2020\/08\/cehat-logo_4_732x400.jpeg 732w\" sizes=\"(max-width: 182px) 100vw, 182px\" \/><\/a><\/p>\n<p>&nbsp;<\/p>\n<p><a href=\"https:\/\/www.ithotelero.com\/\" target=\"_blank\" rel=\"noopener noreferrer\"><img decoding=\"async\" loading=\"lazy\" class=\"alignnone wp-image-1116\" src=\"http:\/\/iriadacunha.com\/FundacionBBVA2015\/wp-content\/uploads\/2020\/08\/Ikusi-nuevo-socio-Instituto-Tecnolo\u0301gico-Hotelero_0-300x125.jpg\" alt=\"Ikusi-nuevo-socio-Instituto-Tecnolo\u0301gico-Hotelero_0\" width=\"190\" height=\"79\" srcset=\"https:\/\/iriadacunha.com\/FundacionBBVA2015\/wp-content\/uploads\/2020\/08\/Ikusi-nuevo-socio-Instituto-Tecnolo\u0301gico-Hotelero_0-300x125.jpg 300w, https:\/\/iriadacunha.com\/FundacionBBVA2015\/wp-content\/uploads\/2020\/08\/Ikusi-nuevo-socio-Instituto-Tecnolo\u0301gico-Hotelero_0.jpg 600w\" sizes=\"(max-width: 190px) 100vw, 190px\" \/><\/a><\/p>\n<h6><span style=\"color: #1e1e9c;\"><strong>Producci\u00f3n cient\u00edfica<\/strong><\/span><\/h6>\n<p>Pincha <a href=\"http:\/\/iriadacunha.com\/FundacionBBVA2015\/es\/publicaciones\/\" target=\"_blank\" rel=\"noopener noreferrer\">aqu\u00ed<\/a>.<\/p>\n<h6><span style=\"color: #1e1e9c;\"><strong>Acceso al sistema arText<\/strong><\/span><\/h6>\n<p>Pincha <a href=\"http:\/\/iriadacunha.com\/FundacionBBVA2015\/es\/acceso-al-sistema\/\" target=\"_blank\" rel=\"noopener noreferrer\">aqu\u00ed<\/a>.<\/p>\n<h6><span style=\"color: #1e1e9c;\"><strong>Noticias<\/strong><\/span><\/h6>\n<p>Pincha <a href=\"http:\/\/iriadacunha.com\/FundacionBBVA2015\/es\/noticias\/\" target=\"_blank\" rel=\"noopener noreferrer\">aqu\u00ed<\/a>.<\/p>\n<p>* La Fundaci\u00f3n BBVA no se responsabiliza de las opiniones, comentarios y contenidos incluidos en el proyecto y\/o los resultados derivados del mismo, los cuales son total y absoluta responsabilidad de su autor.<\/p>\n","protected":false},"excerpt":{"rendered":"<p>Un sistema autom\u00e1tico de ayuda a la redacci\u00f3n de textos especializados de \u00e1mbitos relevantes en la sociedad espa\u00f1ola actual (IN[15]_HMS_LIN_0371) Proyecto de investigaci\u00f3n llevado a cabo en el\u00a0Departamento de Filolog\u00edas Extranjeras y sus Ling\u00fc\u00edsticas\u00a0de la\u00a0\u00a0Facultad de Filolog\u00eda\u00a0de la\u00a0\u00a0Universidad Nacional de Educaci\u00f3n a Distancia (UNED)\u00a0en el marco del grupo\u00a0ACTUALing, con la colaboraci\u00f3n del grupo\u00a0IULATERM. \u00a0\u00a0 Financiaci\u00f3n &hellip; <a href=\"https:\/\/iriadacunha.com\/FundacionBBVA2015\/es\/fundacion-bbva-2015-2016\/\" class=\"more-link\">Seguir leyendo <span class=\"screen-reader-text\">Fundaci\u00f3n BBVA 2015-2016<\/span><\/a><\/p>\n","protected":false},"author":1,"featured_media":0,"parent":0,"menu_order":0,"comment_status":"closed","ping_status":"closed","template":"","meta":{"footnotes":""},"_links":{"self":[{"href":"https:\/\/iriadacunha.com\/FundacionBBVA2015\/wp-json\/wp\/v2\/pages\/837"}],"collection":[{"href":"https:\/\/iriadacunha.com\/FundacionBBVA2015\/wp-json\/wp\/v2\/pages"}],"about":[{"href":"https:\/\/iriadacunha.com\/FundacionBBVA2015\/wp-json\/wp\/v2\/types\/page"}],"author":[{"embeddable":true,"href":"https:\/\/iriadacunha.com\/FundacionBBVA2015\/wp-json\/wp\/v2\/users\/1"}],"replies":[{"embeddable":true,"href":"https:\/\/iriadacunha.com\/FundacionBBVA2015\/wp-json\/wp\/v2\/comments?post=837"}],"version-history":[{"count":27,"href":"https:\/\/iriadacunha.com\/FundacionBBVA2015\/wp-json\/wp\/v2\/pages\/837\/revisions"}],"predecessor-version":[{"id":4088,"href":"https:\/\/iriadacunha.com\/FundacionBBVA2015\/wp-json\/wp\/v2\/pages\/837\/revisions\/4088"}],"wp:attachment":[{"href":"https:\/\/iriadacunha.com\/FundacionBBVA2015\/wp-json\/wp\/v2\/media?parent=837"}],"curies":[{"name":"wp","href":"https:\/\/api.w.org\/{rel}","templated":true}]}}