{"id":850,"date":"2020-08-31T16:28:42","date_gmt":"2020-08-31T16:28:42","guid":{"rendered":"http:\/\/iriadacunha.com\/FundacionBBVA2015\/?page_id=850"},"modified":"2024-02-28T18:34:35","modified_gmt":"2024-02-28T17:34:35","slug":"bbva-foundation-2015-2016","status":"publish","type":"page","link":"https:\/\/iriadacunha.com\/FundacionBBVA2015\/en\/bbva-foundation-2015-2016\/","title":{"rendered":"BBVA Foundation 2015-2016"},"content":{"rendered":"<p><strong>An automatic system to help in writing specialised texts in domains relevant to Spanish society (<em>Un sistema autom\u00e1tico de ayuda a la redacci\u00f3n de textos especializados de \u00e1mbitos relevantes en la sociedad espa\u00f1ola actual<\/em>) (IN[15]_HMS_LIN_0371)<\/strong><\/p>\n<p>Research project developed at\u00a0<a href=\"https:\/\/www.uned.es\/universidad\/\/facultades\/departamentos\/filologias-extranjeras-y-sus-linguisticas.html\" target=\"_blank\" rel=\"noopener noreferrer\">Departamento de Filolog\u00edas Extranjeras y sus Ling\u00fc\u00edsticas<\/a>\u00a0from the\u00a0<a href=\"https:\/\/www.uned.es\/universidad\/facultades\/filologia.html\" target=\"_blank\" rel=\"noopener noreferrer\">Facultad de Filolog\u00eda<\/a>\u00a0in\u00a0<a href=\"https:\/\/www.uned.es\/universidad\/inicio.html\" target=\"_blank\" rel=\"noopener noreferrer\">Universidad Nacional de Educaci\u00f3n a Distancia (UNED)<\/a>,\u00a0in the framework of the\u00a0\u00a0<a href=\"http:\/\/portal.uned.es\/portal\/page?_pageid=93,8840791&amp;_dad=portal&amp;_schema=PORTAL\" target=\"_blank\" rel=\"noopener noreferrer\">ACTUALing<\/a>\u00a0research group, with the collaboration of the\u00a0<a href=\"https:\/\/www.upf.edu\/es\/web\/iulaterm\" target=\"_blank\" rel=\"noopener noreferrer\">IULATERM<\/a>\u00a0group\u00a0.<\/p>\n<p><a href=\"https:\/\/www.uned.es\/universidad\/facultades\/filologia.html\" target=\"_blank\" rel=\"noopener noreferrer\"><img decoding=\"async\" loading=\"lazy\" class=\"alignnone wp-image-981\" src=\"http:\/\/iriadacunha.com\/FundacionBBVA2015\/wp-content\/uploads\/2020\/08\/logo_UNED_Facultad_Filolog\u00eda-300x143.png\" alt=\"logo_UNED_Facultad_Filolog\u00eda\" width=\"231\" height=\"110\" \/>\u00a0\u00a0<\/a><a href=\"http:\/\/portal.uned.es\/portal\/page?_pageid=93,8840791&amp;_dad=portal&amp;_schema=PORTAL\" target=\"_blank\" rel=\"noopener noreferrer\"><img decoding=\"async\" loading=\"lazy\" class=\"alignnone wp-image-109\" src=\"http:\/\/iriadacunha.com\/FundacionBBVA2015\/wp-content\/uploads\/2016\/03\/actualing.png\" alt=\"actualing\" width=\"242\" height=\"63\" \/><\/a><\/p>\n<h6><strong><span style=\"color: #1e1e9c;\">Funding<\/span><\/strong><a href=\"https:\/\/www.fbbva.es\/\" target=\"_blank\" rel=\"noopener noreferrer\"><br \/>\n<\/a><a href=\"https:\/\/www.fbbva.es\/\" target=\"_blank\" rel=\"noopener noreferrer\"><img decoding=\"async\" loading=\"lazy\" class=\"wp-image-3072 size-medium alignnone\" src=\"http:\/\/iriadacunha.com\/FundacionBBVA2015\/wp-content\/uploads\/2020\/08\/logo-vectorial-fundacion-bbva-300x152.jpeg\" alt=\"logo-vectorial-fundacion-bbva\" width=\"300\" height=\"152\" srcset=\"https:\/\/iriadacunha.com\/FundacionBBVA2015\/wp-content\/uploads\/2020\/08\/logo-vectorial-fundacion-bbva-300x152.jpeg 300w, https:\/\/iriadacunha.com\/FundacionBBVA2015\/wp-content\/uploads\/2020\/08\/logo-vectorial-fundacion-bbva.jpeg 630w\" sizes=\"(max-width: 300px) 100vw, 300px\" \/><\/a><\/h6>\n<p>This project has been funded by a \u201c2015 BBVA Foundation Grants for Researchers and Cultural Creators\u201d (\u201cConvocatoria 2015 de Ayudas Fundaci\u00f3n BBVA a Investigadores y Creadores Culturales\u201d) grant.*<\/p>\n<p>Budget: 40.000 euros.<\/p>\n<h6><strong><span style=\"color: #1e1e9c;\">Aims and methodology<\/span><br \/>\n<\/strong><\/h6>\n<p>The\u00a0<strong>main goal <\/strong>of this project\u00a0is to develop a prototype of an automatic system that helps to write texts in Spanish from specialized fields that are relevant in the Spanish society, for university students, professionals and citizens in general. The main <strong>fields<\/strong> that have been selected are:<\/p>\n<ol>\n<li>health and science (specifically, the medical domain),<\/li>\n<li>legal-economic (specifically, the public Administration domain),<\/li>\n<li>services (specifically, the tourism domain).<\/li>\n<\/ol>\n<p>To achieve the main goal, there are\u00a0three<strong> specific goals<\/strong>:<\/p>\n<p>SPECIFIC GOAL 1. For each field (medicine, public Administration and tourism),\u00a0to select the textual genres that involve writing problems\u00a0for students and professionals from the Spanish society. As for the Administration field, only citizens are taken into account, because they are the ones who could really need to write texts addressed to public Administration.<\/p>\n<p>SPECIFIC GOAL 2. To analyse the main characteristics of the textual genres that have been selected from different linguistic levels.\u00a0The goal is to integrate these characteristics into technical specifications that guide the implementation of a prototype of computer-assisted writing.<\/p>\n<p>SPECIFIC GOAL 3. To integrate these characteristics in a computer system of assisted writing.\u00a0This system will help the user to elaborate a structure and to write these genres properly.<\/p>\n<table width=\"0\">\n<tbody>\n<tr>\n<td colspan=\"4\" width=\"620\">\n<p style=\"text-align: center;\"><strong>METHODOLOGY<\/strong><\/p>\n<\/td>\n<\/tr>\n<tr>\n<td width=\"155\">STAGE 1<\/td>\n<td width=\"154\">STAGE 2<\/td>\n<td width=\"155\">STAGE 3<\/td>\n<td width=\"156\">STAGE 4<\/td>\n<\/tr>\n<tr>\n<td width=\"155\">Selection of the textual genres in each field of the project (medicine, public Administration and tourism).<\/td>\n<td width=\"154\">Analysis of the typical characteristics of the genres from different linguistic levels.<\/td>\n<td width=\"155\">Development of a computer-assisted writing system for the selected genres.<\/td>\n<td width=\"156\">System dissemination.<\/td>\n<\/tr>\n<\/tbody>\n<\/table>\n<h6><strong><br \/>\n<span style=\"color: #1e1e9c;\">Team<\/span><\/strong><\/h6>\n<ul>\n<li><a href=\"http:\/\/iriadacunha.com\/\" target=\"_blank\" rel=\"noopener noreferrer\">Iria da Cunha<\/a>\u00a0(director) (UNED)<\/li>\n<li><a href=\"https:\/\/www.researchgate.net\/profile\/M_Amor_Montane\" target=\"_blank\" rel=\"noopener noreferrer\">M. Amor Montan\u00e9 <\/a>(Universitat Pompeu Fabra)<\/li>\n<li>Alba Coll (Universitat Pompeu Fabra)<\/li>\n<li><a href=\"https:\/\/www.uned.es\/universidad\/docentes\/filologia\/m-angeles-escobar-alvarez.html\" target=\"_blank\" rel=\"noopener noreferrer\">M. \u00c1ngeles Escobar<\/a> (UNED)<\/li>\n<li><a href=\"https:\/\/www.researchgate.net\/profile\/Beatriz_Fisas\" target=\"_blank\" rel=\"noopener noreferrer\">Beatriz Fisas<\/a> (Universitat Pompeu Fabra)<\/li>\n<li>Luis Hysa<\/li>\n<\/ul>\n<h6><strong><span style=\"color: #1e1e9c;\">Collaborating entities<\/span><\/strong><\/h6>\n<p><a href=\"https:\/\/www.upf.edu\/es\/web\/iulaterm\" target=\"_blank\" rel=\"noopener noreferrer\"><img decoding=\"async\" loading=\"lazy\" class=\"alignleft wp-image-1123\" src=\"http:\/\/iriadacunha.com\/FundacionBBVA2015\/wp-content\/uploads\/2020\/08\/iulaterm-logo.png\" alt=\"iulaterm-logo\" width=\"187\" height=\"62\" \/><\/a><a href=\"https:\/\/www.ub.edu\/portal\/web\/medicina-ciencias-salud\/\" target=\"_blank\" rel=\"noopener noreferrer\"><img decoding=\"async\" loading=\"lazy\" class=\"alignleft wp-image-1127\" src=\"http:\/\/iriadacunha.com\/FundacionBBVA2015\/wp-content\/uploads\/2020\/08\/medicinaccsalut-universitat-barcelona-logo-300x142.png\" alt=\"medicinaccsalut-universitat-barcelona-logo\" width=\"184\" height=\"87\" srcset=\"https:\/\/iriadacunha.com\/FundacionBBVA2015\/wp-content\/uploads\/2020\/08\/medicinaccsalut-universitat-barcelona-logo-300x142.png 300w, https:\/\/iriadacunha.com\/FundacionBBVA2015\/wp-content\/uploads\/2020\/08\/medicinaccsalut-universitat-barcelona-logo-768x363.png 768w, https:\/\/iriadacunha.com\/FundacionBBVA2015\/wp-content\/uploads\/2020\/08\/medicinaccsalut-universitat-barcelona-logo-803x380.png 803w, https:\/\/iriadacunha.com\/FundacionBBVA2015\/wp-content\/uploads\/2020\/08\/medicinaccsalut-universitat-barcelona-logo.png 898w\" sizes=\"(max-width: 184px) 100vw, 184px\" \/><\/a><a href=\"https:\/\/www.semfyc.es\/medicos\/\" target=\"_blank\" rel=\"noopener noreferrer\"><img decoding=\"async\" loading=\"lazy\" class=\"alignleft wp-image-1128\" src=\"http:\/\/iriadacunha.com\/FundacionBBVA2015\/wp-content\/uploads\/2020\/08\/semFYC-LOGO-300x125.jpg\" alt=\"semFYC-LOGO\" width=\"175\" height=\"73\" srcset=\"https:\/\/iriadacunha.com\/FundacionBBVA2015\/wp-content\/uploads\/2020\/08\/semFYC-LOGO-300x125.jpg 300w, https:\/\/iriadacunha.com\/FundacionBBVA2015\/wp-content\/uploads\/2020\/08\/semFYC-LOGO-768x320.jpg 768w, https:\/\/iriadacunha.com\/FundacionBBVA2015\/wp-content\/uploads\/2020\/08\/semFYC-LOGO-1024x427.jpg 1024w, https:\/\/iriadacunha.com\/FundacionBBVA2015\/wp-content\/uploads\/2020\/08\/semFYC-LOGO-1180x500.jpg 1180w, https:\/\/iriadacunha.com\/FundacionBBVA2015\/wp-content\/uploads\/2020\/08\/semFYC-LOGO-912x380.jpg 912w, https:\/\/iriadacunha.com\/FundacionBBVA2015\/wp-content\/uploads\/2020\/08\/semFYC-LOGO.jpg 1200w\" sizes=\"(max-width: 175px) 100vw, 175px\" \/><\/a><a href=\"http:\/\/www.foradada.cat\/\" target=\"_blank\" rel=\"noopener noreferrer\"><img decoding=\"async\" loading=\"lazy\" class=\"alignleft wp-image-1125\" src=\"http:\/\/iriadacunha.com\/FundacionBBVA2015\/wp-content\/uploads\/2020\/08\/foradada-logo-1-300x169.png\" alt=\"foradada-logo\" width=\"185\" height=\"104\" srcset=\"https:\/\/iriadacunha.com\/FundacionBBVA2015\/wp-content\/uploads\/2020\/08\/foradada-logo-1-300x169.png 300w, https:\/\/iriadacunha.com\/FundacionBBVA2015\/wp-content\/uploads\/2020\/08\/foradada-logo-1-675x380.png 675w, https:\/\/iriadacunha.com\/FundacionBBVA2015\/wp-content\/uploads\/2020\/08\/foradada-logo-1.png 687w\" sizes=\"(max-width: 185px) 100vw, 185px\" \/><\/a><a href=\"https:\/\/cehat.com\/quienes-somos\/mision-y-objetivos\/\" target=\"_blank\" rel=\"noopener noreferrer\"><img decoding=\"async\" loading=\"lazy\" class=\"alignleft wp-image-1124\" src=\"http:\/\/iriadacunha.com\/FundacionBBVA2015\/wp-content\/uploads\/2020\/08\/cehat-logo_732x400-300x164.jpeg\" alt=\"cehat-logo_732x400\" width=\"190\" height=\"104\" srcset=\"https:\/\/iriadacunha.com\/FundacionBBVA2015\/wp-content\/uploads\/2020\/08\/cehat-logo_732x400-300x164.jpeg 300w, https:\/\/iriadacunha.com\/FundacionBBVA2015\/wp-content\/uploads\/2020\/08\/cehat-logo_732x400-695x380.jpeg 695w, https:\/\/iriadacunha.com\/FundacionBBVA2015\/wp-content\/uploads\/2020\/08\/cehat-logo_732x400.jpeg 732w\" sizes=\"(max-width: 190px) 100vw, 190px\" \/><\/a><\/p>\n<p>&nbsp;<\/p>\n<p><a href=\"https:\/\/www.ithotelero.com\/\" target=\"_blank\" rel=\"noopener noreferrer\"><img decoding=\"async\" loading=\"lazy\" class=\"alignnone wp-image-1126\" src=\"http:\/\/iriadacunha.com\/FundacionBBVA2015\/wp-content\/uploads\/2020\/08\/Instituto-Tecnolo\u0301gico-Hotelero_logo-300x125.jpg\" alt=\"Instituto-Tecnolo\u0301gico-Hotelero_logo\" width=\"185\" height=\"77\" srcset=\"https:\/\/iriadacunha.com\/FundacionBBVA2015\/wp-content\/uploads\/2020\/08\/Instituto-Tecnolo\u0301gico-Hotelero_logo-300x125.jpg 300w, https:\/\/iriadacunha.com\/FundacionBBVA2015\/wp-content\/uploads\/2020\/08\/Instituto-Tecnolo\u0301gico-Hotelero_logo.jpg 600w\" sizes=\"(max-width: 185px) 100vw, 185px\" \/><\/a><\/p>\n<h6><strong><span style=\"color: #1e1e9c;\">Scientific production<\/span><\/strong><\/h6>\n<p>Click <a href=\"http:\/\/iriadacunha.com\/FundacionBBVA2015\/en\/publications\/\" target=\"_blank\" rel=\"noopener noreferrer\">here<\/a>.<\/p>\n<h6><strong><span style=\"color: #1e1e9c;\">Access to the software<\/span><\/strong><\/h6>\n<p>Click <a href=\"http:\/\/iriadacunha.com\/FundacionBBVA2015\/en\/access-to-the-software\/\" target=\"_blank\" rel=\"noopener noreferrer\">here<\/a>.<\/p>\n<h6><strong><span style=\"color: #1e1e9c;\">News<\/span><\/strong><\/h6>\n<p>Click <a href=\"http:\/\/iriadacunha.com\/FundacionBBVA2015\/en\/news\/\" target=\"_blank\" rel=\"noopener noreferrer\">here<\/a>.<\/p>\n<p>* BBVA Foundation is not responsible for the opinions, comments and content included in the project and\/or results derived therefrom, which are full and absolute responsibility of their authors.<\/p>\n","protected":false},"excerpt":{"rendered":"<p>An automatic system to help in writing specialised texts in domains relevant to Spanish society (Un sistema autom\u00e1tico de ayuda a la redacci\u00f3n de textos especializados de \u00e1mbitos relevantes en la sociedad espa\u00f1ola actual) (IN[15]_HMS_LIN_0371) Research project developed at\u00a0Departamento de Filolog\u00edas Extranjeras y sus Ling\u00fc\u00edsticas\u00a0from the\u00a0Facultad de Filolog\u00eda\u00a0in\u00a0Universidad Nacional de Educaci\u00f3n a Distancia (UNED),\u00a0in the &hellip; <a href=\"https:\/\/iriadacunha.com\/FundacionBBVA2015\/en\/bbva-foundation-2015-2016\/\" class=\"more-link\">Seguir leyendo <span class=\"screen-reader-text\">BBVA Foundation 2015-2016<\/span><\/a><\/p>\n","protected":false},"author":1,"featured_media":0,"parent":0,"menu_order":0,"comment_status":"closed","ping_status":"closed","template":"","meta":{"footnotes":""},"_links":{"self":[{"href":"https:\/\/iriadacunha.com\/FundacionBBVA2015\/wp-json\/wp\/v2\/pages\/850"}],"collection":[{"href":"https:\/\/iriadacunha.com\/FundacionBBVA2015\/wp-json\/wp\/v2\/pages"}],"about":[{"href":"https:\/\/iriadacunha.com\/FundacionBBVA2015\/wp-json\/wp\/v2\/types\/page"}],"author":[{"embeddable":true,"href":"https:\/\/iriadacunha.com\/FundacionBBVA2015\/wp-json\/wp\/v2\/users\/1"}],"replies":[{"embeddable":true,"href":"https:\/\/iriadacunha.com\/FundacionBBVA2015\/wp-json\/wp\/v2\/comments?post=850"}],"version-history":[{"count":21,"href":"https:\/\/iriadacunha.com\/FundacionBBVA2015\/wp-json\/wp\/v2\/pages\/850\/revisions"}],"predecessor-version":[{"id":4096,"href":"https:\/\/iriadacunha.com\/FundacionBBVA2015\/wp-json\/wp\/v2\/pages\/850\/revisions\/4096"}],"wp:attachment":[{"href":"https:\/\/iriadacunha.com\/FundacionBBVA2015\/wp-json\/wp\/v2\/media?parent=850"}],"curies":[{"name":"wp","href":"https:\/\/api.w.org\/{rel}","templated":true}]}}