{"id":859,"date":"2020-08-31T16:28:25","date_gmt":"2020-08-31T16:28:25","guid":{"rendered":"http:\/\/iriadacunha.com\/FundacionBBVA2015\/?page_id=859"},"modified":"2024-02-28T18:42:06","modified_gmt":"2024-02-28T17:42:06","slug":"ministerio2019-2022","status":"publish","type":"page","link":"https:\/\/iriadacunha.com\/FundacionBBVA2015\/es\/ministerio2019-2022\/","title":{"rendered":"Ministerio de Ciencia, Investigaci\u00f3n y Universidades 2019-2022"},"content":{"rendered":"<p><strong>Tecnolog\u00edas de la Informaci\u00f3n y la Comunicaci\u00f3n para la e-Administraci\u00f3n: hacia la mejora de la comunicaci\u00f3n entre Administraci\u00f3n y ciudadan\u00eda a trav\u00e9s del lenguaje claro (TIC-eADMIN) (PGC2018-099694-A-I00)<\/strong><\/p>\n<p>Proyecto de investigaci\u00f3n llevado a cabo en el <a href=\"https:\/\/www.uned.es\/universidad\/\/facultades\/departamentos\/filologias-extranjeras-y-sus-linguisticas.html\" target=\"_blank\" rel=\"noopener noreferrer\">Departamento de Filolog\u00edas Extranjeras y sus Ling\u00fc\u00edsticas<\/a> de la\u00a0 <a href=\"https:\/\/www.uned.es\/universidad\/facultades\/filologia.html\" target=\"_blank\" rel=\"noopener noreferrer\">Facultad de Filolog\u00eda<\/a> de la\u00a0 <a href=\"https:\/\/www.uned.es\/universidad\/inicio.html\" target=\"_blank\" rel=\"noopener noreferrer\">Universidad Nacional de Educaci\u00f3n a Distancia (UNED) <\/a>en el marco del grupo <a href=\"http:\/\/portal.uned.es\/portal\/page?_pageid=93,8840791&amp;_dad=portal&amp;_schema=PORTAL\" target=\"_blank\" rel=\"noopener noreferrer\">ACTUALing<\/a>, con la colaboraci\u00f3n del grupo <a href=\"https:\/\/www.upf.edu\/es\/web\/iulaterm\" target=\"_blank\" rel=\"noopener noreferrer\">IULATERM<\/a>.<\/p>\n<p class=\"alignnone\"><a href=\"https:\/\/www.uned.es\/universidad\/facultades\/filologia.html\" target=\"_blank\" rel=\"noopener noreferrer\">\u00a0\u00a0<\/a><a href=\"https:\/\/www.uned.es\/universidad\/facultades\/filologia.html\" target=\"_blank\" rel=\"noopener noreferrer\"><img decoding=\"async\" loading=\"lazy\" class=\"alignnone wp-image-981\" src=\"http:\/\/iriadacunha.com\/FundacionBBVA2015\/wp-content\/uploads\/2020\/08\/logo_UNED_Facultad_Filolog\u00eda-300x143.png\" alt=\"logo_UNED_Facultad_Filolog\u00eda\" width=\"231\" height=\"110\" \/><\/a><a href=\"http:\/\/portal.uned.es\/portal\/page?_pageid=93,8840791&amp;_dad=portal&amp;_schema=PORTAL\" target=\"_blank\" rel=\"noopener noreferrer\"><img decoding=\"async\" loading=\"lazy\" class=\"alignnone wp-image-109\" src=\"http:\/\/iriadacunha.com\/FundacionBBVA2015\/wp-content\/uploads\/2016\/03\/actualing.png\" alt=\"actualing\" width=\"242\" height=\"63\" \/><\/a><\/p>\n<h6><span style=\"color: #333399;\"><strong>Financiaci\u00f3n<\/strong><\/span><\/h6>\n<p><a href=\"https:\/\/www.ciencia.gob.es\/portal\/site\/MICINN\/\" target=\"_blank\" rel=\"noopener noreferrer\"><img decoding=\"async\" loading=\"lazy\" class=\"alignnone wp-image-3967 \" src=\"http:\/\/iriadacunha.com\/FundacionBBVA2015\/wp-content\/uploads\/2020\/08\/logo_proyecto_Generaci\u00f3n_Conocimiento_2018-300x76.png\" alt=\"\" width=\"395\" height=\"100\" srcset=\"https:\/\/iriadacunha.com\/FundacionBBVA2015\/wp-content\/uploads\/2020\/08\/logo_proyecto_Generaci\u00f3n_Conocimiento_2018-300x76.png 300w, https:\/\/iriadacunha.com\/FundacionBBVA2015\/wp-content\/uploads\/2020\/08\/logo_proyecto_Generaci\u00f3n_Conocimiento_2018-768x194.png 768w, https:\/\/iriadacunha.com\/FundacionBBVA2015\/wp-content\/uploads\/2020\/08\/logo_proyecto_Generaci\u00f3n_Conocimiento_2018.png 788w\" sizes=\"(max-width: 395px) 100vw, 395px\" \/><br \/>\n<\/a>Este proyecto ha sido financiado en la convocatoria 2018 de Proyectos I+D del Subprograma Estatal de Generaci\u00f3n de Conocimiento (Ministerio de Ciencia, Investigaci\u00f3n y Universidades).<\/p>\n<p>Presupuesto:\u00a027.830 euros + <a href=\"http:\/\/iriadacunha.com\/FundacionBBVA2015\/wp-content\/uploads\/2020\/08\/Resolucion_Concesion_Predoc_2019.pdf\" target=\"_blank\" rel=\"noopener noreferrer\">1 contrato predoctoral FPI<\/a> (98.250 euros).<\/p>\n<h6><span style=\"color: #333399;\"><strong>Objetivos y metodolog\u00eda<\/strong><\/span><\/h6>\n<p>El\u00a0<strong>principal objetivo <\/strong>de este proyecto\u00a0es desarrollar, en el contexto de la e-Administraci\u00f3n, una\u00a0 herramienta TIC en l\u00ednea de ayuda a la redacci\u00f3n de textos administrativos en espa\u00f1ol por parte de empleados p\u00fablicos, para contribuir a que los textos que reciba la ciudadan\u00eda est\u00e9n redactados en lenguaje claro.<\/p>\n<p>Para lograr el objetivo principal, se han fijado\u00a0tres<strong> objetivos espec\u00edficos<\/strong>:<\/p>\n<p>OBJETIVO ESPEC\u00cdFICO 1. Investigar sobre las posibilidades que el Procesamiento del Lenguaje Natural (PLN) ofrece para detectar de manera autom\u00e1tica en textos administrativos fen\u00f3menos ling\u00fc\u00edsticos que interfieran en la redacci\u00f3n en lenguaje claro.<\/p>\n<p>OBJETIVO ESPEC\u00cdFICO 2. Analizar y sistematizar los rasgos ling\u00fc\u00edsticos protot\u00edpicos de algunos g\u00e9neros textuales espec\u00edficos del \u00e1mbito de la Administraci\u00f3n.<\/p>\n<p>OBJETIVO ESPEC\u00cdFICO 3. Dise\u00f1ar e implementar una herramienta TIC para la mejora de la comunicaci\u00f3n escrita entre la Administraci\u00f3n y la ciudadan\u00eda en el contexto de la e-Administraci\u00f3n. Espec\u00edficamente, esta herramienta se integrar\u00e1 en la infraestructura tecnol\u00f3gica del <a href=\"http:\/\/sistema-artext.com\/\" target=\"_blank\" rel=\"noopener noreferrer\">sistema arText<\/a>. As\u00ed, este sistema ofrecer\u00e1 una nueva funcionalidad: ayudar\u00a0a los empleados p\u00fablicos\u00a0a redactar textos en lenguaje claro dirigidos a la ciudadan\u00eda.<\/p>\n<table width=\"0\">\n<tbody>\n<tr>\n<td style=\"text-align: center;\" colspan=\"4\" width=\"620\"><strong>METODOLOG\u00cdA<\/strong><\/td>\n<\/tr>\n<tr>\n<td width=\"155\">FASE 1<\/td>\n<td width=\"154\">FASE 2<\/td>\n<td width=\"155\">FASE 3<\/td>\n<td width=\"156\">FASE 4<\/td>\n<\/tr>\n<tr>\n<td width=\"155\">An\u00e1lisis de recomendaciones para el lenguaje claro en espa\u00f1ol.<\/td>\n<td width=\"154\">Dise\u00f1o e implementaci\u00f3n en arText de la herramienta TIC de ayuda a la redacci\u00f3n en lenguaje claro.<\/td>\n<td width=\"155\">Evaluaci\u00f3n de la herramienta.<\/td>\n<td width=\"156\">Difusi\u00f3n de la herramienta.<\/td>\n<\/tr>\n<\/tbody>\n<\/table>\n<p>En la fase 1 se\u00a0han tenido en cuenta las siguientes referencias bibliogr\u00e1ficas:<\/p>\n<p style=\"padding-left: 30px;\">Carretero, Cristina. (2019).\u00a0<em>Comunicaci\u00f3n para juristas.\u00a0<\/em>Valencia: Tirant lo Blanch.<\/p>\n<p style=\"padding-left: 30px;\">Carretero, Cristina; P\u00e9rez, Jorge M.; Lanne-Lenne, Luis; de los Reyes, Gema. (2017).\u00a0<a href=\"https:\/\/repositorio.comillas.edu\/jspui\/retrieve\/73454\/GUIA%20DEF%20LENGUAJE%20CLARO.PDF\" target=\"_blank\" rel=\"noopener noreferrer\"><em>L<\/em><\/a><em><a href=\"https:\/\/repositorio.comillas.edu\/jspui\/retrieve\/73454\/GUIA%20DEF%20LENGUAJE%20CLARO.PDF\" target=\"_blank\" rel=\"noopener noreferrer\">enguaje Claro. Comprender y hacernos entender<\/a>.<\/em>\u00a0Sevilla, Madrid: Instituto de Lectura F\u00e1cil y Clarity.<\/p>\n<p style=\"padding-left: 30px;\">Comisi\u00f3n Europea. (2015).\u00a0<em><a href=\"http:\/\/publications.europa.eu\/resource\/cellar\/725b7eb0-d92e-11e5-8fea-01aa75ed71a1.0007.03\/DOC_1\" target=\"_blank\" rel=\"noopener noreferrer\">C\u00f3mo escribir con claridad<\/a>. <\/em>Luxemburgo: Oficina de Publicaciones de la Uni\u00f3n Europea.<\/p>\n<p style=\"padding-left: 30px;\">Jim\u00e9nez Y\u00e1\u00f1ez, Ricardo M. (2016).\u00a0<em>Escribir bien es de justicia.<\/em>\u00a0Cizur Menor: Aranzadi.<\/p>\n<p style=\"padding-left: 30px;\">Ministerio de Justicia. (2011).\u00a0<em><a href=\"https:\/\/www.administraciondejusticia.gob.es\/paj\/publico\/pagaj\/Pagina1Columna1Fila\/!ut\/p\/c4\/04_SB8K8xLLM9MSSzPy8xBz9CP0os3hjL0MjCydDRwN3k0AzA8cgI0sTRwsnIwMLA_3g5ET9gmxHRQBlGVMk\/?itemId=240035\" target=\"_blank\" rel=\"noopener noreferrer\">Informe de la Comisi\u00f3n de modernizaci\u00f3n del lenguaje jur\u00eddico<\/a>.<\/em>\u00a0Madrid: Ministerio de Justicia.<\/p>\n<p style=\"padding-left: 30px;\">Montol\u00edo, Estrella; Tasc\u00f3n, Mario. (2017).\u00a0<em><a href=\"https:\/\/www.madrid.es\/UnidadesDescentralizadas\/Calidad\/LenguajeClaro\/ComunicacionClara\/Documentos\/GuiaPracticaCClara.pdf\" target=\"_blank\" rel=\"noopener noreferrer\">Comunicaci\u00f3n Clara. Gu\u00eda Pr\u00e1ctica<\/a>.\u00a0<\/em>Madrid: Ayuntamiento de Madrid.<\/p>\n<p style=\"padding-left: 30px;\">Vilches, Fernando; Sarmiento, Ram\u00f3n. (2010).\u00a0<em>Manual de lenguaje Jur\u00eddico-Administrativo. <\/em>Madrid: Dykinson.<\/p>\n<h6><span style=\"color: #333399;\">resultados\u00a0<\/span><\/h6>\n<p>Como resultado de la fase 2, se ha creado\u00a0<a href=\"http:\/\/sistema-artext.com\/\" target=\"_blank\" rel=\"noopener noreferrer\"><strong>arText claro<\/strong><\/a>,\u00a0el primer redactor asistido para el espa\u00f1ol que ayuda a redactar textos en lenguaje claro.\u00a0En la actualidad, la herramienta ayuda a redactar en lenguaje claro los textos que el personal de la Administraci\u00f3n p\u00fablica dirige a la ciudadan\u00eda.<\/p>\n<p><a href=\"http:\/\/iriadacunha.com\/FundacionBBVA2015\/wp-content\/uploads\/2016\/03\/logo_artext_claro.png\" target=\"_blank\" rel=\"attachment noopener wp-att-1719 noreferrer\"><img decoding=\"async\" loading=\"lazy\" class=\"wp-image-1719 alignnone\" src=\"http:\/\/iriadacunha.com\/FundacionBBVA2015\/wp-content\/uploads\/2016\/03\/logo_artext_claro-300x169.png\" alt=\"logo_artext_claro\" width=\"125\" height=\"70\" srcset=\"https:\/\/iriadacunha.com\/FundacionBBVA2015\/wp-content\/uploads\/2016\/03\/logo_artext_claro-300x169.png 300w, https:\/\/iriadacunha.com\/FundacionBBVA2015\/wp-content\/uploads\/2016\/03\/logo_artext_claro.png 480w\" sizes=\"(max-width: 125px) 100vw, 125px\" \/><\/a><\/p>\n<h6><span style=\"color: #333399;\"><strong>Equipo<\/strong><\/span><\/h6>\n<ul>\n<li><a href=\"http:\/\/iriadacunha.com\/\" target=\"_blank\" rel=\"noopener noreferrer\">Iria da Cunha<\/a> (directora) (UNED)<\/li>\n<li><a href=\"https:\/\/www.uned.es\/universidad\/docentes\/filologia\/m-angeles-escobar-alvarez.html\" target=\"_blank\" rel=\"noopener noreferrer\">M. \u00c1ngeles Escobar<\/a>\u00a0(UNED)<\/li>\n<li><a href=\"https:\/\/www.uned.es\/universidad\/docentes\/filologia\/eva-samaniego-fernandez.html\" target=\"_blank\" rel=\"noopener noreferrer\">Eva Samaniego<\/a>\u00a0(UNED)<\/li>\n<li><a href=\"https:\/\/www.uned.es\/universidad\/docentes\/derecho\/susana-vinuales-ferreiro.html\" target=\"_blank\" rel=\"noopener noreferrer\">Susana Vi\u00f1uales<\/a>\u00a0(UNED)<\/li>\n<li><a href=\"https:\/\/www.uned.es\/universidad\/docentes\/filologia\/sara-pistola-grille.html\" target=\"_blank\" rel=\"noopener noreferrer\">Sara Pistola<\/a> (contratada FPI del proyecto)\u00a0(UNED)<\/li>\n<li><a href=\"https:\/\/www.uam.es\/ss\/Satellite\/FProfesorado\/es\/1242658451006\/1242657196008\/persona\/detallePDI\/Nunez_Cortes,_Juan_Antonio.htm\" target=\"_blank\" rel=\"noopener noreferrer\">Juan-Antonio N\u00fa\u00f1ez<\/a>\u00a0(Universidad Aut\u00f3noma de Madrid)<\/li>\n<li><a href=\"https:\/\/www.researchgate.net\/profile\/M_Amor_Montane\" target=\"_blank\" rel=\"noopener noreferrer\">M. Amor Montan\u00e9<\/a> (Universitat Pompeu Fabra)<\/li>\n<li><a href=\"https:\/\/www.sfu.ca\/~mtaboada\/\" target=\"_blank\" rel=\"noopener noreferrer\">Maite Taboada<\/a>\u00a0(Simon Fraser University)<\/li>\n<li><a href=\"https:\/\/www.iingen.unam.mx\/es-mx\/Investigacion\/Academicos\/Paginas\/GSierraM.aspx\" target=\"_blank\" rel=\"noopener noreferrer\">Gerardo Sierra<\/a>\u00a0(Universidad Nacional Aut\u00f3noma de M\u00e9xico)<\/li>\n<li>Luis Hysa<\/li>\n<\/ul>\n<h6><span style=\"color: #333399;\"><strong>Entidades colaboradoras<\/strong><\/span><\/h6>\n<p><a href=\"https:\/\/www.upf.edu\/es\/web\/iulaterm\" target=\"_blank\" rel=\"noopener noreferrer\"><img decoding=\"async\" loading=\"lazy\" class=\"alignleft wp-image-913\" src=\"http:\/\/iriadacunha.com\/FundacionBBVA2015\/wp-content\/uploads\/2020\/08\/iulaterm.png\" alt=\"iulaterm\" width=\"189\" height=\"62\" \/><\/a><\/p>\n<p><a href=\"https:\/\/www.madrid.es\/portal\/site\/munimadrid\" target=\"_blank\" rel=\"noopener noreferrer\"><img decoding=\"async\" loading=\"lazy\" class=\"alignnone wp-image-2055 alignleft\" src=\"http:\/\/iriadacunha.com\/FundacionBBVA2015\/wp-content\/uploads\/2020\/08\/logo-ayuntamiento-madrid.png\" alt=\"logo-ayuntamiento-madrid\" width=\"136\" height=\"151\" srcset=\"https:\/\/iriadacunha.com\/FundacionBBVA2015\/wp-content\/uploads\/2020\/08\/logo-ayuntamiento-madrid.png 852w, https:\/\/iriadacunha.com\/FundacionBBVA2015\/wp-content\/uploads\/2020\/08\/logo-ayuntamiento-madrid-270x300.png 270w, https:\/\/iriadacunha.com\/FundacionBBVA2015\/wp-content\/uploads\/2020\/08\/logo-ayuntamiento-madrid-768x855.png 768w, https:\/\/iriadacunha.com\/FundacionBBVA2015\/wp-content\/uploads\/2020\/08\/logo-ayuntamiento-madrid-342x380.png 342w\" sizes=\"(max-width: 136px) 100vw, 136px\" \/><\/a><\/p>\n<h6><span style=\"color: #333399;\"><strong>Producci\u00f3n cient\u00edfica<\/strong><\/span><\/h6>\n<p>Pincha <a href=\"http:\/\/iriadacunha.com\/FundacionBBVA2015\/es\/publicaciones\/\" target=\"_blank\" rel=\"noopener noreferrer\">aqu\u00ed<\/a>.<\/p>\n<h6><strong><span style=\"color: #1e1e9c;\">Noticias<\/span><\/strong><\/h6>\n<p>Pincha <a href=\"http:\/\/iriadacunha.com\/FundacionBBVA2015\/es\/noticias\/\" target=\"_blank\" rel=\"noopener noreferrer\">aqu\u00ed<\/a>.<\/p>\n","protected":false},"excerpt":{"rendered":"<p>Tecnolog\u00edas de la Informaci\u00f3n y la Comunicaci\u00f3n para la e-Administraci\u00f3n: hacia la mejora de la comunicaci\u00f3n entre Administraci\u00f3n y ciudadan\u00eda a trav\u00e9s del lenguaje claro (TIC-eADMIN) (PGC2018-099694-A-I00) Proyecto de investigaci\u00f3n llevado a cabo en el Departamento de Filolog\u00edas Extranjeras y sus Ling\u00fc\u00edsticas de la\u00a0 Facultad de Filolog\u00eda de la\u00a0 Universidad Nacional de Educaci\u00f3n a Distancia &hellip; <a href=\"https:\/\/iriadacunha.com\/FundacionBBVA2015\/es\/ministerio2019-2022\/\" class=\"more-link\">Seguir leyendo <span class=\"screen-reader-text\">Ministerio de Ciencia, Investigaci\u00f3n y Universidades 2019-2022<\/span><\/a><\/p>\n","protected":false},"author":1,"featured_media":0,"parent":0,"menu_order":0,"comment_status":"closed","ping_status":"closed","template":"","meta":{"footnotes":""},"_links":{"self":[{"href":"https:\/\/iriadacunha.com\/FundacionBBVA2015\/wp-json\/wp\/v2\/pages\/859"}],"collection":[{"href":"https:\/\/iriadacunha.com\/FundacionBBVA2015\/wp-json\/wp\/v2\/pages"}],"about":[{"href":"https:\/\/iriadacunha.com\/FundacionBBVA2015\/wp-json\/wp\/v2\/types\/page"}],"author":[{"embeddable":true,"href":"https:\/\/iriadacunha.com\/FundacionBBVA2015\/wp-json\/wp\/v2\/users\/1"}],"replies":[{"embeddable":true,"href":"https:\/\/iriadacunha.com\/FundacionBBVA2015\/wp-json\/wp\/v2\/comments?post=859"}],"version-history":[{"count":43,"href":"https:\/\/iriadacunha.com\/FundacionBBVA2015\/wp-json\/wp\/v2\/pages\/859\/revisions"}],"predecessor-version":[{"id":4098,"href":"https:\/\/iriadacunha.com\/FundacionBBVA2015\/wp-json\/wp\/v2\/pages\/859\/revisions\/4098"}],"wp:attachment":[{"href":"https:\/\/iriadacunha.com\/FundacionBBVA2015\/wp-json\/wp\/v2\/media?parent=859"}],"curies":[{"name":"wp","href":"https:\/\/api.w.org\/{rel}","templated":true}]}}