{"id":865,"date":"2020-08-31T16:28:32","date_gmt":"2020-08-31T16:28:32","guid":{"rendered":"http:\/\/iriadacunha.com\/FundacionBBVA2015\/?page_id=865"},"modified":"2024-02-28T18:44:31","modified_gmt":"2024-02-28T17:44:31","slug":"ministry2019-2022","status":"publish","type":"page","link":"https:\/\/iriadacunha.com\/FundacionBBVA2015\/en\/ministry2019-2022\/","title":{"rendered":"Ministry of Science, Research and Universities 2019-2022"},"content":{"rendered":"<p><strong>Information and Communication Technologies for the e-Administration: towards the improvement of the communication between Administration and citizenship by means of plain language [TIC-eADMIN] (PGC2018-099694-A-I00)<\/strong><\/p>\n<p>Research project developed at\u00a0<a href=\"https:\/\/www.uned.es\/universidad\/\/facultades\/departamentos\/filologias-extranjeras-y-sus-linguisticas.html\" target=\"_blank\" rel=\"noopener noreferrer\">Departamento de Filolog\u00edas Extranjeras y sus Ling\u00fc\u00edsticas<\/a>\u00a0from the\u00a0<a href=\"https:\/\/www.uned.es\/universidad\/facultades\/filologia.html\" target=\"_blank\" rel=\"noopener noreferrer\">Facultad de Filolog\u00eda<\/a>\u00a0in\u00a0<a href=\"https:\/\/www.uned.es\/universidad\/inicio.html\" target=\"_blank\" rel=\"noopener noreferrer\">Universidad Nacional de Educaci\u00f3n a Distancia (UNED)<\/a>, in the framework of the\u00a0\u00a0<a href=\"http:\/\/portal.uned.es\/portal\/page?_pageid=93,8840791&amp;_dad=portal&amp;_schema=PORTAL\" target=\"_blank\" rel=\"noopener noreferrer\">ACTUALing<\/a>\u00a0research group, with the collaboration of the\u00a0<a href=\"https:\/\/www.upf.edu\/es\/web\/iulaterm\" target=\"_blank\" rel=\"noopener noreferrer\">IULATERM<\/a>\u00a0group\u00a0.<\/p>\n<p class=\"alignnone\"><a href=\"https:\/\/www.uned.es\/universidad\/facultades\/filologia.html\" target=\"_blank\" rel=\"noopener noreferrer\"><img decoding=\"async\" loading=\"lazy\" class=\"alignnone wp-image-981\" src=\"http:\/\/iriadacunha.com\/FundacionBBVA2015\/wp-content\/uploads\/2020\/08\/logo_UNED_Facultad_Filolog\u00eda-300x143.png\" alt=\"logo_UNED_Facultad_Filolog\u00eda\" width=\"231\" height=\"110\" \/>\u00a0\u00a0<\/a><a href=\"http:\/\/portal.uned.es\/portal\/page?_pageid=93,8840791&amp;_dad=portal&amp;_schema=PORTAL\" target=\"_blank\" rel=\"noopener noreferrer\"><img decoding=\"async\" loading=\"lazy\" class=\"alignnone wp-image-109\" src=\"http:\/\/iriadacunha.com\/FundacionBBVA2015\/wp-content\/uploads\/2016\/03\/actualing.png\" alt=\"actualing\" width=\"242\" height=\"63\" \/><\/a><\/p>\n<h6><strong><span style=\"color: #1e1e9c;\">Funding<\/span><\/strong><\/h6>\n<p><a href=\"https:\/\/www.ciencia.gob.es\/portal\/site\/MICINN\/\" target=\"_blank\" rel=\"noopener noreferrer\"><img decoding=\"async\" loading=\"lazy\" class=\"alignnone wp-image-3969 \" src=\"http:\/\/iriadacunha.com\/FundacionBBVA2015\/wp-content\/uploads\/2020\/08\/logo_proyecto_Generaci\u00f3n_Conocimiento_2018-1-300x76.png\" alt=\"\" width=\"387\" height=\"98\" srcset=\"https:\/\/iriadacunha.com\/FundacionBBVA2015\/wp-content\/uploads\/2020\/08\/logo_proyecto_Generaci\u00f3n_Conocimiento_2018-1-300x76.png 300w, https:\/\/iriadacunha.com\/FundacionBBVA2015\/wp-content\/uploads\/2020\/08\/logo_proyecto_Generaci\u00f3n_Conocimiento_2018-1-768x194.png 768w, https:\/\/iriadacunha.com\/FundacionBBVA2015\/wp-content\/uploads\/2020\/08\/logo_proyecto_Generaci\u00f3n_Conocimiento_2018-1.png 788w\" sizes=\"(max-width: 387px) 100vw, 387px\" \/><br \/>\n<\/a>This project has been funded by the 2018 call \u201cProyectos I+D del Subprograma Estatal de Generaci\u00f3n de Conocimiento\u201d (Ministry of Science, Innovation\u00a0and Universities, Spain).<\/p>\n<p>Budget:\u00a027.830 euros +\u00a0<a href=\"http:\/\/iriadacunha.com\/FundacionBBVA2015\/wp-content\/uploads\/2020\/08\/Resolucion_Concesion_Predoc_2019.pdf\" target=\"_blank\" rel=\"noopener noreferrer\">1 FPI predoctoral contract<\/a> (98.250 euros).<\/p>\n<h6><strong><span style=\"color: #1e1e9c;\">Aims and methodology<\/span><\/strong><\/h6>\n<p>The\u00a0<strong>main aim\u00a0<\/strong><strong>of this project<\/strong>\u00a0is to develop an online ICT tool to help\u00a0public employees to write\u00a0administrative texts in Spanish. Our motivation is to contribute to the goal of citizens receiving texts written in plain language.<\/p>\n<p>To achieve the main aim, three <strong>specific objectives<\/strong> have been set:<\/p>\n<p>SPECIFIC OBJECTIVE 1: Investigate the possibilities that Natural Language Processing (NLP) offers to automatically detect linguistic phenomena that\u00a0are not in line with the\u00a0plain language recommendations for\u00a0administrative texts.<\/p>\n<p>SPECIFIC OBJECTIVE\u00a02: Analyse and systematize the prototypical linguistic features of some specific textual genres in the Administration domain.<\/p>\n<p>SPECIFIC OBJECTIVE\u00a03: Design and implement an ICT tool to improve written communication between the Administration and the general public in the context of e-Administration. Specifically, this tool will be integrated into the technological infrastructure of the <a href=\"http:\/\/sistema-artext.com\/\" target=\"_blank\" rel=\"noopener noreferrer\">arText system<\/a>. Thus, this system will offer a new function: to help public employees to write texts addressed to the general public\u00a0in plain language.<\/p>\n<table width=\"0\">\n<tbody>\n<tr>\n<td colspan=\"4\" width=\"620\">\n<p style=\"text-align: center;\"><strong>METHODOLOGY<\/strong><\/p>\n<\/td>\n<\/tr>\n<tr>\n<td width=\"155\">STAGE 1<\/td>\n<td width=\"154\">STAGE 2<\/td>\n<td width=\"155\">STAGE 3<\/td>\n<td width=\"156\">STAGE 4<\/td>\n<\/tr>\n<tr>\n<td width=\"155\">Analysis of recommendations for plain language in Spanish.<\/td>\n<td width=\"154\">Design and implementation of the ICT tool into arText.<\/td>\n<td width=\"155\">Evaluation of the tool.<\/td>\n<td width=\"156\">Tool dissemination.<\/td>\n<\/tr>\n<\/tbody>\n<\/table>\n<p>In stage 1, the following bibliographical references have been taken into account:<\/p>\n<p style=\"padding-left: 30px;\">Carretero, Cristina. (2019).\u00a0<em>Comunicaci\u00f3n para juristas.\u00a0<\/em>Valencia: Tirant lo Blanch.<\/p>\n<p style=\"padding-left: 30px;\">Carretero, Cristina; P\u00e9rez, Jorge M.; Lanne-Lenne, Luis; de los Reyes, Gema. (2017).\u00a0<a href=\"https:\/\/repositorio.comillas.edu\/jspui\/retrieve\/73454\/GUIA%20DEF%20LENGUAJE%20CLARO.PDF\" target=\"_blank\" rel=\"noopener noreferrer\"><em>L<\/em><\/a><em><a href=\"https:\/\/repositorio.comillas.edu\/jspui\/retrieve\/73454\/GUIA%20DEF%20LENGUAJE%20CLARO.PDF\" target=\"_blank\" rel=\"noopener noreferrer\">enguaje Claro. Comprender y hacernos entender<\/a>.<\/em>\u00a0Sevilla, Madrid: Instituto de Lectura F\u00e1cil y Clarity.<\/p>\n<p style=\"padding-left: 30px;\">Comisi\u00f3n Europea. (2015).\u00a0<em><a href=\"http:\/\/publications.europa.eu\/resource\/cellar\/725b7eb0-d92e-11e5-8fea-01aa75ed71a1.0007.03\/DOC_1\" target=\"_blank\" rel=\"noopener noreferrer\">C\u00f3mo escribir con claridad<\/a>.\u00a0<\/em>Luxemburgo: Oficina de Publicaciones de la Uni\u00f3n Europea.<\/p>\n<p style=\"padding-left: 30px;\">Jim\u00e9nez Y\u00e1\u00f1ez, Ricardo M. (2016).\u00a0<em>Escribir bien es de justicia.<\/em>\u00a0Cizur Menor: Aranzadi.<\/p>\n<p style=\"padding-left: 30px;\">Ministerio de Justicia. (2011).\u00a0<em><a href=\"https:\/\/www.administraciondejusticia.gob.es\/paj\/publico\/pagaj\/Pagina1Columna1Fila\/!ut\/p\/c4\/04_SB8K8xLLM9MSSzPy8xBz9CP0os3hjL0MjCydDRwN3k0AzA8cgI0sTRwsnIwMLA_3g5ET9gmxHRQBlGVMk\/?itemId=240035\" target=\"_blank\" rel=\"noopener noreferrer\">Informe de la Comisi\u00f3n de modernizaci\u00f3n del lenguaje jur\u00eddico<\/a>.<\/em>\u00a0Madrid: Ministerio de Justicia.<\/p>\n<p style=\"padding-left: 30px;\">Montol\u00edo, Estrella; Tasc\u00f3n, Mario. (2017).\u00a0<em><a href=\"https:\/\/www.madrid.es\/UnidadesDescentralizadas\/Calidad\/LenguajeClaro\/ComunicacionClara\/Documentos\/GuiaPracticaCClara.pdf\" target=\"_blank\" rel=\"noopener noreferrer\">Comunicaci\u00f3n Clara. Gu\u00eda Pr\u00e1ctica<\/a>.\u00a0<\/em>Madrid: Ayuntamiento de Madrid.<\/p>\n<p style=\"padding-left: 30px;\">Vilches, Fernando; Sarmiento, Ram\u00f3n. (2010).\u00a0<em>Manual de lenguaje Jur\u00eddico-Administrativo.\u00a0<\/em>Madrid: Dykinson.<\/p>\n<h6><span style=\"color: #333399;\">RESULTS\u00a0<\/span><\/h6>\n<p>As a result of stage 2, we have created <a href=\"http:\/\/sistema-artext.com\/\" target=\"_blank\" rel=\"noopener noreferrer\"><strong>arText claro<\/strong><\/a>, the first assisted writing system that helps to produce texts in plain language in Spanish. Currently, this system helps Public Administration staff to write\u00a0texts addressed to the general public in plain language.<\/p>\n<p><a href=\"http:\/\/iriadacunha.com\/FundacionBBVA2015\/wp-content\/uploads\/2016\/03\/logo_artext_claro-1.png\" target=\"_blank\" rel=\"attachment noopener wp-att-1725 noreferrer\"><img decoding=\"async\" loading=\"lazy\" class=\"alignnone wp-image-1725\" src=\"http:\/\/iriadacunha.com\/FundacionBBVA2015\/wp-content\/uploads\/2016\/03\/logo_artext_claro-1-300x169.png\" alt=\"logo_artext_claro\" width=\"125\" height=\"70\" srcset=\"https:\/\/iriadacunha.com\/FundacionBBVA2015\/wp-content\/uploads\/2016\/03\/logo_artext_claro-1-300x169.png 300w, https:\/\/iriadacunha.com\/FundacionBBVA2015\/wp-content\/uploads\/2016\/03\/logo_artext_claro-1.png 480w\" sizes=\"(max-width: 125px) 100vw, 125px\" \/><\/a><\/p>\n<h6><strong><span style=\"color: #1e1e9c;\">Team<\/span><\/strong><\/h6>\n<ul>\n<li><a href=\"http:\/\/iriadacunha.com\/\" target=\"_blank\" rel=\"noopener noreferrer\">Iria da Cunha<\/a>\u00a0(director) (UNED)<\/li>\n<li><a href=\"https:\/\/www.uned.es\/universidad\/docentes\/filologia\/m-angeles-escobar-alvarez.html\" target=\"_blank\" rel=\"noopener noreferrer\">M. \u00c1ngeles Escobar<\/a>\u00a0(UNED)<\/li>\n<li><a href=\"https:\/\/www.uned.es\/universidad\/docentes\/filologia\/eva-samaniego-fernandez.html\" target=\"_blank\" rel=\"noopener noreferrer\">Eva Samaniego<\/a>\u00a0(UNED)<\/li>\n<li><a href=\"https:\/\/www.uned.es\/universidad\/docentes\/derecho\/susana-vinuales-ferreiro.html\" target=\"_blank\" rel=\"noopener noreferrer\">Susana Vi\u00f1uales<\/a>\u00a0(UNED)<\/li>\n<li><a href=\"https:\/\/www.uned.es\/universidad\/docentes\/filologia\/sara-pistola-grille.html\" target=\"_blank\" rel=\"noopener noreferrer\">Sara Pistola<\/a> (FPI grant linked to the project)\u00a0(UNED)<\/li>\n<li><a href=\"https:\/\/www.uam.es\/ss\/Satellite\/FProfesorado\/es\/1242658451006\/1242657196008\/persona\/detallePDI\/Nunez_Cortes,_Juan_Antonio.htm\" target=\"_blank\" rel=\"noopener noreferrer\">Juan-Antonio N\u00fa\u00f1ez<\/a>\u00a0(Universidad Aut\u00f3noma de Madrid)<\/li>\n<li><a href=\"https:\/\/www.researchgate.net\/profile\/M_Amor_Montane\" target=\"_blank\" rel=\"noopener noreferrer\">M. Amor Montan\u00e9<\/a>\u00a0(Universitat Pompeu Fabra)<\/li>\n<li><a href=\"https:\/\/www.sfu.ca\/~mtaboada\/\" target=\"_blank\" rel=\"noopener noreferrer\">Maite Taboada<\/a>\u00a0(Simon Fraser University)<\/li>\n<li><a href=\"https:\/\/www.iingen.unam.mx\/es-mx\/Investigacion\/Academicos\/Paginas\/GSierraM.aspx\" target=\"_blank\" rel=\"noopener noreferrer\">Gerardo Sierra<\/a>\u00a0(Universidad Nacional Aut\u00f3noma de M\u00e9xico)<\/li>\n<li>Luis Hysa<\/li>\n<\/ul>\n<h6><strong><span style=\"color: #1e1e9c;\">Collaborating entities<\/span><\/strong><\/h6>\n<p><a href=\"https:\/\/www.upf.edu\/es\/web\/iulaterm\" target=\"_blank\" rel=\"noopener noreferrer\"><img decoding=\"async\" loading=\"lazy\" class=\"alignnone wp-image-913\" src=\"http:\/\/iriadacunha.com\/FundacionBBVA2015\/wp-content\/uploads\/2020\/08\/iulaterm.png\" alt=\"iulaterm\" width=\"189\" height=\"62\" \/><\/a><\/p>\n<p><a href=\"https:\/\/www.madrid.es\/portal\/site\/munimadrid\" target=\"_blank\" rel=\"noopener noreferrer\"><img decoding=\"async\" loading=\"lazy\" class=\"alignleft wp-image-2058\" src=\"http:\/\/iriadacunha.com\/FundacionBBVA2015\/wp-content\/uploads\/2020\/08\/logo-ayuntamiento-madrid-1.png\" alt=\"logo-ayuntamiento-madrid\" width=\"142\" height=\"158\" srcset=\"https:\/\/iriadacunha.com\/FundacionBBVA2015\/wp-content\/uploads\/2020\/08\/logo-ayuntamiento-madrid-1.png 852w, https:\/\/iriadacunha.com\/FundacionBBVA2015\/wp-content\/uploads\/2020\/08\/logo-ayuntamiento-madrid-1-270x300.png 270w, https:\/\/iriadacunha.com\/FundacionBBVA2015\/wp-content\/uploads\/2020\/08\/logo-ayuntamiento-madrid-1-768x855.png 768w, https:\/\/iriadacunha.com\/FundacionBBVA2015\/wp-content\/uploads\/2020\/08\/logo-ayuntamiento-madrid-1-342x380.png 342w\" sizes=\"(max-width: 142px) 100vw, 142px\" \/><\/a><\/p>\n<h6><strong><span style=\"color: #1e1e9c;\">Scientific production<\/span><\/strong><\/h6>\n<p>Click <a href=\"http:\/\/iriadacunha.com\/FundacionBBVA2015\/en\/publications\/\" target=\"_blank\" rel=\"noopener noreferrer\">here<\/a>.<\/p>\n<h6><strong><span style=\"color: #1e1e9c;\">News<\/span><\/strong><\/h6>\n<p>Click <a href=\"http:\/\/iriadacunha.com\/FundacionBBVA2015\/en\/news\/\" target=\"_blank\" rel=\"noopener noreferrer\">here<\/a>.<\/p>\n","protected":false},"excerpt":{"rendered":"<p>Information and Communication Technologies for the e-Administration: towards the improvement of the communication between Administration and citizenship by means of plain language [TIC-eADMIN] (PGC2018-099694-A-I00) Research project developed at\u00a0Departamento de Filolog\u00edas Extranjeras y sus Ling\u00fc\u00edsticas\u00a0from the\u00a0Facultad de Filolog\u00eda\u00a0in\u00a0Universidad Nacional de Educaci\u00f3n a Distancia (UNED), in the framework of the\u00a0\u00a0ACTUALing\u00a0research group, with the collaboration of the\u00a0IULATERM\u00a0group\u00a0. \u00a0\u00a0 &hellip; <a href=\"https:\/\/iriadacunha.com\/FundacionBBVA2015\/en\/ministry2019-2022\/\" class=\"more-link\">Seguir leyendo <span class=\"screen-reader-text\">Ministry of Science, Research and Universities 2019-2022<\/span><\/a><\/p>\n","protected":false},"author":1,"featured_media":0,"parent":0,"menu_order":0,"comment_status":"closed","ping_status":"closed","template":"","meta":{"footnotes":""},"_links":{"self":[{"href":"https:\/\/iriadacunha.com\/FundacionBBVA2015\/wp-json\/wp\/v2\/pages\/865"}],"collection":[{"href":"https:\/\/iriadacunha.com\/FundacionBBVA2015\/wp-json\/wp\/v2\/pages"}],"about":[{"href":"https:\/\/iriadacunha.com\/FundacionBBVA2015\/wp-json\/wp\/v2\/types\/page"}],"author":[{"embeddable":true,"href":"https:\/\/iriadacunha.com\/FundacionBBVA2015\/wp-json\/wp\/v2\/users\/1"}],"replies":[{"embeddable":true,"href":"https:\/\/iriadacunha.com\/FundacionBBVA2015\/wp-json\/wp\/v2\/comments?post=865"}],"version-history":[{"count":41,"href":"https:\/\/iriadacunha.com\/FundacionBBVA2015\/wp-json\/wp\/v2\/pages\/865\/revisions"}],"predecessor-version":[{"id":4099,"href":"https:\/\/iriadacunha.com\/FundacionBBVA2015\/wp-json\/wp\/v2\/pages\/865\/revisions\/4099"}],"wp:attachment":[{"href":"https:\/\/iriadacunha.com\/FundacionBBVA2015\/wp-json\/wp\/v2\/media?parent=865"}],"curies":[{"name":"wp","href":"https:\/\/api.w.org\/{rel}","templated":true}]}}